{"id":5278,"date":"2026-04-23T22:52:56","date_gmt":"2026-04-23T20:52:56","guid":{"rendered":"http:\/\/localhost\/borrador\/?post_type=product&#038;p=5278"},"modified":"2026-05-06T18:37:44","modified_gmt":"2026-05-06T23:37:44","slug":"mascarilla-bls-classic-128-bw-libus","status":"publish","type":"product","link":"https:\/\/valesafety.com.pe\/?product=mascarilla-bls-classic-128-bw-libus","title":{"rendered":"Mascarilla BLS Classic 128 BW Libus"},"content":{"rendered":"<h3>Mascarilla BLS Classic 128 BW Libus<\/h3>\n<ul>\n<li><strong>Dise\u00f1o de copa:\u00a0<\/strong>Se adapta f\u00e1cilmente a diferentes tipos de rostro, lo que garantiza un ajuste excelente, un amplio campo de visi\u00f3n y una alta compatibilidad con gafas graduadas o protecci\u00f3n ocular (EPI).<\/li>\n<li><strong>Clip Nasal:<\/strong>\u00a0Situado entre dos capas internas, evita el contacto directo con el rostro, la oxidaci\u00f3n y la acumulaci\u00f3n de suciedad.<\/li>\n<li><strong>FFP2 R D<\/strong><\/li>\n<\/ul>\n<p>Necesitas m\u00e1s productos encu\u00e9ntralos en nuestra <a href=\"https:\/\/valesafety.com.pe\/tienda\">tienda .<\/a><\/p>\n<p>Para m\u00e1s informaci\u00f3n sobre este y otros productos, no dudes en contactarnos por\u00a0<a href=\"http:\/\/wa.me\/977762682\" target=\"_blank\" rel=\"noopener\">WhatsApp<\/a>.<\/p>\n","protected":false},"excerpt":{"rendered":"<p>La\u00a0 Mascarilla BLS Classic 128 BWcon su dise\u00f1o ergon\u00f3mico no solo asegura un sellado perfecto en cualquier tipo de rostro, sino que tambi\u00e9n maximiza la visi\u00f3n perif\u00e9rica y permite usar gafas de seguridad o de aumento sin molestias<\/p>\n","protected":false},"featured_media":5310,"comment_status":"closed","ping_status":"closed","template":"","meta":{"_acf_changed":false},"product_brand":[31],"product_cat":[99,62],"product_tag":[379],"class_list":{"0":"post-5278","1":"product","2":"type-product","3":"status-publish","4":"has-post-thumbnail","6":"product_brand-libus","7":"product_cat-mascarillas","8":"product_cat-proteccion-respiratoria","9":"product_tag-distribuidor-libus","11":"first","12":"instock","13":"shipping-taxable","14":"purchasable","15":"product-type-simple"},"acf":[],"_links":{"self":[{"href":"https:\/\/valesafety.com.pe\/index.php?rest_route=\/wp\/v2\/product\/5278","targetHints":{"allow":["GET"]}}],"collection":[{"href":"https:\/\/valesafety.com.pe\/index.php?rest_route=\/wp\/v2\/product"}],"about":[{"href":"https:\/\/valesafety.com.pe\/index.php?rest_route=\/wp\/v2\/types\/product"}],"replies":[{"embeddable":true,"href":"https:\/\/valesafety.com.pe\/index.php?rest_route=%2Fwp%2Fv2%2Fcomments&post=5278"}],"wp:featuredmedia":[{"embeddable":true,"href":"https:\/\/valesafety.com.pe\/index.php?rest_route=\/wp\/v2\/media\/5310"}],"wp:attachment":[{"href":"https:\/\/valesafety.com.pe\/index.php?rest_route=%2Fwp%2Fv2%2Fmedia&parent=5278"}],"wp:term":[{"taxonomy":"product_brand","embeddable":true,"href":"https:\/\/valesafety.com.pe\/index.php?rest_route=%2Fwp%2Fv2%2Fproduct_brand&post=5278"},{"taxonomy":"product_cat","embeddable":true,"href":"https:\/\/valesafety.com.pe\/index.php?rest_route=%2Fwp%2Fv2%2Fproduct_cat&post=5278"},{"taxonomy":"product_tag","embeddable":true,"href":"https:\/\/valesafety.com.pe\/index.php?rest_route=%2Fwp%2Fv2%2Fproduct_tag&post=5278"}],"curies":[{"name":"wp","href":"https:\/\/api.w.org\/{rel}","templated":true}]}}