{"id":5277,"date":"2026-04-23T22:52:55","date_gmt":"2026-04-23T20:52:55","guid":{"rendered":"http:\/\/localhost\/borrador\/?post_type=product&#038;p=5277"},"modified":"2026-05-06T12:19:49","modified_gmt":"2026-05-06T17:19:49","slug":"barbiquejo-de-4-puntas-libus","status":"publish","type":"product","link":"https:\/\/valesafety.com.pe\/?product=barbiquejo-de-4-puntas-libus","title":{"rendered":"Barbiquejo de 4 puntas Libus"},"content":{"rendered":"<h3>Barbiquejo de 4 puntas Libus<\/h3>\n<ul>\n<li data-path-to-node=\"11,0,0\"><b data-path-to-node=\"11,0,0\" data-index-in-node=\"0\">Anclaje de 4 puntos:<\/b> Proporciona un ajuste superior y evita que el casco se incline hacia adelante o hacia atr\u00e1s.<\/li>\n<li data-path-to-node=\"11,1,0\"><b data-path-to-node=\"11,1,0\" data-index-in-node=\"0\">Mentonera de silicona\/pl\u00e1stica:<\/b> Dise\u00f1ada para un ajuste c\u00f3modo al ment\u00f3n sin causar irritaciones, mejorando la fijaci\u00f3n.<\/li>\n<li data-path-to-node=\"11,2,0\"><b data-path-to-node=\"11,2,0\" data-index-in-node=\"0\">Material el\u00e1stico de alta resistencia:<\/b> Cinta textil lavable y duradera.<\/li>\n<li data-path-to-node=\"11,3,0\"><b data-path-to-node=\"11,3,0\" data-index-in-node=\"0\">Compatibilidad:<\/b> Dise\u00f1ado espec\u00edficamente para integrarse perfectamente con los cascos Libus (Serie Milenium).<\/li>\n<li data-path-to-node=\"11,4,0\"><b data-path-to-node=\"11,4,0\" data-index-in-node=\"0\">Regulaci\u00f3n r\u00e1pida:<\/b> Hebillas de ajuste que permiten adaptar la tensi\u00f3n de forma sencilla incluso con guantes.<\/li>\n<li data-path-to-node=\"11,5,0\"><b data-path-to-node=\"11,5,0\" data-index-in-node=\"0\">Sin piezas met\u00e1licas:<\/b> Ideal para entornos con riesgos el\u00e9ctricos (diel\u00e9ctrico).<\/li>\n<\/ul>\n<p>Necesitas m\u00e1s productos encu\u00e9ntralos en nuestra <a href=\"https:\/\/valesafety.com.pe\/tienda\">tienda .<\/a><\/p>\n<p>Para m\u00e1s informaci\u00f3n sobre este y otros productos, no dudes en contactarnos por\u00a0<a href=\"http:\/\/wa.me\/977762682\" target=\"_blank\" rel=\"noopener\">WhatsApp<\/a>.<\/p>\n","protected":false},"excerpt":{"rendered":"<p>Aumenta la estabilidad de tu casco con el barbiquejo de 4 puntas Libus. Dise\u00f1ado para evitar la ca\u00edda del casco en caso de impactos o movimientos bruscos, es el complemento esencial para trabajos en altura y protecci\u00f3n industrial exigente.<\/p>\n","protected":false},"featured_media":5309,"comment_status":"closed","ping_status":"closed","template":"","meta":{"_acf_changed":false},"product_brand":[31],"product_cat":[72,46],"product_tag":[620,379,363],"class_list":{"0":"post-5277","1":"product","2":"type-product","3":"status-publish","4":"has-post-thumbnail","6":"product_brand-libus","7":"product_cat-barbiquejo","8":"product_cat-casco-de-seguridad","9":"product_tag-barbiquejo-libus","10":"product_tag-distribuidor-libus","11":"product_tag-libus","13":"first","14":"instock","15":"shipping-taxable","16":"purchasable","17":"product-type-simple"},"acf":[],"_links":{"self":[{"href":"https:\/\/valesafety.com.pe\/index.php?rest_route=\/wp\/v2\/product\/5277","targetHints":{"allow":["GET"]}}],"collection":[{"href":"https:\/\/valesafety.com.pe\/index.php?rest_route=\/wp\/v2\/product"}],"about":[{"href":"https:\/\/valesafety.com.pe\/index.php?rest_route=\/wp\/v2\/types\/product"}],"replies":[{"embeddable":true,"href":"https:\/\/valesafety.com.pe\/index.php?rest_route=%2Fwp%2Fv2%2Fcomments&post=5277"}],"wp:featuredmedia":[{"embeddable":true,"href":"https:\/\/valesafety.com.pe\/index.php?rest_route=\/wp\/v2\/media\/5309"}],"wp:attachment":[{"href":"https:\/\/valesafety.com.pe\/index.php?rest_route=%2Fwp%2Fv2%2Fmedia&parent=5277"}],"wp:term":[{"taxonomy":"product_brand","embeddable":true,"href":"https:\/\/valesafety.com.pe\/index.php?rest_route=%2Fwp%2Fv2%2Fproduct_brand&post=5277"},{"taxonomy":"product_cat","embeddable":true,"href":"https:\/\/valesafety.com.pe\/index.php?rest_route=%2Fwp%2Fv2%2Fproduct_cat&post=5277"},{"taxonomy":"product_tag","embeddable":true,"href":"https:\/\/valesafety.com.pe\/index.php?rest_route=%2Fwp%2Fv2%2Fproduct_tag&post=5277"}],"curies":[{"name":"wp","href":"https:\/\/api.w.org\/{rel}","templated":true}]}}