{"id":5273,"date":"2026-04-23T22:52:54","date_gmt":"2026-04-23T20:52:54","guid":{"rendered":"http:\/\/localhost\/borrador\/?post_type=product&#038;p=5273"},"modified":"2026-05-06T14:34:45","modified_gmt":"2026-05-06T19:34:45","slug":"capotin-de-pvc-naranja-segpro","status":"publish","type":"product","link":"https:\/\/valesafety.com.pe\/?product=capotin-de-pvc-naranja-segpro","title":{"rendered":"Capotin de PVC Naranja Segpro"},"content":{"rendered":"<h2><strong>Capotin de PVC Naranja Segpro<\/strong><\/h2>\n<ul>\n<li><strong>Espesor:<\/strong>\u00a00.32 mm<\/li>\n<li><strong>Dise\u00f1o:<\/strong>\u00a0Ergon\u00f3mico, cuenta con capucha para protecci\u00f3n de la cabeza , una cinta reflectiva de 19.5 cm. x 2 cm. y broches para evitar el ingreso de agua.<\/li>\n<li><strong>Material:<\/strong>\u00a0Poliester, PVC, costuras termo selladas y botones.<\/li>\n<li><strong>Garant\u00eda:<\/strong>\u00a006 meses por fallas de fabricaci\u00f3n.<\/li>\n<li><strong>Almacenamiento:<\/strong> Se recomienda almacenar en lugares que no est\u00e9n expuestos a la luz solar. Mantener en empaque y libre de exposici\u00f3n a riesgos qu\u00edmicos, biol\u00f3gicos o f\u00edsicos como: humedad, polvo, cambios.<\/li>\n<li><strong style=\"font-size: 16px;\">Mantenimiento:<\/strong><span style=\"font-size: 16px;\">\u00a0Se recomienda limpiar con agua, jab\u00f3n y secar al viento o con pa\u00f1o limpio. No utilizar l\u00edquidos corrosivos como alcohol, cloro, etc.<\/span><\/li>\n<\/ul>\n<div class=\"section group\">\n<div class=\"col span_2_of_4\"><\/div>\n<\/div>\n<p>Necesitas m\u00e1s productos encu\u00e9ntralos en nuestra <a href=\"https:\/\/valesafety.com.pe\/tienda\">tienda .<\/a><\/p>\n<p>Para m\u00e1s informaci\u00f3n sobre este y otros productos, no dudes en contactarnos por\u00a0<a href=\"http:\/\/wa.me\/977762682\" target=\"_blank\" rel=\"noopener\">WhatsApp<\/a>.<\/p>\n","protected":false},"excerpt":{"rendered":"<p><span class=\"a_GcMg font-feature-liga-off font-feature-clig-off font-feature-calt-off text-decoration-none text-strikethrough-none\">El Capotin de PVC Naranja de la marca Segpro de alta resistencia para ser usado en lugares donde haya presencia de lluvias o cualquier tipo de salpicadura de l\u00edquidos.<\/span><\/p>\n","protected":false},"featured_media":5305,"comment_status":"closed","ping_status":"closed","template":"","meta":{"_acf_changed":false},"product_brand":[35],"product_cat":[57],"product_tag":[617,515,338],"class_list":{"0":"post-5273","1":"product","2":"type-product","3":"status-publish","4":"has-post-thumbnail","6":"product_brand-segpro","7":"product_cat-proteccion-corporal","8":"product_tag-capotin-segpro","9":"product_tag-distribuidor-segpro","10":"product_tag-segpro","12":"first","13":"instock","14":"shipping-taxable","15":"purchasable","16":"product-type-simple"},"acf":[],"_links":{"self":[{"href":"https:\/\/valesafety.com.pe\/index.php?rest_route=\/wp\/v2\/product\/5273","targetHints":{"allow":["GET"]}}],"collection":[{"href":"https:\/\/valesafety.com.pe\/index.php?rest_route=\/wp\/v2\/product"}],"about":[{"href":"https:\/\/valesafety.com.pe\/index.php?rest_route=\/wp\/v2\/types\/product"}],"replies":[{"embeddable":true,"href":"https:\/\/valesafety.com.pe\/index.php?rest_route=%2Fwp%2Fv2%2Fcomments&post=5273"}],"wp:featuredmedia":[{"embeddable":true,"href":"https:\/\/valesafety.com.pe\/index.php?rest_route=\/wp\/v2\/media\/5305"}],"wp:attachment":[{"href":"https:\/\/valesafety.com.pe\/index.php?rest_route=%2Fwp%2Fv2%2Fmedia&parent=5273"}],"wp:term":[{"taxonomy":"product_brand","embeddable":true,"href":"https:\/\/valesafety.com.pe\/index.php?rest_route=%2Fwp%2Fv2%2Fproduct_brand&post=5273"},{"taxonomy":"product_cat","embeddable":true,"href":"https:\/\/valesafety.com.pe\/index.php?rest_route=%2Fwp%2Fv2%2Fproduct_cat&post=5273"},{"taxonomy":"product_tag","embeddable":true,"href":"https:\/\/valesafety.com.pe\/index.php?rest_route=%2Fwp%2Fv2%2Fproduct_tag&post=5273"}],"curies":[{"name":"wp","href":"https:\/\/api.w.org\/{rel}","templated":true}]}}