{"id":5272,"date":"2026-04-23T22:52:54","date_gmt":"2026-04-23T20:52:54","guid":{"rendered":"http:\/\/localhost\/borrador\/?post_type=product&#038;p=5272"},"modified":"2026-05-06T17:23:49","modified_gmt":"2026-05-06T22:23:49","slug":"lente-eco-soft-claro-libus","status":"publish","type":"product","link":"https:\/\/valesafety.com.pe\/?product=lente-eco-soft-claro-libus","title":{"rendered":"Lente Eco Soft Claro Libus"},"content":{"rendered":"<h2>Lente Eco Soft Claro Libus<\/h2>\n<ul>\n<li>Dise\u00f1ado para proteger el ojo contra golpes impacto de part\u00edculas polvo y chispas.<\/li>\n<li>Filtro UV.<\/li>\n<li>Lente de policarbonato.<\/li>\n<li>Incoloro: uso general.<\/li>\n<li>Anti-empa\u00f1o (AF): pel\u00edcula resistente a la condensaci\u00f3n de humedad sobre el lente.<\/li>\n<li>Gracias a la pel\u00edcula anti-empa\u00f1o que el lente posee es m\u00e1s resistente a las rayaduras<\/li>\n<li>Dise\u00f1o ojo de gato cl\u00e1sico elegante y econ\u00f3mico. Su radio de curvatura y las patillas siguiendo la<br \/>\nl\u00ednea logran un calce perfecto a la cara y visi\u00f3n panor\u00e1mica.<\/li>\n<li>Protecci\u00f3n frontal y lateral.<\/li>\n<li>Tornillo de acero inoxidable.<\/li>\n<\/ul>\n<p>CERTIFICACIONES:<\/p>\n<ul>\n<li>EN166<\/li>\n<\/ul>\n<p>Necesitas m\u00e1s productos encu\u00e9ntralos en nuestra <a href=\"https:\/\/valesafety.com.pe\/tienda\">tienda .<\/a><\/p>\n<p>Para m\u00e1s informaci\u00f3n sobre este y otros productos, no dudes en contactarnos por\u00a0<a href=\"http:\/\/wa.me\/977762682\" target=\"_blank\" rel=\"noopener\">WhatsApp<\/a>.<\/p>\n","protected":false},"excerpt":{"rendered":"<p>El Lente Eco Soft Claro Libus es un dispositivo de seguridad ocular dise\u00f1ado espec\u00edficamente para ofrecer una protecci\u00f3n visual \u00f3ptima en entornos industriales. Su fabricaci\u00f3n en policarbonato de alta resistencia garantiza una defensa eficaz contra impactos de part\u00edculas, mientras que su capacidad para filtrar rayos UV lo convierte en una opci\u00f3n ideal para trabajos en interiores o \u00e1reas bien iluminadas. Adem\u00e1s, su dise\u00f1o ligero y c\u00f3modo lo hace apto para su uso prolongado, asegurando as\u00ed la m\u00e1xima comodidad del usuario durante la jornada laboral.<\/p>\n","protected":false},"featured_media":5304,"comment_status":"closed","ping_status":"closed","template":"","meta":{"_acf_changed":false},"product_brand":[31],"product_cat":[103,65],"product_tag":[379,616],"class_list":{"0":"post-5272","1":"product","2":"type-product","3":"status-publish","4":"has-post-thumbnail","6":"product_brand-libus","7":"product_cat-anteojos-de-seguridad","8":"product_cat-proteccion-visual","9":"product_tag-distribuidor-libus","10":"product_tag-lentes-libus","12":"first","13":"instock","14":"shipping-taxable","15":"purchasable","16":"product-type-simple"},"acf":[],"_links":{"self":[{"href":"https:\/\/valesafety.com.pe\/index.php?rest_route=\/wp\/v2\/product\/5272","targetHints":{"allow":["GET"]}}],"collection":[{"href":"https:\/\/valesafety.com.pe\/index.php?rest_route=\/wp\/v2\/product"}],"about":[{"href":"https:\/\/valesafety.com.pe\/index.php?rest_route=\/wp\/v2\/types\/product"}],"replies":[{"embeddable":true,"href":"https:\/\/valesafety.com.pe\/index.php?rest_route=%2Fwp%2Fv2%2Fcomments&post=5272"}],"wp:featuredmedia":[{"embeddable":true,"href":"https:\/\/valesafety.com.pe\/index.php?rest_route=\/wp\/v2\/media\/5304"}],"wp:attachment":[{"href":"https:\/\/valesafety.com.pe\/index.php?rest_route=%2Fwp%2Fv2%2Fmedia&parent=5272"}],"wp:term":[{"taxonomy":"product_brand","embeddable":true,"href":"https:\/\/valesafety.com.pe\/index.php?rest_route=%2Fwp%2Fv2%2Fproduct_brand&post=5272"},{"taxonomy":"product_cat","embeddable":true,"href":"https:\/\/valesafety.com.pe\/index.php?rest_route=%2Fwp%2Fv2%2Fproduct_cat&post=5272"},{"taxonomy":"product_tag","embeddable":true,"href":"https:\/\/valesafety.com.pe\/index.php?rest_route=%2Fwp%2Fv2%2Fproduct_tag&post=5272"}],"curies":[{"name":"wp","href":"https:\/\/api.w.org\/{rel}","templated":true}]}}