{"id":5271,"date":"2026-04-23T22:52:54","date_gmt":"2026-04-23T20:52:54","guid":{"rendered":"http:\/\/localhost\/borrador\/?post_type=product&#038;p=5271"},"modified":"2026-05-06T16:45:56","modified_gmt":"2026-05-06T21:45:56","slug":"guante-nitron-segpro-nitripro","status":"publish","type":"product","link":"https:\/\/valesafety.com.pe\/?product=guante-nitron-segpro-nitripro","title":{"rendered":"Guante Nitron Segpro Nitripro"},"content":{"rendered":"<h2>Guante Nitron Segpro Nitripro<\/h2>\n<p><strong>Material:<\/strong> Nitrilo<br \/>\n<strong>Color:<\/strong> Azul<br \/>\n<strong>Tallas:<\/strong> M\/8 Y L\/9<br \/>\n<strong>Certificaciones y Cumplimiento de normas:<\/strong><br \/>\nEN 388:2003 Nivel de Protecci\u00f3n para Riesgos M\u00e9canicos.<br \/>\nEN 37-2 Resistencia a la penetraci\u00f3n y ausencia de agujeros<br \/>\nEN 37-3 Resistencia a la permeaci\u00f3n.<br \/>\nEN 420: 2003 + A1: 2009: Requisitos Grles. para Guantes y m\u00e9todos de ensayo.<br \/>\n4: Resistencia a la abrasi\u00f3n (de 0 a 4)<br \/>\n2: Resistencia al corte (de 0 a 5)<br \/>\n2: Resistencia al desgarro (de 0 a 4)<br \/>\n1: Resistencia a la perforaci\u00f3n (de 0 a 4)<\/p>\n<h3><strong>Caracter\u00edsticas:<\/strong><\/h3>\n<p><strong>Protecci\u00f3n:<\/strong> Contra sustancias qu\u00edmicas, grasas, aceites y derivados del petr\u00f3leo<br \/>\n<strong>Comodidad:<\/strong> Capa interior suave y pu\u00f1o tejido para mayor comodidad del usuario.<br \/>\n<strong>Acabado:<\/strong> Guante recubierto en nitrilo de color azul sobre forro de punto Jersey con capa interior suave y pu\u00f1o tejido de seguridad<\/p>\n<p><strong>APLICACIONES O USO:<\/strong><\/p>\n<p>Manipulaci\u00f3n de materiales de construcci\u00f3n, hormig\u00f3n, ladrillos, trabajos en la industria automotriz,<br \/>\nmanipulaci\u00f3n de barras de acero, chapas, latas y otros objetos met\u00e1licos, cables gruesos, industria<br \/>\nde gas y otros.<\/p>\n<p>Necesitas m\u00e1s productos encu\u00e9ntralos en nuestra <a href=\"https:\/\/valesafety.com.pe\/tienda\">tienda .<\/a><\/p>\n<p>Para m\u00e1s informaci\u00f3n sobre este y otros productos, no dudes en contactarnos por\u00a0<a href=\"http:\/\/wa.me\/977762682\" target=\"_blank\" rel=\"noopener\">WhatsApp<\/a>.<\/p>\n","protected":false},"excerpt":{"rendered":"<p>El Guante Nitron Segpro Nitripro recubierto en nitrilo color azul sobre forro de punto Jersey con capa interior suave y pu\u00f1o tejido de seguridad. No tiene costuras lo que hace de mayor resistencia ante agentes qu\u00edmicos, resistencia a la abrasi\u00f3n. Excelente agarre en seco. Muy resistente a la penetraci\u00f3n de grasas y<br \/>\naceites, no se deteriora como el cuero o algod\u00f3n<\/p>\n","protected":false},"featured_media":5303,"comment_status":"closed","ping_status":"closed","template":"","meta":{"_acf_changed":false},"product_brand":[35],"product_cat":[96,59],"product_tag":[515,614,615],"class_list":{"0":"post-5271","1":"product","2":"type-product","3":"status-publish","4":"has-post-thumbnail","6":"product_brand-segpro","7":"product_cat-guante-nitron","8":"product_cat-proteccion-de-las-manos","9":"product_tag-distribuidor-segpro","10":"product_tag-guante-nitron","11":"product_tag-guante-segpro","13":"first","14":"instock","15":"shipping-taxable","16":"purchasable","17":"product-type-simple"},"acf":[],"_links":{"self":[{"href":"https:\/\/valesafety.com.pe\/index.php?rest_route=\/wp\/v2\/product\/5271","targetHints":{"allow":["GET"]}}],"collection":[{"href":"https:\/\/valesafety.com.pe\/index.php?rest_route=\/wp\/v2\/product"}],"about":[{"href":"https:\/\/valesafety.com.pe\/index.php?rest_route=\/wp\/v2\/types\/product"}],"replies":[{"embeddable":true,"href":"https:\/\/valesafety.com.pe\/index.php?rest_route=%2Fwp%2Fv2%2Fcomments&post=5271"}],"wp:featuredmedia":[{"embeddable":true,"href":"https:\/\/valesafety.com.pe\/index.php?rest_route=\/wp\/v2\/media\/5303"}],"wp:attachment":[{"href":"https:\/\/valesafety.com.pe\/index.php?rest_route=%2Fwp%2Fv2%2Fmedia&parent=5271"}],"wp:term":[{"taxonomy":"product_brand","embeddable":true,"href":"https:\/\/valesafety.com.pe\/index.php?rest_route=%2Fwp%2Fv2%2Fproduct_brand&post=5271"},{"taxonomy":"product_cat","embeddable":true,"href":"https:\/\/valesafety.com.pe\/index.php?rest_route=%2Fwp%2Fv2%2Fproduct_cat&post=5271"},{"taxonomy":"product_tag","embeddable":true,"href":"https:\/\/valesafety.com.pe\/index.php?rest_route=%2Fwp%2Fv2%2Fproduct_tag&post=5271"}],"curies":[{"name":"wp","href":"https:\/\/api.w.org\/{rel}","templated":true}]}}