{"id":5257,"date":"2026-04-23T22:52:27","date_gmt":"2026-04-23T20:52:27","guid":{"rendered":"http:\/\/localhost\/borrador\/?post_type=product&#038;p=5257"},"modified":"2026-05-07T10:24:43","modified_gmt":"2026-05-07T15:24:43","slug":"respirador-full-face-bls-5700-c","status":"publish","type":"product","link":"https:\/\/valesafety.com.pe\/?product=respirador-full-face-bls-5700-c","title":{"rendered":"Respirador Full Face BLS 5700\/C"},"content":{"rendered":"<p>M\u00e1scara facial completa reutilizable para protecci\u00f3n respiratoria industrial<br data-start=\"279\" data-end=\"282\" \/>\u2022 Capucha anti\u00e1cido integrada que cubre cabeza, hombros y pecho<br data-start=\"345\" data-end=\"348\" \/>\u2022 Tejido de neopreno con acabado hypalon, resistente a \u00e1cidos, bases diluidas, aceites e hidrocarburos<br data-start=\"450\" data-end=\"453\" \/>\u2022 Cambio de color del tejido ante altas concentraciones de \u00e1cidos fuertes<br data-start=\"526\" data-end=\"529\" \/>\u2022 Sellado facial de silicona hipoalerg\u00e9nica, c\u00f3modo y duradero<br data-start=\"591\" data-end=\"594\" \/>\u2022 Media m\u00e1scara interior reemplazable fabricada en TPE blando indeformable<br data-start=\"668\" data-end=\"671\" \/>\u2022 Visor panor\u00e1mico de policarbonato con clase \u00f3ptica 1 (EN 166)<br data-start=\"734\" data-end=\"737\" \/>\u2022 Tratamiento antirrayaduras y amplio campo visual sin distorsi\u00f3n<br data-start=\"802\" data-end=\"805\" \/>\u2022 Sistema de control de flujo de aire antiempa\u00f1amiento<br data-start=\"859\" data-end=\"862\" \/>\u2022 Conexi\u00f3n bayoneta B-Lock para filtros BLS serie 200<br data-start=\"915\" data-end=\"918\" \/>\u2022 Compatible con filtros para gases, vapores y part\u00edculas<\/p>\n<p>Necesitas m\u00e1s productos encu\u00e9ntralos en nuestra <a href=\"https:\/\/valesafety.com.pe\/tienda\">tienda .<\/a><\/p>\n<p>Para m\u00e1s informaci\u00f3n sobre este y otros productos, no dudes en contactarnos por\u00a0<a href=\"http:\/\/wa.me\/977762682\" target=\"_blank\" rel=\"noopener\">WhatsApp<\/a>.<\/p>\n","protected":false},"excerpt":{"rendered":"<p data-start=\"216\" data-end=\"440\">La Respirador Full Face BLS 5700\/C \u00a0es una m\u00e1scara facial completa reutilizable dise\u00f1ada para brindar protecci\u00f3n respiratoria de alto nivel en entornos industriales con presencia de gases, vapores, part\u00edculas y agentes qu\u00edmicos agresivos.<\/p>\n","protected":false},"featured_media":5298,"comment_status":"closed","ping_status":"closed","template":"","meta":{"_acf_changed":false},"product_brand":[31],"product_cat":[62,100],"product_tag":[],"class_list":{"0":"post-5257","1":"product","2":"type-product","3":"status-publish","4":"has-post-thumbnail","6":"product_brand-libus","7":"product_cat-proteccion-respiratoria","8":"product_cat-respiradores","10":"first","11":"instock","12":"shipping-taxable","13":"purchasable","14":"product-type-simple"},"acf":[],"_links":{"self":[{"href":"https:\/\/valesafety.com.pe\/index.php?rest_route=\/wp\/v2\/product\/5257","targetHints":{"allow":["GET"]}}],"collection":[{"href":"https:\/\/valesafety.com.pe\/index.php?rest_route=\/wp\/v2\/product"}],"about":[{"href":"https:\/\/valesafety.com.pe\/index.php?rest_route=\/wp\/v2\/types\/product"}],"replies":[{"embeddable":true,"href":"https:\/\/valesafety.com.pe\/index.php?rest_route=%2Fwp%2Fv2%2Fcomments&post=5257"}],"wp:featuredmedia":[{"embeddable":true,"href":"https:\/\/valesafety.com.pe\/index.php?rest_route=\/wp\/v2\/media\/5298"}],"wp:attachment":[{"href":"https:\/\/valesafety.com.pe\/index.php?rest_route=%2Fwp%2Fv2%2Fmedia&parent=5257"}],"wp:term":[{"taxonomy":"product_brand","embeddable":true,"href":"https:\/\/valesafety.com.pe\/index.php?rest_route=%2Fwp%2Fv2%2Fproduct_brand&post=5257"},{"taxonomy":"product_cat","embeddable":true,"href":"https:\/\/valesafety.com.pe\/index.php?rest_route=%2Fwp%2Fv2%2Fproduct_cat&post=5257"},{"taxonomy":"product_tag","embeddable":true,"href":"https:\/\/valesafety.com.pe\/index.php?rest_route=%2Fwp%2Fv2%2Fproduct_tag&post=5257"}],"curies":[{"name":"wp","href":"https:\/\/api.w.org\/{rel}","templated":true}]}}