{"id":5256,"date":"2026-04-23T22:52:26","date_gmt":"2026-04-23T20:52:26","guid":{"rendered":"http:\/\/localhost\/borrador\/?post_type=product&#038;p=5256"},"modified":"2026-05-06T12:30:44","modified_gmt":"2026-05-06T17:30:44","slug":"bloque-retractil-6-metros-segpro-cable-acerado","status":"publish","type":"product","link":"https:\/\/valesafety.com.pe\/?product=bloque-retractil-6-metros-segpro-cable-acerado","title":{"rendered":"Bloque retr\u00e1ctil 6 metros Segpro Cable Acerado"},"content":{"rendered":"<ul>\n<li>Material de la carcasa: Fabricada en nylon reforzado.<\/li>\n<li>Cable de acero inoxidable de 5 mm (3\/16 in) de di\u00e1metro y de 6 mts (20 ft) de largo.<\/li>\n<li>Fuerza de detenci\u00f3n media: 1350lbs.<\/li>\n<li>Fuerza m\u00e1xima de detenci\u00f3n: 1800lbs m\u00e1x.<\/li>\n<li>Distancia de detenci\u00f3n: 0.60m. Cuando est\u00e1 anclado al anillo dorsal.<\/li>\n<li>Rango de capacidad, de peso en uso incluyendo ropa, herramientas y equipo: 130lbs \u2013 310 lbs.<\/li>\n<li>Incluye mosquet\u00f3n o carabinero de cierre autom\u00e1tico de \u00be en acero forjado y cabeza giratoria.<\/li>\n<li>Incluye pasador o cuerda de llamado.<\/li>\n<li>El gancho incluye indicador de impacto.<\/li>\n<\/ul>\n<p><strong>La garant\u00eda del fabricante cubre solo defectos de f\u00e1brica, no da\u00f1os por mal uso o uso inadecuado del trabajador.<\/strong><\/p>\n<p><strong>Registro de inspecci\u00f3n: Una persona autorizada debe inspeccionar el equipo peri\u00f3dicamente.<\/strong><\/p>\n<p>Necesitas m\u00e1s productos encu\u00e9ntralos en nuestra <a href=\"https:\/\/valesafety.com.pe\/tienda\">tienda .<\/a><\/p>\n<p>Para m\u00e1s informaci\u00f3n sobre este y otros productos, no dudes en contactarnos por\u00a0<a href=\"http:\/\/wa.me\/977762682\" target=\"_blank\" rel=\"noopener\">WhatsApp<\/a>.<\/p>\n","protected":false},"excerpt":{"rendered":"<p>El Bloque retr\u00e1ctil 6 metros Segpro es un dispositivo de seguridad para trabajos en altura, con un cable que se despliega y retrae autom\u00e1ticamente. Cuenta con un sistema de frenado que detiene r\u00e1pidamente las ca\u00eddas, protegiendo al trabajador. Ideal para aplicaciones que requieren movilidad y seguridad constante.<\/p>\n","protected":false},"featured_media":5297,"comment_status":"closed","ping_status":"closed","template":"","meta":{"_acf_changed":false},"product_brand":[35],"product_cat":[58],"product_tag":[490,515,338],"class_list":{"0":"post-5256","1":"product","2":"type-product","3":"status-publish","4":"has-post-thumbnail","6":"product_brand-segpro","7":"product_cat-proteccion-de-alturas","8":"product_tag-bloque-retractil-segpro","9":"product_tag-distribuidor-segpro","10":"product_tag-segpro","12":"first","13":"instock","14":"shipping-taxable","15":"purchasable","16":"product-type-simple"},"acf":[],"_links":{"self":[{"href":"https:\/\/valesafety.com.pe\/index.php?rest_route=\/wp\/v2\/product\/5256","targetHints":{"allow":["GET"]}}],"collection":[{"href":"https:\/\/valesafety.com.pe\/index.php?rest_route=\/wp\/v2\/product"}],"about":[{"href":"https:\/\/valesafety.com.pe\/index.php?rest_route=\/wp\/v2\/types\/product"}],"replies":[{"embeddable":true,"href":"https:\/\/valesafety.com.pe\/index.php?rest_route=%2Fwp%2Fv2%2Fcomments&post=5256"}],"wp:featuredmedia":[{"embeddable":true,"href":"https:\/\/valesafety.com.pe\/index.php?rest_route=\/wp\/v2\/media\/5297"}],"wp:attachment":[{"href":"https:\/\/valesafety.com.pe\/index.php?rest_route=%2Fwp%2Fv2%2Fmedia&parent=5256"}],"wp:term":[{"taxonomy":"product_brand","embeddable":true,"href":"https:\/\/valesafety.com.pe\/index.php?rest_route=%2Fwp%2Fv2%2Fproduct_brand&post=5256"},{"taxonomy":"product_cat","embeddable":true,"href":"https:\/\/valesafety.com.pe\/index.php?rest_route=%2Fwp%2Fv2%2Fproduct_cat&post=5256"},{"taxonomy":"product_tag","embeddable":true,"href":"https:\/\/valesafety.com.pe\/index.php?rest_route=%2Fwp%2Fv2%2Fproduct_tag&post=5256"}],"curies":[{"name":"wp","href":"https:\/\/api.w.org\/{rel}","templated":true}]}}