{"id":5255,"date":"2026-04-23T22:52:26","date_gmt":"2026-04-23T20:52:26","guid":{"rendered":"http:\/\/localhost\/borrador\/?post_type=product&#038;p=5255"},"modified":"2026-05-06T12:29:44","modified_gmt":"2026-05-06T17:29:44","slug":"bloque-retractil-3-metros-segpro","status":"publish","type":"product","link":"https:\/\/valesafety.com.pe\/?product=bloque-retractil-3-metros-segpro","title":{"rendered":"Bloque Retr\u00e1ctil 3 metros Segpro"},"content":{"rendered":"<h2>Bloque Retr\u00e1ctil 3 metros Segpro<\/h2>\n<ul>\n<li>Material de la carcasa: Fabricada en nylon reforzado.<\/li>\n<li>L\u00ednea de 3 mts. elaborada en cinta Dyneema de 2CM de ancho y 1.7mm de espesor.<\/li>\n<li>Fuerza de detenci\u00f3n media: 1350lbs.<\/li>\n<li>Fuerza m\u00e1xima de detenci\u00f3n: 1800lbs m\u00e1x.<\/li>\n<li>Distancia de detenci\u00f3n: 0.60m. Cuando est\u00e1 anclado al anillo dorsal.<\/li>\n<li>Rango de capacidad, de peso en uso incluyendo ropa, herramientas y equipo: 130lbs \u2013 310 lbs.<\/li>\n<li>Registro de inspecci\u00f3n: Una persona autorizada debe inspeccionar el equipo peri\u00f3dicamente.<\/li>\n<li>Incluye mosquet\u00f3n o carabinero de cierre autom\u00e1tico de \u00be en acero forjado y cabeza giratoria.<\/li>\n<li>Incluye pasador o cuerda de llamado.<\/li>\n<li>El gancho incluye indicador de impacto<\/li>\n<\/ul>\n<p><strong>Certificaciones:\u00a0<\/strong><\/p>\n<p>Cumple con los requerimientos de ANSI Z359.14.2021: SRL-Clase 1. Cumple con los requerimientos de OSHA 29CFR 1926 (Sub parte M ). Vida \u00fatil: 5 a\u00f1os.<\/p>\n<p><strong>Aplicaciones:<\/strong><\/p>\n<p>Detenci\u00f3n de ca\u00eddas para todas las industrias que lo requieran. Trabajos en alturas.<\/p>\n<p>&nbsp;<\/p>\n<p><strong>La garant\u00eda del fabricante cubre solo defectos de f\u00e1brica, no da\u00f1os por mal uso o uso inadecuado del trabajador.<\/strong><\/p>\n<p>Necesitas m\u00e1s productos encu\u00e9ntralos en nuestra <a href=\"https:\/\/valesafety.com.pe\/tienda\">tienda .<\/a><\/p>\n<p>Para m\u00e1s informaci\u00f3n sobre este y otros productos, no dudes en contactarnos por\u00a0<a href=\"http:\/\/wa.me\/977762682\" target=\"_blank\" rel=\"noopener\">WhatsApp<\/a>.<\/p>\n","protected":false},"excerpt":{"rendered":"<p data-start=\"557\" data-end=\"776\">El Bloque Retr\u00e1ctil 3 metros Segpro es un dispositivo antica\u00eddas dise\u00f1ado para proteger al trabajador durante labores en altura, permitiendo libertad de movimiento y una detenci\u00f3n inmediata en caso de ca\u00edda.<\/p>\n<p data-start=\"778\" data-end=\"930\">\n","protected":false},"featured_media":5296,"comment_status":"closed","ping_status":"closed","template":"","meta":{"_acf_changed":false},"product_brand":[35],"product_cat":[58],"product_tag":[490,515,338],"class_list":{"0":"post-5255","1":"product","2":"type-product","3":"status-publish","4":"has-post-thumbnail","6":"product_brand-segpro","7":"product_cat-proteccion-de-alturas","8":"product_tag-bloque-retractil-segpro","9":"product_tag-distribuidor-segpro","10":"product_tag-segpro","12":"first","13":"instock","14":"shipping-taxable","15":"purchasable","16":"product-type-simple"},"acf":[],"_links":{"self":[{"href":"https:\/\/valesafety.com.pe\/index.php?rest_route=\/wp\/v2\/product\/5255","targetHints":{"allow":["GET"]}}],"collection":[{"href":"https:\/\/valesafety.com.pe\/index.php?rest_route=\/wp\/v2\/product"}],"about":[{"href":"https:\/\/valesafety.com.pe\/index.php?rest_route=\/wp\/v2\/types\/product"}],"replies":[{"embeddable":true,"href":"https:\/\/valesafety.com.pe\/index.php?rest_route=%2Fwp%2Fv2%2Fcomments&post=5255"}],"wp:featuredmedia":[{"embeddable":true,"href":"https:\/\/valesafety.com.pe\/index.php?rest_route=\/wp\/v2\/media\/5296"}],"wp:attachment":[{"href":"https:\/\/valesafety.com.pe\/index.php?rest_route=%2Fwp%2Fv2%2Fmedia&parent=5255"}],"wp:term":[{"taxonomy":"product_brand","embeddable":true,"href":"https:\/\/valesafety.com.pe\/index.php?rest_route=%2Fwp%2Fv2%2Fproduct_brand&post=5255"},{"taxonomy":"product_cat","embeddable":true,"href":"https:\/\/valesafety.com.pe\/index.php?rest_route=%2Fwp%2Fv2%2Fproduct_cat&post=5255"},{"taxonomy":"product_tag","embeddable":true,"href":"https:\/\/valesafety.com.pe\/index.php?rest_route=%2Fwp%2Fv2%2Fproduct_tag&post=5255"}],"curies":[{"name":"wp","href":"https:\/\/api.w.org\/{rel}","templated":true}]}}