{"id":5254,"date":"2026-04-23T22:52:26","date_gmt":"2026-04-23T20:52:26","guid":{"rendered":"http:\/\/localhost\/borrador\/?post_type=product&#038;p=5254"},"modified":"2026-05-06T13:04:29","modified_gmt":"2026-05-06T18:04:29","slug":"botin-nanterre-dielectrico-18000v-clute","status":"publish","type":"product","link":"https:\/\/valesafety.com.pe\/?product=botin-nanterre-dielectrico-18000v-clute","title":{"rendered":"Bot\u00edn Nanterre Diel\u00e9ctrico 18000v Clute"},"content":{"rendered":"<h2>Bot\u00edn Nanterre Diel\u00e9ctrico 18000v Clute<\/h2>\n<ul>\n<li>Bot\u00edn elaborado en cuero crup\u00f3n (b\u00fafalo)<\/li>\n<li>Categor\u00eda EH \u2013 Calzado Diel\u00e9ctrico<\/li>\n<li>C\u00f3digo: MYS \u2013 903 EH<\/li>\n<li>Punta de acero<\/li>\n<li>Ojalillos no met\u00e1licos<\/li>\n<li>Plantilla interna Cambrella + EVA<\/li>\n<li>Suela de PU (Poliuretano) Bi-densidad \/ Antideslizante<\/li>\n<li>CE , ASTM F2413-18<\/li>\n<\/ul>\n<p>Necesitas m\u00e1s productos encu\u00e9ntralos en nuestra <a href=\"https:\/\/valesafety.com.pe\/tienda\">tienda .<\/a><\/p>\n<p>Para m\u00e1s informaci\u00f3n sobre este y otros productos, no dudes en contactarnos por\u00a0<a href=\"http:\/\/wa.me\/977762682\" target=\"_blank\" rel=\"noopener\">WhatsApp<\/a>.<\/p>\n","protected":false},"excerpt":{"rendered":"<div class=\"flex flex-col text-sm pb-25\">\n<article class=\"text-token-text-primary w-full focus:outline-none [--shadow-height:45px] has-data-writing-block:pointer-events-none has-data-writing-block:-mt-(--shadow-height) has-data-writing-block:pt-(--shadow-height) [&amp;:has([data-writing-block])&gt;*]:pointer-events-auto scroll-mt-[calc(var(--header-height)+min(200px,max(70px,20svh)))]\" dir=\"auto\" tabindex=\"-1\" data-turn-id=\"request-695fd3b6-ea54-8331-87db-0d0531f5b7c3-2\" data-testid=\"conversation-turn-46\" data-scroll-anchor=\"true\" data-turn=\"assistant\">\n<div class=\"text-base my-auto mx-auto pb-10 [--thread-content-margin:--spacing(4)] @w-sm\/main:[--thread-content-margin:--spacing(6)] @w-lg\/main:[--thread-content-margin:--spacing(16)] px-(--thread-content-margin)\">\n<div class=\"[--thread-content-max-width:40rem] @w-lg\/main:[--thread-content-max-width:48rem] mx-auto max-w-(--thread-content-max-width) flex-1 group\/turn-messages focus-visible:outline-hidden relative flex w-full min-w-0 flex-col agent-turn\" tabindex=\"-1\">\n<div class=\"flex max-w-full flex-col grow\">\n<div class=\"min-h-8 text-message relative flex w-full flex-col items-end gap-2 text-start break-words whitespace-normal [.text-message+&amp;]:mt-1\" dir=\"auto\" data-message-author-role=\"assistant\" data-message-id=\"7b7867ff-7a78-4fd7-9fe7-b5a11eb5b72c\" data-message-model-slug=\"gpt-5-2\">\n<div class=\"flex w-full flex-col gap-1 empty:hidden first:pt-[1px]\">\n<div class=\"markdown prose dark:prose-invert w-full break-words dark markdown-new-styling\">\n<p data-start=\"0\" data-end=\"213\" data-is-last-node=\"\" data-is-only-node=\"\">Calzado dise\u00f1ado para uso profesional, concebido como una soluci\u00f3n eficaz que protege al trabajador frente a los riesgos que afectan las extremidades inferiores, especialmente los pies, durante la jornada laboral.<\/p>\n<\/div>\n<\/div>\n<\/div>\n<\/div>\n<\/div>\n<\/div>\n<\/article>\n<\/div>\n","protected":false},"featured_media":5295,"comment_status":"closed","ping_status":"closed","template":"","meta":{"_acf_changed":false},"product_brand":[26],"product_cat":[68,116],"product_tag":[259,468,611],"class_list":{"0":"post-5254","1":"product","2":"type-product","3":"status-publish","4":"has-post-thumbnail","6":"product_brand-clute","7":"product_cat-zapatos-de-seguridad","8":"product_cat-zapatos-de-trabajo","9":"product_tag-clute","10":"product_tag-distribuidor-clute","11":"product_tag-zapato-clute","13":"first","14":"instock","15":"shipping-taxable","16":"purchasable","17":"product-type-simple"},"acf":[],"_links":{"self":[{"href":"https:\/\/valesafety.com.pe\/index.php?rest_route=\/wp\/v2\/product\/5254","targetHints":{"allow":["GET"]}}],"collection":[{"href":"https:\/\/valesafety.com.pe\/index.php?rest_route=\/wp\/v2\/product"}],"about":[{"href":"https:\/\/valesafety.com.pe\/index.php?rest_route=\/wp\/v2\/types\/product"}],"replies":[{"embeddable":true,"href":"https:\/\/valesafety.com.pe\/index.php?rest_route=%2Fwp%2Fv2%2Fcomments&post=5254"}],"wp:featuredmedia":[{"embeddable":true,"href":"https:\/\/valesafety.com.pe\/index.php?rest_route=\/wp\/v2\/media\/5295"}],"wp:attachment":[{"href":"https:\/\/valesafety.com.pe\/index.php?rest_route=%2Fwp%2Fv2%2Fmedia&parent=5254"}],"wp:term":[{"taxonomy":"product_brand","embeddable":true,"href":"https:\/\/valesafety.com.pe\/index.php?rest_route=%2Fwp%2Fv2%2Fproduct_brand&post=5254"},{"taxonomy":"product_cat","embeddable":true,"href":"https:\/\/valesafety.com.pe\/index.php?rest_route=%2Fwp%2Fv2%2Fproduct_cat&post=5254"},{"taxonomy":"product_tag","embeddable":true,"href":"https:\/\/valesafety.com.pe\/index.php?rest_route=%2Fwp%2Fv2%2Fproduct_tag&post=5254"}],"curies":[{"name":"wp","href":"https:\/\/api.w.org\/{rel}","templated":true}]}}