{"id":5246,"date":"2026-04-23T22:51:58","date_gmt":"2026-04-23T20:51:58","guid":{"rendered":"http:\/\/localhost\/borrador\/?post_type=product&#038;p=5246"},"modified":"2026-05-06T13:04:28","modified_gmt":"2026-05-06T18:04:28","slug":"botin-nanterre-clute-hilo-amarillo","status":"publish","type":"product","link":"https:\/\/valesafety.com.pe\/?product=botin-nanterre-clute-hilo-amarillo","title":{"rendered":"Bot\u00edn Nanterre Clute Hilo Amarillo"},"content":{"rendered":"<h2>Bot\u00edn Nanterre Clute Hilo Amarillo<\/h2>\n<ul>\n<li>Categor\u00eda S1P.<\/li>\n<li>Contrafuerte de 1.4 a 1.6 mm, de espesor.<\/li>\n<li><strong>Material:<\/strong> Botin elaborado en cuero crup\u00f3n y sint\u00e9tico.<\/li>\n<li><strong>Suela de Poliuretano<\/strong> (PU) Bi-densidad: resistente a los aceites, grasas e hidrocarburos, proporcionando resistencia y durabilidad ante el desgaste. Ofrece la propiedad de ser antideslizante gracias a los grips en la huella de la suela.<\/li>\n<li>El forro interior de Cambrella, proporciona un acolchado ante las rozaduras<\/li>\n<li>Calzado antiest\u00e1tico: Destaca por tener un grado de resistencia el\u00e9ctrica bastante bajo. De este modo, las cargas electroest\u00e1ticas se desvanecen m\u00e1s r\u00e1pido. Evitando asi, posibles explosiones, incendios y otros accidentes relacionados.<\/li>\n<li>Leng\u00fceta de cuero con inserto de PU sint\u00e9tico negro<\/li>\n<li>Puntera de acero resistente a la corrosi\u00f3n. Brinda protecci\u00f3n al pie soportando 200 joules de fuerza sobre la puntera.<\/li>\n<li>Plantilla intema de Cambrella + EVA<\/li>\n<li>Ojalillo con ganchos metalicos<\/li>\n<li>Agujetas de nylon color negro.con amanlio.<\/li>\n<\/ul>\n<p>Necesitas m\u00e1s productos encu\u00e9ntralos en nuestra <a href=\"https:\/\/valesafety.com.pe\/tienda\">tienda .<\/a><\/p>\n<p>Para m\u00e1s informaci\u00f3n sobre este y otros productos, no dudes en contactarnos por\u00a0<a href=\"http:\/\/wa.me\/977762682\" target=\"_blank\" rel=\"noopener\">WhatsApp<\/a>.<\/p>\n","protected":false},"excerpt":{"rendered":"<p>El Bot\u00edn Nanterre Clute, fabricado a partir de cuero natural crupon grabado y sint\u00e9tico. Con un dise\u00f1o vers\u00e1til, moderno y ligero.<\/p>\n<p>El sistema de construcci\u00f3n del calzado es por inyecci\u00f3n directa, donde se resalta tres ventajas fundamentales: la suela no puede despegar el corte, no se descose, no existen huecos vacios en el interior<\/p>\n","protected":false},"featured_media":5294,"comment_status":"closed","ping_status":"closed","template":"","meta":{"_acf_changed":false},"product_brand":[26],"product_cat":[68,116],"product_tag":[259],"class_list":{"0":"post-5246","1":"product","2":"type-product","3":"status-publish","4":"has-post-thumbnail","6":"product_brand-clute","7":"product_cat-zapatos-de-seguridad","8":"product_cat-zapatos-de-trabajo","9":"product_tag-clute","11":"first","12":"instock","13":"shipping-taxable","14":"purchasable","15":"product-type-simple"},"acf":[],"_links":{"self":[{"href":"https:\/\/valesafety.com.pe\/index.php?rest_route=\/wp\/v2\/product\/5246","targetHints":{"allow":["GET"]}}],"collection":[{"href":"https:\/\/valesafety.com.pe\/index.php?rest_route=\/wp\/v2\/product"}],"about":[{"href":"https:\/\/valesafety.com.pe\/index.php?rest_route=\/wp\/v2\/types\/product"}],"replies":[{"embeddable":true,"href":"https:\/\/valesafety.com.pe\/index.php?rest_route=%2Fwp%2Fv2%2Fcomments&post=5246"}],"wp:featuredmedia":[{"embeddable":true,"href":"https:\/\/valesafety.com.pe\/index.php?rest_route=\/wp\/v2\/media\/5294"}],"wp:attachment":[{"href":"https:\/\/valesafety.com.pe\/index.php?rest_route=%2Fwp%2Fv2%2Fmedia&parent=5246"}],"wp:term":[{"taxonomy":"product_brand","embeddable":true,"href":"https:\/\/valesafety.com.pe\/index.php?rest_route=%2Fwp%2Fv2%2Fproduct_brand&post=5246"},{"taxonomy":"product_cat","embeddable":true,"href":"https:\/\/valesafety.com.pe\/index.php?rest_route=%2Fwp%2Fv2%2Fproduct_cat&post=5246"},{"taxonomy":"product_tag","embeddable":true,"href":"https:\/\/valesafety.com.pe\/index.php?rest_route=%2Fwp%2Fv2%2Fproduct_tag&post=5246"}],"curies":[{"name":"wp","href":"https:\/\/api.w.org\/{rel}","templated":true}]}}