{"id":5241,"date":"2026-04-23T22:51:57","date_gmt":"2026-04-23T20:51:57","guid":{"rendered":"http:\/\/localhost\/borrador\/?post_type=product&#038;p=5241"},"modified":"2026-05-06T17:42:55","modified_gmt":"2026-05-06T22:42:55","slug":"linea-de-vida-sikurnost","status":"publish","type":"product","link":"https:\/\/valesafety.com.pe\/?product=linea-de-vida-sikurnost","title":{"rendered":"L\u00ednea de Vida Sikurnost"},"content":{"rendered":"<h2>L\u00ednea de Vida Sikurnost<\/h2>\n<ul>\n<li>Material: Cinta plana de Poli\u00e9ster, hebillas y ganchos met\u00e1licos.<\/li>\n<li>Ancho de Cinta: 4mm+-1mm<\/li>\n<li>Longitud: 1.8 mtr<\/li>\n<li>Peso: 1.6 kgr<\/li>\n<li>Moquetones: Hard doble cierre de 3\/4 y cabo de vida doble de 2 1\/4<\/li>\n<li>Color: Amarillo<\/li>\n<li>Sistema de protecci\u00f3n antica\u00eddas<\/li>\n<li>Materiales resistentes para uso industrial<\/li>\n<li>Permite desplazamiento seguro en altura<\/li>\n<li>Compatible con arneses de seguridad<\/li>\n<li>Dise\u00f1o confiable y duradero<\/li>\n<\/ul>\n<p>Necesitas m\u00e1s productos encu\u00e9ntralos en nuestra <a href=\"https:\/\/valesafety.com.pe\/tienda\">tienda .<\/a><\/p>\n<p>Para m\u00e1s informaci\u00f3n sobre este y otros productos, no dudes en contactarnos por\u00a0<a href=\"http:\/\/wa.me\/977762682\" target=\"_blank\" rel=\"noopener\">WhatsApp<\/a>.<\/p>\n","protected":false},"excerpt":{"rendered":"<p>La L\u00ednea de Vida Sikurnost es un sistema de seguridad esencial para trabajos en altura, dise\u00f1ado para reducir el riesgo de ca\u00eddas y proteger al usuario durante operaciones en entornos elevados. Permite un anclaje seguro y continuo, facilitando el desplazamiento controlado del trabajador sin comprometer la protecci\u00f3n<\/p>\n","protected":false},"featured_media":5288,"comment_status":"closed","ping_status":"closed","template":"","meta":{"_acf_changed":false},"product_brand":[40],"product_cat":[90,58],"product_tag":[602,608,609,603],"class_list":{"0":"post-5241","1":"product","2":"type-product","3":"status-publish","4":"has-post-thumbnail","6":"product_brand-sikurnost","7":"product_cat-linea-de-vida","8":"product_cat-proteccion-de-alturas","9":"product_tag-distribuidor-sikurnost","10":"product_tag-linea-de-vida-sikurnost","11":"product_tag-linea-sikurnost","12":"product_tag-sikurnost","14":"first","15":"instock","16":"shipping-taxable","17":"purchasable","18":"product-type-simple"},"acf":[],"_links":{"self":[{"href":"https:\/\/valesafety.com.pe\/index.php?rest_route=\/wp\/v2\/product\/5241","targetHints":{"allow":["GET"]}}],"collection":[{"href":"https:\/\/valesafety.com.pe\/index.php?rest_route=\/wp\/v2\/product"}],"about":[{"href":"https:\/\/valesafety.com.pe\/index.php?rest_route=\/wp\/v2\/types\/product"}],"replies":[{"embeddable":true,"href":"https:\/\/valesafety.com.pe\/index.php?rest_route=%2Fwp%2Fv2%2Fcomments&post=5241"}],"wp:featuredmedia":[{"embeddable":true,"href":"https:\/\/valesafety.com.pe\/index.php?rest_route=\/wp\/v2\/media\/5288"}],"wp:attachment":[{"href":"https:\/\/valesafety.com.pe\/index.php?rest_route=%2Fwp%2Fv2%2Fmedia&parent=5241"}],"wp:term":[{"taxonomy":"product_brand","embeddable":true,"href":"https:\/\/valesafety.com.pe\/index.php?rest_route=%2Fwp%2Fv2%2Fproduct_brand&post=5241"},{"taxonomy":"product_cat","embeddable":true,"href":"https:\/\/valesafety.com.pe\/index.php?rest_route=%2Fwp%2Fv2%2Fproduct_cat&post=5241"},{"taxonomy":"product_tag","embeddable":true,"href":"https:\/\/valesafety.com.pe\/index.php?rest_route=%2Fwp%2Fv2%2Fproduct_tag&post=5241"}],"curies":[{"name":"wp","href":"https:\/\/api.w.org\/{rel}","templated":true}]}}