{"id":5240,"date":"2026-04-23T22:51:57","date_gmt":"2026-04-23T20:51:57","guid":{"rendered":"http:\/\/localhost\/borrador\/?post_type=product&#038;p=5240"},"modified":"2026-05-06T10:27:47","modified_gmt":"2026-05-06T15:27:47","slug":"arnes-3-anillos-sikurnost-cuerpo-completo","status":"publish","type":"product","link":"https:\/\/valesafety.com.pe\/?product=arnes-3-anillos-sikurnost-cuerpo-completo","title":{"rendered":"Arn\u00e9s 3 Anillos Sikurnost Cuerpo Completo"},"content":{"rendered":"<h2>Arn\u00e9s 3 Anillos Sikurnost<\/h2>\n<ul style=\"list-style-type: circle;\">\n<li>Arn\u00e9s de seguridad con <strong data-start=\"1129\" data-end=\"1153\">3 anillos de anclaje<\/strong><\/li>\n<li>Dise\u00f1o resistente para trabajos en altura<\/li>\n<li>Distribuci\u00f3n equilibrada de la carga<\/li>\n<li>Ajuste c\u00f3modo para uso prolongado<\/li>\n<li>Ideal para sistemas de protecci\u00f3n antica\u00eddas<\/li>\n<\/ul>\n<h2 data-start=\"1329\" data-end=\"1359\">Aplicaciones recomendadas<\/h2>\n<p data-start=\"1360\" data-end=\"1479\">Construcci\u00f3n, mantenimiento industrial, trabajos en estructuras, instalaciones, telecomunicaciones y labores en altura.<\/p>\n<h2 data-start=\"1481\" data-end=\"1516\">Almacenamiento y mantenimiento<\/h2>\n<p data-start=\"1517\" data-end=\"1654\">Guardar en un lugar seco, alejado de la luz solar directa y agentes qu\u00edmicos. Revisar peri\u00f3dicamente el estado del arn\u00e9s antes de su uso.<\/p>\n<p>Necesitas m\u00e1s productos encu\u00e9ntralos en nuestra <a href=\"https:\/\/valesafety.com.pe\/tienda\">tienda .<\/a><\/p>\n<p>Para m\u00e1s informaci\u00f3n sobre este y otros productos, no dudes en contactarnos por\u00a0<a href=\"http:\/\/wa.me\/977762682\" target=\"_blank\" rel=\"noopener\">WhatsApp<\/a>.<\/p>\n","protected":false},"excerpt":{"rendered":"<p>El Arn\u00e9s 3 Anillos Sikurnost est\u00e1 dise\u00f1ado para brindar protecci\u00f3n confiable y sujeci\u00f3n segura en trabajos en altura. Su estructura resistente permite una correcta distribuci\u00f3n del peso del usuario, reduciendo el riesgo de lesiones en caso de ca\u00edda.<\/p>\n","protected":false},"featured_media":5287,"comment_status":"closed","ping_status":"closed","template":"","meta":{"_acf_changed":false},"product_brand":[40],"product_cat":[89,58],"product_tag":[607,602,603],"class_list":{"0":"post-5240","1":"product","2":"type-product","3":"status-publish","4":"has-post-thumbnail","6":"product_brand-sikurnost","7":"product_cat-arnes","8":"product_cat-proteccion-de-alturas","9":"product_tag-arnes-sikurnost","10":"product_tag-distribuidor-sikurnost","11":"product_tag-sikurnost","13":"first","14":"instock","15":"shipping-taxable","16":"purchasable","17":"product-type-simple"},"acf":[],"_links":{"self":[{"href":"https:\/\/valesafety.com.pe\/index.php?rest_route=\/wp\/v2\/product\/5240","targetHints":{"allow":["GET"]}}],"collection":[{"href":"https:\/\/valesafety.com.pe\/index.php?rest_route=\/wp\/v2\/product"}],"about":[{"href":"https:\/\/valesafety.com.pe\/index.php?rest_route=\/wp\/v2\/types\/product"}],"replies":[{"embeddable":true,"href":"https:\/\/valesafety.com.pe\/index.php?rest_route=%2Fwp%2Fv2%2Fcomments&post=5240"}],"wp:featuredmedia":[{"embeddable":true,"href":"https:\/\/valesafety.com.pe\/index.php?rest_route=\/wp\/v2\/media\/5287"}],"wp:attachment":[{"href":"https:\/\/valesafety.com.pe\/index.php?rest_route=%2Fwp%2Fv2%2Fmedia&parent=5240"}],"wp:term":[{"taxonomy":"product_brand","embeddable":true,"href":"https:\/\/valesafety.com.pe\/index.php?rest_route=%2Fwp%2Fv2%2Fproduct_brand&post=5240"},{"taxonomy":"product_cat","embeddable":true,"href":"https:\/\/valesafety.com.pe\/index.php?rest_route=%2Fwp%2Fv2%2Fproduct_cat&post=5240"},{"taxonomy":"product_tag","embeddable":true,"href":"https:\/\/valesafety.com.pe\/index.php?rest_route=%2Fwp%2Fv2%2Fproduct_tag&post=5240"}],"curies":[{"name":"wp","href":"https:\/\/api.w.org\/{rel}","templated":true}]}}