{"id":5226,"date":"2026-04-23T22:51:29","date_gmt":"2026-04-23T20:51:29","guid":{"rendered":"http:\/\/localhost\/borrador\/?post_type=product&#038;p=5226"},"modified":"2026-05-06T17:13:53","modified_gmt":"2026-05-06T22:13:53","slug":"lente-de-policarbonato-sikurnost-sk-102-hc","status":"publish","type":"product","link":"https:\/\/valesafety.com.pe\/?product=lente-de-policarbonato-sikurnost-sk-102-hc","title":{"rendered":"Lente de Policarbonato SIKURNOST SK-102-HC"},"content":{"rendered":"<h2>Lente de Policarbonato SIKURNOST SK-102-HC<\/h2>\n<ul>\n<li>Lente de policarbonato de alta transparencia<\/li>\n<li>Alta resistencia a impactos<\/li>\n<li>Puente nasal integrado en policarbonato<\/li>\n<li>Protecci\u00f3n UV del 99% (absorbe 99.9% de radiaci\u00f3n ultravioleta)<\/li>\n<li>Tratamiento antivaho para mejor visibilidad<\/li>\n<li>Tratamiento antirayadura para mayor durabilidad<\/li>\n<li>Su puente nasal integrado mejora el ajuste y la estabilidad del ocular, mientras que los tratamientos antivaho y antirayadura garantizan una visi\u00f3n clara y prolongan la vida \u00fatil del lente incluso en condiciones exigentes.<\/li>\n<\/ul>\n<p>Necesitas m\u00e1s productos encu\u00e9ntralos en nuestra <a href=\"https:\/\/valesafety.com.pe\/tienda\">tienda .<\/a><\/p>\n<p>Para m\u00e1s informaci\u00f3n sobre este y otros productos, no dudes en contactarnos por\u00a0<a href=\"http:\/\/wa.me\/977762682\" target=\"_blank\" rel=\"noopener\">WhatsApp<\/a>.<\/p>\n","protected":false},"excerpt":{"rendered":"<p>El Lente de Policarbonato SIKURNOST est\u00e1 dise\u00f1ado para brindar m\u00e1xima protecci\u00f3n ocular y excelente visibilidad en entornos industriales y de riesgo. Fabricado en policarbonato de alta transparencia, ofrece resistencia a impactos y un alto nivel de protecci\u00f3n frente a la radiaci\u00f3n ultravioleta.<\/p>\n","protected":false},"featured_media":5282,"comment_status":"closed","ping_status":"closed","template":"","meta":{"_acf_changed":false},"product_brand":[40],"product_cat":[65],"product_tag":[602,605,603],"class_list":{"0":"post-5226","1":"product","2":"type-product","3":"status-publish","4":"has-post-thumbnail","6":"product_brand-sikurnost","7":"product_cat-proteccion-visual","8":"product_tag-distribuidor-sikurnost","9":"product_tag-lentes-sikurnost","10":"product_tag-sikurnost","12":"first","13":"instock","14":"shipping-taxable","15":"purchasable","16":"product-type-simple"},"acf":[],"_links":{"self":[{"href":"https:\/\/valesafety.com.pe\/index.php?rest_route=\/wp\/v2\/product\/5226","targetHints":{"allow":["GET"]}}],"collection":[{"href":"https:\/\/valesafety.com.pe\/index.php?rest_route=\/wp\/v2\/product"}],"about":[{"href":"https:\/\/valesafety.com.pe\/index.php?rest_route=\/wp\/v2\/types\/product"}],"replies":[{"embeddable":true,"href":"https:\/\/valesafety.com.pe\/index.php?rest_route=%2Fwp%2Fv2%2Fcomments&post=5226"}],"wp:featuredmedia":[{"embeddable":true,"href":"https:\/\/valesafety.com.pe\/index.php?rest_route=\/wp\/v2\/media\/5282"}],"wp:attachment":[{"href":"https:\/\/valesafety.com.pe\/index.php?rest_route=%2Fwp%2Fv2%2Fmedia&parent=5226"}],"wp:term":[{"taxonomy":"product_brand","embeddable":true,"href":"https:\/\/valesafety.com.pe\/index.php?rest_route=%2Fwp%2Fv2%2Fproduct_brand&post=5226"},{"taxonomy":"product_cat","embeddable":true,"href":"https:\/\/valesafety.com.pe\/index.php?rest_route=%2Fwp%2Fv2%2Fproduct_cat&post=5226"},{"taxonomy":"product_tag","embeddable":true,"href":"https:\/\/valesafety.com.pe\/index.php?rest_route=%2Fwp%2Fv2%2Fproduct_tag&post=5226"}],"curies":[{"name":"wp","href":"https:\/\/api.w.org\/{rel}","templated":true}]}}