{"id":5224,"date":"2026-04-23T22:51:29","date_gmt":"2026-04-23T20:51:29","guid":{"rendered":"http:\/\/localhost\/borrador\/?post_type=product&#038;p=5224"},"modified":"2026-05-07T10:52:31","modified_gmt":"2026-05-07T15:52:31","slug":"visor-flash-2-arc-flash-delta-plus","status":"publish","type":"product","link":"https:\/\/valesafety.com.pe\/?product=visor-flash-2-arc-flash-delta-plus","title":{"rendered":"Visor Flash 2 Arc Flash Delta Plus"},"content":{"rendered":"<h2>Visor Flash 2 Arc Flash Delta Plus<\/h2>\n<ul>\n<li>Protecci\u00f3n contra arco el\u00e9ctrico: 14 cal\/cm\u00b2 ASTM<\/li>\n<li>Lente de policarbonato resistente a impactos y salpicaduras<\/li>\n<li>Tratamientos: antiara\u00f1azos, antivaho y UV400<\/li>\n<li>Protecci\u00f3n curvada de barbilla para mayor comodidad<\/li>\n<li>Clase \u00f3ptica 1 y amplio campo de visi\u00f3n<\/li>\n<li>Uso interior y exterior<\/li>\n<li>Compatible con accesorios<\/li>\n<\/ul>\n<p>Necesitas m\u00e1s productos encu\u00e9ntralos en nuestra <a href=\"https:\/\/valesafety.com.pe\/tienda\">tienda .<\/a><\/p>\n<p>Para m\u00e1s informaci\u00f3n sobre este y otros productos, no dudes en contactarnos por\u00a0<a href=\"http:\/\/wa.me\/977762682\" target=\"_blank\" rel=\"noopener\">WhatsApp<\/a>.<\/p>\n","protected":false},"excerpt":{"rendered":"<p>El Visor Flash 2 Arc Flash Delta Plus es una visera facial dise\u00f1ada para la protecci\u00f3n contra arco el\u00e9ctrico de hasta 14 cal\/cm\u00b2 (ASTM F2178), ofreciendo seguridad, confort y amplio campo visual. Su lente de policarbonato verde con tratamiento antiara\u00f1azos, antivaho y protecci\u00f3n UV400 garantiza durabilidad y claridad \u00f3ptica en entornos industriales exigentes.<\/p>\n","protected":false},"featured_media":5280,"comment_status":"closed","ping_status":"closed","template":"","meta":{"_acf_changed":false},"product_brand":[27],"product_cat":[469],"product_tag":[],"class_list":{"0":"post-5224","1":"product","2":"type-product","3":"status-publish","4":"has-post-thumbnail","6":"product_brand-deltaplus","7":"product_cat-sin-categorizar","9":"first","10":"instock","11":"shipping-taxable","12":"purchasable","13":"product-type-simple"},"acf":[],"_links":{"self":[{"href":"https:\/\/valesafety.com.pe\/index.php?rest_route=\/wp\/v2\/product\/5224","targetHints":{"allow":["GET"]}}],"collection":[{"href":"https:\/\/valesafety.com.pe\/index.php?rest_route=\/wp\/v2\/product"}],"about":[{"href":"https:\/\/valesafety.com.pe\/index.php?rest_route=\/wp\/v2\/types\/product"}],"replies":[{"embeddable":true,"href":"https:\/\/valesafety.com.pe\/index.php?rest_route=%2Fwp%2Fv2%2Fcomments&post=5224"}],"wp:featuredmedia":[{"embeddable":true,"href":"https:\/\/valesafety.com.pe\/index.php?rest_route=\/wp\/v2\/media\/5280"}],"wp:attachment":[{"href":"https:\/\/valesafety.com.pe\/index.php?rest_route=%2Fwp%2Fv2%2Fmedia&parent=5224"}],"wp:term":[{"taxonomy":"product_brand","embeddable":true,"href":"https:\/\/valesafety.com.pe\/index.php?rest_route=%2Fwp%2Fv2%2Fproduct_brand&post=5224"},{"taxonomy":"product_cat","embeddable":true,"href":"https:\/\/valesafety.com.pe\/index.php?rest_route=%2Fwp%2Fv2%2Fproduct_cat&post=5224"},{"taxonomy":"product_tag","embeddable":true,"href":"https:\/\/valesafety.com.pe\/index.php?rest_route=%2Fwp%2Fv2%2Fproduct_tag&post=5224"}],"curies":[{"name":"wp","href":"https:\/\/api.w.org\/{rel}","templated":true}]}}