{"id":5223,"date":"2026-04-23T22:51:29","date_gmt":"2026-04-23T20:51:29","guid":{"rendered":"http:\/\/localhost\/borrador\/?post_type=product&#038;p=5223"},"modified":"2026-05-06T16:54:48","modified_gmt":"2026-05-06T21:54:48","slug":"guante-quirurgico-93-260-ansell","status":"publish","type":"product","link":"https:\/\/valesafety.com.pe\/?product=guante-quirurgico-93-260-ansell","title":{"rendered":"Guante quir\u00fargico 93-260 Ansell"},"content":{"rendered":"<ul>\n<li><strong data-start=\"811\" data-end=\"843\">Protecci\u00f3n qu\u00edmica avanzada:<\/strong> Dise\u00f1o de tres capas contra productos qu\u00edmicos agresivos.<\/li>\n<li><strong data-start=\"906\" data-end=\"928\">Alta sensibilidad:<\/strong> M\u00e1s fino que los guantes reutilizables est\u00e1ndar (7,8 mil\u00e9simas de pulgada).<\/li>\n<li><strong data-start=\"1009\" data-end=\"1029\" data-is-only-node=\"\">Mayor comodidad:<\/strong> Material suave con dise\u00f1o ergon\u00f3mico y excelente flexibilidad.<\/li>\n<li><strong data-start=\"1097\" data-end=\"1121\">Calidad garantizada:<\/strong> Bajo NCA de 0,65, m\u00ednimo riesgo de defectos por microperforaciones.<\/li>\n<li><strong data-start=\"1194\" data-end=\"1230\">Certificaciones internacionales:<\/strong> Cumple EN 374 Tipo A (Europa) y KOSHA (Corea).<\/li>\n<\/ul>\n<p>Necesitas m\u00e1s productos encu\u00e9ntralos en nuestra <a href=\"https:\/\/valesafety.com.pe\/tienda\">tienda .<\/a><\/p>\n<p>Para m\u00e1s informaci\u00f3n sobre este y otros productos, no dudes en contactarnos por\u00a0<a href=\"http:\/\/wa.me\/977762682\" target=\"_blank\" rel=\"noopener\">WhatsApp<\/a>.<\/p>\n","protected":false},"excerpt":{"rendered":"<p>Guante quir\u00fargico 93-260 Ansell est\u00e1 dise\u00f1ado para aplicaciones cr\u00edticas que requieren protecci\u00f3n superior frente a productos qu\u00edmicos agresivos, sin sacrificar sensibilidad ni comodidad. Su dise\u00f1o de tres capas ofrece una barrera confiable, mientras que su espesor reducido mejora el tacto al manipular instrumentos y objetos peque\u00f1os.<\/p>\n","protected":false},"featured_media":5279,"comment_status":"closed","ping_status":"closed","template":"","meta":{"_acf_changed":false},"product_brand":[39],"product_cat":[59],"product_tag":[601,563,600],"class_list":{"0":"post-5223","1":"product","2":"type-product","3":"status-publish","4":"has-post-thumbnail","6":"product_brand-ansell","7":"product_cat-proteccion-de-las-manos","8":"product_tag-ansell","9":"product_tag-distribuidor-ansell","10":"product_tag-guante-ansell","12":"first","13":"instock","14":"shipping-taxable","15":"purchasable","16":"product-type-simple"},"acf":[],"_links":{"self":[{"href":"https:\/\/valesafety.com.pe\/index.php?rest_route=\/wp\/v2\/product\/5223","targetHints":{"allow":["GET"]}}],"collection":[{"href":"https:\/\/valesafety.com.pe\/index.php?rest_route=\/wp\/v2\/product"}],"about":[{"href":"https:\/\/valesafety.com.pe\/index.php?rest_route=\/wp\/v2\/types\/product"}],"replies":[{"embeddable":true,"href":"https:\/\/valesafety.com.pe\/index.php?rest_route=%2Fwp%2Fv2%2Fcomments&post=5223"}],"wp:featuredmedia":[{"embeddable":true,"href":"https:\/\/valesafety.com.pe\/index.php?rest_route=\/wp\/v2\/media\/5279"}],"wp:attachment":[{"href":"https:\/\/valesafety.com.pe\/index.php?rest_route=%2Fwp%2Fv2%2Fmedia&parent=5223"}],"wp:term":[{"taxonomy":"product_brand","embeddable":true,"href":"https:\/\/valesafety.com.pe\/index.php?rest_route=%2Fwp%2Fv2%2Fproduct_brand&post=5223"},{"taxonomy":"product_cat","embeddable":true,"href":"https:\/\/valesafety.com.pe\/index.php?rest_route=%2Fwp%2Fv2%2Fproduct_cat&post=5223"},{"taxonomy":"product_tag","embeddable":true,"href":"https:\/\/valesafety.com.pe\/index.php?rest_route=%2Fwp%2Fv2%2Fproduct_tag&post=5223"}],"curies":[{"name":"wp","href":"https:\/\/api.w.org\/{rel}","templated":true}]}}