{"id":5222,"date":"2026-04-23T22:51:28","date_gmt":"2026-04-23T20:51:28","guid":{"rendered":"http:\/\/localhost\/borrador\/?post_type=product&#038;p=5222"},"modified":"2026-05-06T16:18:32","modified_gmt":"2026-05-06T21:18:32","slug":"guante-aphatec-58-735-ansell","status":"publish","type":"product","link":"https:\/\/valesafety.com.pe\/?product=guante-aphatec-58-735-ansell","title":{"rendered":"Guante Aphatec 58-735 Ansell"},"content":{"rendered":"<h2>Guante Aphatec 58-735 Ansell<\/h2>\n<ul>\n<li><strong data-start=\"829\" data-end=\"852\">Protecci\u00f3n qu\u00edmica:<\/strong> Barrera de nitrilo frente a productos qu\u00edmicos comunes.<\/li>\n<li><strong data-start=\"913\" data-end=\"931\">Alerta visual:<\/strong> Forro interno de alta visibilidad que indica desgaste o da\u00f1o.<\/li>\n<li><strong data-start=\"998\" data-end=\"1022\" data-is-only-node=\"\">Protecci\u00f3n al corte:<\/strong> INTERCEPT\u2122 con nivel ANSI A3 \/ EN ISO C.<\/li>\n<li><strong data-start=\"1068\" data-end=\"1088\">Agarre superior:<\/strong> Tratamiento AnsellGRIP\u2122 para superficies h\u00famedas y aceitosas.<\/li>\n<li><strong data-start=\"1155\" data-end=\"1176\">Alta durabilidad:<\/strong> Nivel 5 de resistencia a la abrasi\u00f3n ANSI.<\/li>\n<li><strong data-start=\"1224\" data-end=\"1244\">Mayor comodidad:<\/strong> Forro integrado que mejora el ajuste y la destreza.<\/li>\n<li><strong data-start=\"1301\" data-end=\"1325\">Apto para alimentos:<\/strong> Cumple normativa UE y FDA; certificado Oeko-Tex\u00ae Standard 100.<\/li>\n<\/ul>\n<p>Necesitas m\u00e1s productos encu\u00e9ntralos en nuestra <a href=\"https:\/\/valesafety.com.pe\/tienda\">tienda .<\/a><\/p>\n<p>Para m\u00e1s informaci\u00f3n sobre este y otros productos, no dudes en contactarnos por\u00a0<a href=\"http:\/\/wa.me\/977762682\" target=\"_blank\" rel=\"noopener\">WhatsApp<\/a>.<\/p>\n","protected":false},"excerpt":{"rendered":"<p>El Guante Aphatec 58-735 Ansell est\u00e1 dise\u00f1ado para entornos exigentes donde se requiere protecci\u00f3n qu\u00edmica, resistencia al corte y alto nivel de durabilidad, sin sacrificar agarre ni comodidad.<\/p>\n","protected":false},"featured_media":5269,"comment_status":"closed","ping_status":"closed","template":"","meta":{"_acf_changed":false},"product_brand":[39],"product_cat":[59],"product_tag":[601,563,600],"class_list":{"0":"post-5222","1":"product","2":"type-product","3":"status-publish","4":"has-post-thumbnail","6":"product_brand-ansell","7":"product_cat-proteccion-de-las-manos","8":"product_tag-ansell","9":"product_tag-distribuidor-ansell","10":"product_tag-guante-ansell","12":"first","13":"instock","14":"shipping-taxable","15":"purchasable","16":"product-type-simple"},"acf":[],"_links":{"self":[{"href":"https:\/\/valesafety.com.pe\/index.php?rest_route=\/wp\/v2\/product\/5222","targetHints":{"allow":["GET"]}}],"collection":[{"href":"https:\/\/valesafety.com.pe\/index.php?rest_route=\/wp\/v2\/product"}],"about":[{"href":"https:\/\/valesafety.com.pe\/index.php?rest_route=\/wp\/v2\/types\/product"}],"replies":[{"embeddable":true,"href":"https:\/\/valesafety.com.pe\/index.php?rest_route=%2Fwp%2Fv2%2Fcomments&post=5222"}],"wp:featuredmedia":[{"embeddable":true,"href":"https:\/\/valesafety.com.pe\/index.php?rest_route=\/wp\/v2\/media\/5269"}],"wp:attachment":[{"href":"https:\/\/valesafety.com.pe\/index.php?rest_route=%2Fwp%2Fv2%2Fmedia&parent=5222"}],"wp:term":[{"taxonomy":"product_brand","embeddable":true,"href":"https:\/\/valesafety.com.pe\/index.php?rest_route=%2Fwp%2Fv2%2Fproduct_brand&post=5222"},{"taxonomy":"product_cat","embeddable":true,"href":"https:\/\/valesafety.com.pe\/index.php?rest_route=%2Fwp%2Fv2%2Fproduct_cat&post=5222"},{"taxonomy":"product_tag","embeddable":true,"href":"https:\/\/valesafety.com.pe\/index.php?rest_route=%2Fwp%2Fv2%2Fproduct_tag&post=5222"}],"curies":[{"name":"wp","href":"https:\/\/api.w.org\/{rel}","templated":true}]}}