{"id":5212,"date":"2026-04-23T22:51:02","date_gmt":"2026-04-23T20:51:02","guid":{"rendered":"http:\/\/localhost\/borrador\/?post_type=product&#038;p=5212"},"modified":"2026-05-06T16:31:29","modified_gmt":"2026-05-06T21:31:29","slug":"guante-edge-48-701-cut5-ansell","status":"publish","type":"product","link":"https:\/\/valesafety.com.pe\/?product=guante-edge-48-701-cut5-ansell","title":{"rendered":"Guante Edge 48-701 CUT5 Ansell"},"content":{"rendered":"<h2>Guante Edge 48-701 CUT5 Ansell<\/h2>\n<ul>\n<li>Buen ajuste: Forro sin costuras con mu\u00f1eca tejida.<\/li>\n<li>Protecci\u00f3n al corte: Dos niveles de rendimiento seg\u00fan la aplicaci\u00f3n.<\/li>\n<li>Alta resistencia: Excelente desempe\u00f1o frente a la abrasi\u00f3n.<\/li>\n<li>Mejor control: Sensibilidad y destreza para trabajos precisos.<\/li>\n<li>Agarre funcional: Recubrimiento de PU para entornos ligeramente aceitosos.<\/li>\n<li>Opci\u00f3n econ\u00f3mica: Sustituye guantes de cuero y tejidos pesados.<\/li>\n<\/ul>\n<p>Necesitas m\u00e1s productos encu\u00e9ntralos en nuestra <a href=\"https:\/\/valesafety.com.pe\/tienda\">tienda .<\/a><\/p>\n<p>Para m\u00e1s informaci\u00f3n sobre este y otros productos, no dudes en contactarnos por\u00a0<a href=\"http:\/\/wa.me\/977762682\" target=\"_blank\" rel=\"noopener\">WhatsApp<\/a>.<\/p>\n","protected":false},"excerpt":{"rendered":"<p>El Guante EDGE 48-701 est\u00e1 dise\u00f1ado para aplicaciones resistentes al corte que requieren buen ajuste, sensibilidad y alta resistencia a la abrasi\u00f3n. Su forro sin costuras con mu\u00f1eca tejida proporciona un calce c\u00f3modo y seguro, mientras que el recubrimiento de PU en la palma mejora la protecci\u00f3n y el agarre en ambientes ligeramente aceitosos.<\/p>\n","protected":false},"featured_media":5266,"comment_status":"closed","ping_status":"closed","template":"","meta":{"_acf_changed":false},"product_brand":[39],"product_cat":[59],"product_tag":[601,563,600],"class_list":{"0":"post-5212","1":"product","2":"type-product","3":"status-publish","4":"has-post-thumbnail","6":"product_brand-ansell","7":"product_cat-proteccion-de-las-manos","8":"product_tag-ansell","9":"product_tag-distribuidor-ansell","10":"product_tag-guante-ansell","12":"first","13":"instock","14":"shipping-taxable","15":"purchasable","16":"product-type-simple"},"acf":[],"_links":{"self":[{"href":"https:\/\/valesafety.com.pe\/index.php?rest_route=\/wp\/v2\/product\/5212","targetHints":{"allow":["GET"]}}],"collection":[{"href":"https:\/\/valesafety.com.pe\/index.php?rest_route=\/wp\/v2\/product"}],"about":[{"href":"https:\/\/valesafety.com.pe\/index.php?rest_route=\/wp\/v2\/types\/product"}],"replies":[{"embeddable":true,"href":"https:\/\/valesafety.com.pe\/index.php?rest_route=%2Fwp%2Fv2%2Fcomments&post=5212"}],"wp:featuredmedia":[{"embeddable":true,"href":"https:\/\/valesafety.com.pe\/index.php?rest_route=\/wp\/v2\/media\/5266"}],"wp:attachment":[{"href":"https:\/\/valesafety.com.pe\/index.php?rest_route=%2Fwp%2Fv2%2Fmedia&parent=5212"}],"wp:term":[{"taxonomy":"product_brand","embeddable":true,"href":"https:\/\/valesafety.com.pe\/index.php?rest_route=%2Fwp%2Fv2%2Fproduct_brand&post=5212"},{"taxonomy":"product_cat","embeddable":true,"href":"https:\/\/valesafety.com.pe\/index.php?rest_route=%2Fwp%2Fv2%2Fproduct_cat&post=5212"},{"taxonomy":"product_tag","embeddable":true,"href":"https:\/\/valesafety.com.pe\/index.php?rest_route=%2Fwp%2Fv2%2Fproduct_tag&post=5212"}],"curies":[{"name":"wp","href":"https:\/\/api.w.org\/{rel}","templated":true}]}}