{"id":5210,"date":"2026-04-23T22:51:02","date_gmt":"2026-04-23T20:51:02","guid":{"rendered":"http:\/\/localhost\/borrador\/?post_type=product&#038;p=5210"},"modified":"2026-05-06T16:17:24","modified_gmt":"2026-05-06T21:17:24","slug":"guante-aphatec-23-202-ansell","status":"publish","type":"product","link":"https:\/\/valesafety.com.pe\/?product=guante-aphatec-23-202-ansell","title":{"rendered":"Guante Aphatec 23-202 Ansell"},"content":{"rendered":"<h2>Guante Aphatec 23-202 Ansell<\/h2>\n<ul>\n<li>Agarre mejorado: Acabado rugoso con chorro de arena en la mano y pu\u00f1o liso para mayor control en superficies h\u00famedas.<\/li>\n<li>Protecci\u00f3n t\u00e9rmica: Forro de algod\u00f3n sin costuras calibre 13 con interior polar, efectivo hasta -30 \u00b0C.<\/li>\n<li>Confort inmediato: Mantiene las manos calientes desde el primer uso.<\/li>\n<li>Resistencia qu\u00edmica moderada: Recubrimiento de PVC para mayor protecci\u00f3n.<\/li>\n<li>Apto para alimentos: Cumple normativas FDA y UE para manipulaci\u00f3n de alimentos.<\/li>\n<\/ul>\n<p>Necesitas m\u00e1s productos encu\u00e9ntralos en nuestra <a href=\"https:\/\/valesafety.com.pe\/tienda\">tienda .<\/a><\/p>\n<p>Para m\u00e1s informaci\u00f3n sobre este y otros productos, no dudes en contactarnos por\u00a0<a href=\"http:\/\/wa.me\/977762682\" target=\"_blank\" rel=\"noopener\">WhatsApp<\/a>.<\/p>\n","protected":false},"excerpt":{"rendered":"<p>El Guante Alphatec 23-202 Ansell est\u00e1 dise\u00f1ado para trabajos en ambientes fr\u00edos, h\u00famedos y resbaladizos, donde el agarre, el confort t\u00e9rmico y la seguridad alimentaria son clave.<\/p>\n","protected":false},"featured_media":5264,"comment_status":"closed","ping_status":"closed","template":"","meta":{"_acf_changed":false},"product_brand":[39],"product_cat":[59],"product_tag":[601,563,600],"class_list":{"0":"post-5210","1":"product","2":"type-product","3":"status-publish","4":"has-post-thumbnail","6":"product_brand-ansell","7":"product_cat-proteccion-de-las-manos","8":"product_tag-ansell","9":"product_tag-distribuidor-ansell","10":"product_tag-guante-ansell","12":"first","13":"instock","14":"shipping-taxable","15":"purchasable","16":"product-type-simple"},"acf":[],"_links":{"self":[{"href":"https:\/\/valesafety.com.pe\/index.php?rest_route=\/wp\/v2\/product\/5210","targetHints":{"allow":["GET"]}}],"collection":[{"href":"https:\/\/valesafety.com.pe\/index.php?rest_route=\/wp\/v2\/product"}],"about":[{"href":"https:\/\/valesafety.com.pe\/index.php?rest_route=\/wp\/v2\/types\/product"}],"replies":[{"embeddable":true,"href":"https:\/\/valesafety.com.pe\/index.php?rest_route=%2Fwp%2Fv2%2Fcomments&post=5210"}],"wp:featuredmedia":[{"embeddable":true,"href":"https:\/\/valesafety.com.pe\/index.php?rest_route=\/wp\/v2\/media\/5264"}],"wp:attachment":[{"href":"https:\/\/valesafety.com.pe\/index.php?rest_route=%2Fwp%2Fv2%2Fmedia&parent=5210"}],"wp:term":[{"taxonomy":"product_brand","embeddable":true,"href":"https:\/\/valesafety.com.pe\/index.php?rest_route=%2Fwp%2Fv2%2Fproduct_brand&post=5210"},{"taxonomy":"product_cat","embeddable":true,"href":"https:\/\/valesafety.com.pe\/index.php?rest_route=%2Fwp%2Fv2%2Fproduct_cat&post=5210"},{"taxonomy":"product_tag","embeddable":true,"href":"https:\/\/valesafety.com.pe\/index.php?rest_route=%2Fwp%2Fv2%2Fproduct_tag&post=5210"}],"curies":[{"name":"wp","href":"https:\/\/api.w.org\/{rel}","templated":true}]}}