{"id":5209,"date":"2026-04-23T22:51:02","date_gmt":"2026-04-23T20:51:02","guid":{"rendered":"http:\/\/localhost\/borrador\/?post_type=product&#038;p=5209"},"modified":"2026-05-06T16:43:59","modified_gmt":"2026-05-06T21:43:59","slug":"guante-hyflex-11-939-ansell","status":"publish","type":"product","link":"https:\/\/valesafety.com.pe\/?product=guante-hyflex-11-939-ansell","title":{"rendered":"Guante Hyflex 11-939 Ansell"},"content":{"rendered":"<h2>Guante Hyflex 11-939 Ansell<\/h2>\n<ul>\n<li>Protecci\u00f3n al corte: Certificaci\u00f3n EN ISO B \/ ANSI A2.<\/li>\n<li>Repelencia a l\u00edquidos: Tecnolog\u00eda RIPEL\u2122 contra aceites y fluidos.<\/li>\n<li>Pulgar reforzado: 12\u00d7 m\u00e1s elasticidad y mayor durabilidad.<\/li>\n<li>Alta resistencia: Recubrimiento FORTIX\u2122 contra abrasi\u00f3n.<\/li>\n<li>M\u00e1xima destreza: Dise\u00f1o calibre 18 con ERGOFORM\u2122.<\/li>\n<li>Mejor agarre: Ansell GRIP\u2122 reduce el esfuerzo al sujetar.<\/li>\n<li>Mayor comodidad: ZONZ\u2122 Comfort Fit minimiza la fatiga.<\/li>\n<\/ul>\n<p>Necesitas m\u00e1s productos encu\u00e9ntralos en nuestra <a href=\"https:\/\/valesafety.com.pe\/tienda\">tienda .<\/a><\/p>\n<p>Para m\u00e1s informaci\u00f3n sobre este y otros productos, no dudes en contactarnos por\u00a0<a href=\"http:\/\/wa.me\/977762682\" target=\"_blank\" rel=\"noopener\">WhatsApp<\/a>.<\/p>\n<p>&nbsp;<\/p>\n","protected":false},"excerpt":{"rendered":"<p>El Guante HyFlex 11-939 de Ansell est\u00e1 dise\u00f1ado para trabajos industriales que exigen alta precisi\u00f3n, resistencia y comodidad prolongada. Ofrece protecci\u00f3n al corte nivel EN ISO B \/ ANSI A2, combinada con tecnolog\u00edas avanzadas que repelen l\u00edquidos, mejoran el agarre y reducen la fatiga de la mano, incluso en jornadas intensas.<\/p>\n","protected":false},"featured_media":5263,"comment_status":"closed","ping_status":"closed","template":"","meta":{"_acf_changed":false},"product_brand":[39],"product_cat":[96,59],"product_tag":[601,563,600],"class_list":{"0":"post-5209","1":"product","2":"type-product","3":"status-publish","4":"has-post-thumbnail","6":"product_brand-ansell","7":"product_cat-guante-nitron","8":"product_cat-proteccion-de-las-manos","9":"product_tag-ansell","10":"product_tag-distribuidor-ansell","11":"product_tag-guante-ansell","13":"first","14":"instock","15":"shipping-taxable","16":"purchasable","17":"product-type-simple"},"acf":[],"_links":{"self":[{"href":"https:\/\/valesafety.com.pe\/index.php?rest_route=\/wp\/v2\/product\/5209","targetHints":{"allow":["GET"]}}],"collection":[{"href":"https:\/\/valesafety.com.pe\/index.php?rest_route=\/wp\/v2\/product"}],"about":[{"href":"https:\/\/valesafety.com.pe\/index.php?rest_route=\/wp\/v2\/types\/product"}],"replies":[{"embeddable":true,"href":"https:\/\/valesafety.com.pe\/index.php?rest_route=%2Fwp%2Fv2%2Fcomments&post=5209"}],"wp:featuredmedia":[{"embeddable":true,"href":"https:\/\/valesafety.com.pe\/index.php?rest_route=\/wp\/v2\/media\/5263"}],"wp:attachment":[{"href":"https:\/\/valesafety.com.pe\/index.php?rest_route=%2Fwp%2Fv2%2Fmedia&parent=5209"}],"wp:term":[{"taxonomy":"product_brand","embeddable":true,"href":"https:\/\/valesafety.com.pe\/index.php?rest_route=%2Fwp%2Fv2%2Fproduct_brand&post=5209"},{"taxonomy":"product_cat","embeddable":true,"href":"https:\/\/valesafety.com.pe\/index.php?rest_route=%2Fwp%2Fv2%2Fproduct_cat&post=5209"},{"taxonomy":"product_tag","embeddable":true,"href":"https:\/\/valesafety.com.pe\/index.php?rest_route=%2Fwp%2Fv2%2Fproduct_tag&post=5209"}],"curies":[{"name":"wp","href":"https:\/\/api.w.org\/{rel}","templated":true}]}}