{"id":5208,"date":"2026-04-23T22:51:02","date_gmt":"2026-04-23T20:51:02","guid":{"rendered":"http:\/\/localhost\/borrador\/?post_type=product&#038;p=5208"},"modified":"2026-05-06T16:42:48","modified_gmt":"2026-05-06T21:42:48","slug":"guante-hyflex-11-926-ansell","status":"publish","type":"product","link":"https:\/\/valesafety.com.pe\/?product=guante-hyflex-11-926-ansell","title":{"rendered":"Guante hyflex 11-926 Ansell"},"content":{"rendered":"<ul>\n<li data-start=\"1288\" data-end=\"1361\">Barrera RIPEL\u2122 Liquid Repellence que ayuda a repeler aceites y qu\u00edmicos<\/li>\n<li data-start=\"1364\" data-end=\"1428\">Mayor seguridad al reducir el contacto de l\u00edquidos con la piel<\/li>\n<li data-start=\"1431\" data-end=\"1501\">Recubrimiento de tres cuartos de inmersi\u00f3n para protecci\u00f3n extendida<\/li>\n<li data-start=\"1504\" data-end=\"1582\">Tratamiento Ansell GRIP\u2122 que mejora el agarre y reduce la fuerza de sujeci\u00f3n<\/li>\n<li data-start=\"1585\" data-end=\"1655\">Dise\u00f1o ergon\u00f3mico que favorece la flexibilidad y disminuye la fatiga<\/li>\n<li data-start=\"1658\" data-end=\"1702\">Forro ligero que mejora la maniobrabilidad<\/li>\n<li data-start=\"1705\" data-end=\"1773\">Combinaci\u00f3n de spandex y nailon para una sensaci\u00f3n de segunda piel<\/li>\n<li data-start=\"1776\" data-end=\"1842\">Nivel 3 de resistencia a la abrasi\u00f3n conforme a normas EN y ANSI<\/li>\n<\/ul>\n<p>Necesitas m\u00e1s productos encu\u00e9ntralos en nuestra <a href=\"https:\/\/valesafety.com.pe\/tienda\">tienda .<\/a><\/p>\n<p>Para m\u00e1s informaci\u00f3n sobre este y otros productos, no dudes en contactarnos por\u00a0<a href=\"http:\/\/wa.me\/977762682\" target=\"_blank\" rel=\"noopener\">WhatsApp<\/a>.<\/p>\n","protected":false},"excerpt":{"rendered":"<p>El Guante HyFlex 11-926 Ansell est\u00e1 dise\u00f1ado para ofrecer protecci\u00f3n especializada en entornos industriales, gracias a su barrera superficial RIPEL\u2122 Liquid Repellence, que ayuda a repeler aceites y ciertos productos qu\u00edmicos, evitando el contacto directo con la piel y mejorando la seguridad del trabajador.<\/p>\n","protected":false},"featured_media":5262,"comment_status":"closed","ping_status":"closed","template":"","meta":{"_acf_changed":false},"product_brand":[39],"product_cat":[96,59],"product_tag":[601,563,600],"class_list":{"0":"post-5208","1":"product","2":"type-product","3":"status-publish","4":"has-post-thumbnail","6":"product_brand-ansell","7":"product_cat-guante-nitron","8":"product_cat-proteccion-de-las-manos","9":"product_tag-ansell","10":"product_tag-distribuidor-ansell","11":"product_tag-guante-ansell","13":"first","14":"instock","15":"shipping-taxable","16":"purchasable","17":"product-type-simple"},"acf":[],"_links":{"self":[{"href":"https:\/\/valesafety.com.pe\/index.php?rest_route=\/wp\/v2\/product\/5208","targetHints":{"allow":["GET"]}}],"collection":[{"href":"https:\/\/valesafety.com.pe\/index.php?rest_route=\/wp\/v2\/product"}],"about":[{"href":"https:\/\/valesafety.com.pe\/index.php?rest_route=\/wp\/v2\/types\/product"}],"replies":[{"embeddable":true,"href":"https:\/\/valesafety.com.pe\/index.php?rest_route=%2Fwp%2Fv2%2Fcomments&post=5208"}],"wp:featuredmedia":[{"embeddable":true,"href":"https:\/\/valesafety.com.pe\/index.php?rest_route=\/wp\/v2\/media\/5262"}],"wp:attachment":[{"href":"https:\/\/valesafety.com.pe\/index.php?rest_route=%2Fwp%2Fv2%2Fmedia&parent=5208"}],"wp:term":[{"taxonomy":"product_brand","embeddable":true,"href":"https:\/\/valesafety.com.pe\/index.php?rest_route=%2Fwp%2Fv2%2Fproduct_brand&post=5208"},{"taxonomy":"product_cat","embeddable":true,"href":"https:\/\/valesafety.com.pe\/index.php?rest_route=%2Fwp%2Fv2%2Fproduct_cat&post=5208"},{"taxonomy":"product_tag","embeddable":true,"href":"https:\/\/valesafety.com.pe\/index.php?rest_route=%2Fwp%2Fv2%2Fproduct_tag&post=5208"}],"curies":[{"name":"wp","href":"https:\/\/api.w.org\/{rel}","templated":true}]}}