{"id":5207,"date":"2026-04-23T22:51:01","date_gmt":"2026-04-23T20:51:01","guid":{"rendered":"http:\/\/localhost\/borrador\/?post_type=product&#038;p=5207"},"modified":"2026-05-06T16:42:03","modified_gmt":"2026-05-06T21:42:03","slug":"guante-hyflex-11-510-ansell","status":"publish","type":"product","link":"https:\/\/valesafety.com.pe\/?product=guante-hyflex-11-510-ansell","title":{"rendered":"Guante Hyflex 11-510 Ansell"},"content":{"rendered":"<ul>\n<li data-start=\"1148\" data-end=\"1220\">Dise\u00f1o patentado de punto variable para mayor flexibilidad y ergonom\u00eda<\/li>\n<li data-start=\"1223\" data-end=\"1291\">Tecnolog\u00eda ZONZ\u2122 Comfort Fit para mayor confort y transpirabilidad<\/li>\n<li data-start=\"1294\" data-end=\"1354\">Pu\u00f1o ComfortFlex que mejora el ajuste y la maniobrabilidad<\/li>\n<li data-start=\"1357\" data-end=\"1415\">Protecci\u00f3n contra cortes conforme a normativas EN y ANSI<\/li>\n<li data-start=\"1418\" data-end=\"1482\">Hilado zonal de nailon y Kevlar\u00ae que incrementa la durabilidad<\/li>\n<li data-start=\"1485\" data-end=\"1559\">Mayor resistencia frente al desgaste en comparaci\u00f3n con guantes est\u00e1ndar<\/li>\n<li data-start=\"1562\" data-end=\"1607\">Agarre mejorado gracias a su trenzado zonal<\/li>\n<li data-start=\"1610\" data-end=\"1663\">Guante libre de l\u00e1tex que reduce riesgos de alergia<\/li>\n<\/ul>\n<p>Necesitas m\u00e1s productos encu\u00e9ntralos en nuestra <a href=\"https:\/\/valesafety.com.pe\/tienda\">tienda .<\/a><\/p>\n<p>Para m\u00e1s informaci\u00f3n sobre este y otros productos, no dudes en contactarnos por\u00a0<a href=\"http:\/\/wa.me\/977762682\" target=\"_blank\" rel=\"noopener\">WhatsApp<\/a>.<\/p>\n","protected":false},"excerpt":{"rendered":"<p>El Guante HyFlex 11-510 est\u00e1 dise\u00f1ado para ofrecer m\u00e1xima destreza y ergonom\u00eda, gracias a su dise\u00f1o patentado de punto variable, que se adapta a la forma natural de la mano y permite movimientos m\u00e1s precisos y fluidos.<\/p>\n","protected":false},"featured_media":5261,"comment_status":"closed","ping_status":"closed","template":"","meta":{"_acf_changed":false},"product_brand":[39],"product_cat":[96,59],"product_tag":[601,563,600],"class_list":{"0":"post-5207","1":"product","2":"type-product","3":"status-publish","4":"has-post-thumbnail","6":"product_brand-ansell","7":"product_cat-guante-nitron","8":"product_cat-proteccion-de-las-manos","9":"product_tag-ansell","10":"product_tag-distribuidor-ansell","11":"product_tag-guante-ansell","13":"first","14":"instock","15":"shipping-taxable","16":"purchasable","17":"product-type-simple"},"acf":[],"_links":{"self":[{"href":"https:\/\/valesafety.com.pe\/index.php?rest_route=\/wp\/v2\/product\/5207","targetHints":{"allow":["GET"]}}],"collection":[{"href":"https:\/\/valesafety.com.pe\/index.php?rest_route=\/wp\/v2\/product"}],"about":[{"href":"https:\/\/valesafety.com.pe\/index.php?rest_route=\/wp\/v2\/types\/product"}],"replies":[{"embeddable":true,"href":"https:\/\/valesafety.com.pe\/index.php?rest_route=%2Fwp%2Fv2%2Fcomments&post=5207"}],"wp:featuredmedia":[{"embeddable":true,"href":"https:\/\/valesafety.com.pe\/index.php?rest_route=\/wp\/v2\/media\/5261"}],"wp:attachment":[{"href":"https:\/\/valesafety.com.pe\/index.php?rest_route=%2Fwp%2Fv2%2Fmedia&parent=5207"}],"wp:term":[{"taxonomy":"product_brand","embeddable":true,"href":"https:\/\/valesafety.com.pe\/index.php?rest_route=%2Fwp%2Fv2%2Fproduct_brand&post=5207"},{"taxonomy":"product_cat","embeddable":true,"href":"https:\/\/valesafety.com.pe\/index.php?rest_route=%2Fwp%2Fv2%2Fproduct_cat&post=5207"},{"taxonomy":"product_tag","embeddable":true,"href":"https:\/\/valesafety.com.pe\/index.php?rest_route=%2Fwp%2Fv2%2Fproduct_tag&post=5207"}],"curies":[{"name":"wp","href":"https:\/\/api.w.org\/{rel}","templated":true}]}}