{"id":5206,"date":"2026-04-23T22:51:01","date_gmt":"2026-04-23T20:51:01","guid":{"rendered":"http:\/\/localhost\/borrador\/?post_type=product&#038;p=5206"},"modified":"2026-05-06T16:41:13","modified_gmt":"2026-05-06T21:41:13","slug":"guante-hyflex-11-501-ansell","status":"publish","type":"product","link":"https:\/\/valesafety.com.pe\/?product=guante-hyflex-11-501-ansell","title":{"rendered":"Guante Hyflex 11-501 Ansell"},"content":{"rendered":"<ul>\n<li data-start=\"1169\" data-end=\"1223\">Tecnolog\u00eda INTERCEPT\u2122 para alta resistencia al corte<\/li>\n<li data-start=\"1226\" data-end=\"1301\">Armadura el\u00e1stica de DuPont\u2122 Kevlar\u00ae para mayor protecci\u00f3n y flexibilidad<\/li>\n<li data-start=\"1304\" data-end=\"1354\">Nivel de resistencia al corte ANSI A5 \/ EN ISO D<\/li>\n<li data-start=\"1357\" data-end=\"1410\">Dise\u00f1o ergon\u00f3mico que reduce la fatiga de las manos<\/li>\n<li data-start=\"1413\" data-end=\"1471\">Sensaci\u00f3n de mano desnuda para mayor comodidad y control<\/li>\n<li data-start=\"1474\" data-end=\"1530\">Recubrimiento de espuma de nitrilo con agarre mejorado<\/li>\n<li data-start=\"1533\" data-end=\"1594\">Buen desempe\u00f1o en superficies secas y ligeramente aceitosas<\/li>\n<li data-start=\"1597\" data-end=\"1650\">Alta sensibilidad t\u00e1ctil para trabajos de precisi\u00f3n<\/li>\n<li data-start=\"1653\" data-end=\"1709\">Resistencia al calor por contacto nivel 1 seg\u00fan EN 407<\/li>\n<\/ul>\n<p>Necesitas m\u00e1s productos encu\u00e9ntralos en nuestra <a href=\"https:\/\/valesafety.com.pe\/tienda\">tienda .<\/a><\/p>\n<p>Para m\u00e1s informaci\u00f3n sobre este y otros productos, no dudes en contactarnos por\u00a0<a href=\"http:\/\/wa.me\/977762682\" target=\"_blank\" rel=\"noopener\">WhatsApp<\/a>.<\/p>\n","protected":false},"excerpt":{"rendered":"<p>El Guante HyFlex 11-501 Ansell est\u00e1 dise\u00f1ado para ofrecer protecci\u00f3n avanzada contra cortes, combinando la Tecnolog\u00eda INTERCEPT\u2122 de resistencia al corte con una armadura el\u00e1stica de DuPont\u2122 Kevlar\u00ae.<\/p>\n","protected":false},"featured_media":5253,"comment_status":"closed","ping_status":"closed","template":"","meta":{"_acf_changed":false},"product_brand":[39],"product_cat":[96,59],"product_tag":[601,563,600],"class_list":{"0":"post-5206","1":"product","2":"type-product","3":"status-publish","4":"has-post-thumbnail","6":"product_brand-ansell","7":"product_cat-guante-nitron","8":"product_cat-proteccion-de-las-manos","9":"product_tag-ansell","10":"product_tag-distribuidor-ansell","11":"product_tag-guante-ansell","13":"first","14":"instock","15":"shipping-taxable","16":"purchasable","17":"product-type-simple"},"acf":[],"_links":{"self":[{"href":"https:\/\/valesafety.com.pe\/index.php?rest_route=\/wp\/v2\/product\/5206","targetHints":{"allow":["GET"]}}],"collection":[{"href":"https:\/\/valesafety.com.pe\/index.php?rest_route=\/wp\/v2\/product"}],"about":[{"href":"https:\/\/valesafety.com.pe\/index.php?rest_route=\/wp\/v2\/types\/product"}],"replies":[{"embeddable":true,"href":"https:\/\/valesafety.com.pe\/index.php?rest_route=%2Fwp%2Fv2%2Fcomments&post=5206"}],"wp:featuredmedia":[{"embeddable":true,"href":"https:\/\/valesafety.com.pe\/index.php?rest_route=\/wp\/v2\/media\/5253"}],"wp:attachment":[{"href":"https:\/\/valesafety.com.pe\/index.php?rest_route=%2Fwp%2Fv2%2Fmedia&parent=5206"}],"wp:term":[{"taxonomy":"product_brand","embeddable":true,"href":"https:\/\/valesafety.com.pe\/index.php?rest_route=%2Fwp%2Fv2%2Fproduct_brand&post=5206"},{"taxonomy":"product_cat","embeddable":true,"href":"https:\/\/valesafety.com.pe\/index.php?rest_route=%2Fwp%2Fv2%2Fproduct_cat&post=5206"},{"taxonomy":"product_tag","embeddable":true,"href":"https:\/\/valesafety.com.pe\/index.php?rest_route=%2Fwp%2Fv2%2Fproduct_tag&post=5206"}],"curies":[{"name":"wp","href":"https:\/\/api.w.org\/{rel}","templated":true}]}}