{"id":5196,"date":"2026-04-23T22:50:32","date_gmt":"2026-04-23T20:50:32","guid":{"rendered":"http:\/\/localhost\/borrador\/?post_type=product&#038;p=5196"},"modified":"2026-05-06T16:14:49","modified_gmt":"2026-05-06T21:14:49","slug":"guante-08-354-ansell-aphatec-scorpio","status":"publish","type":"product","link":"https:\/\/valesafety.com.pe\/?product=guante-08-354-ansell-aphatec-scorpio","title":{"rendered":"Guante 08-354 Ansell Aphatec Scorpio"},"content":{"rendered":"<h2>Guante 08-354 Ansell Aphatec Scorpio<\/h2>\n<ul>\n<li data-start=\"1180\" data-end=\"1249\">Guantes de seguridad fabricados en neopreno con acabado texturizado<\/li>\n<li data-start=\"1252\" data-end=\"1329\">100% impermeables, ideales para el manejo de l\u00edquidos y qu\u00edmicos peligrosos<\/li>\n<li data-start=\"1332\" data-end=\"1405\">Alta resistencia qu\u00edmica para aplicaciones industriales de riesgo medio<\/li>\n<li data-start=\"1408\" data-end=\"1484\">Superficie rugosa que mejora el agarre en ambientes h\u00famedos y resbaladizos<\/li>\n<li data-start=\"1487\" data-end=\"1563\">Forro interior de algod\u00f3n suave que amortigua la mano y absorbe la humedad<\/li>\n<li data-start=\"1566\" data-end=\"1642\">Dise\u00f1o flexible que facilita la manipulaci\u00f3n de objetos y reduce la fatiga<\/li>\n<li data-start=\"1645\" data-end=\"1699\">Forro de tejido indesmallable recubierto de neopreno<\/li>\n<li data-start=\"1702\" data-end=\"1747\">Anteriormente conocido como Scorpio\u2122 08-354<\/li>\n<\/ul>\n<p>Necesitas m\u00e1s productos encu\u00e9ntralos en nuestra <a href=\"https:\/\/valesafety.com.pe\/tienda\">tienda .<\/a><\/p>\n<p>Para m\u00e1s informaci\u00f3n sobre este y otros productos, no dudes en contactarnos por\u00a0<a href=\"http:\/\/wa.me\/977762682\" target=\"_blank\" rel=\"noopener\">WhatsApp<\/a>.<\/p>\n","protected":false},"excerpt":{"rendered":"<p>El Guante 08-354 Ansell AlphaTec\u00ae es un guante de seguridad de neopreno dise\u00f1ado para brindar protecci\u00f3n avanzada contra productos qu\u00edmicos y l\u00edquidos peligrosos.<\/p>\n","protected":false},"featured_media":5251,"comment_status":"closed","ping_status":"closed","template":"","meta":{"_acf_changed":false},"product_brand":[39],"product_cat":[96,59],"product_tag":[601,563,600],"class_list":{"0":"post-5196","1":"product","2":"type-product","3":"status-publish","4":"has-post-thumbnail","6":"product_brand-ansell","7":"product_cat-guante-nitron","8":"product_cat-proteccion-de-las-manos","9":"product_tag-ansell","10":"product_tag-distribuidor-ansell","11":"product_tag-guante-ansell","13":"first","14":"instock","15":"shipping-taxable","16":"purchasable","17":"product-type-simple"},"acf":[],"_links":{"self":[{"href":"https:\/\/valesafety.com.pe\/index.php?rest_route=\/wp\/v2\/product\/5196","targetHints":{"allow":["GET"]}}],"collection":[{"href":"https:\/\/valesafety.com.pe\/index.php?rest_route=\/wp\/v2\/product"}],"about":[{"href":"https:\/\/valesafety.com.pe\/index.php?rest_route=\/wp\/v2\/types\/product"}],"replies":[{"embeddable":true,"href":"https:\/\/valesafety.com.pe\/index.php?rest_route=%2Fwp%2Fv2%2Fcomments&post=5196"}],"wp:featuredmedia":[{"embeddable":true,"href":"https:\/\/valesafety.com.pe\/index.php?rest_route=\/wp\/v2\/media\/5251"}],"wp:attachment":[{"href":"https:\/\/valesafety.com.pe\/index.php?rest_route=%2Fwp%2Fv2%2Fmedia&parent=5196"}],"wp:term":[{"taxonomy":"product_brand","embeddable":true,"href":"https:\/\/valesafety.com.pe\/index.php?rest_route=%2Fwp%2Fv2%2Fproduct_brand&post=5196"},{"taxonomy":"product_cat","embeddable":true,"href":"https:\/\/valesafety.com.pe\/index.php?rest_route=%2Fwp%2Fv2%2Fproduct_cat&post=5196"},{"taxonomy":"product_tag","embeddable":true,"href":"https:\/\/valesafety.com.pe\/index.php?rest_route=%2Fwp%2Fv2%2Fproduct_tag&post=5196"}],"curies":[{"name":"wp","href":"https:\/\/api.w.org\/{rel}","templated":true}]}}