{"id":5174,"date":"2026-04-23T22:49:52","date_gmt":"2026-04-23T20:49:52","guid":{"rendered":"http:\/\/localhost\/borrador\/?post_type=product&#038;p=5174"},"modified":"2026-05-06T10:11:11","modified_gmt":"2026-05-06T15:11:11","slug":"alicate-de-corte-6pinza-alta-palanca","status":"publish","type":"product","link":"https:\/\/valesafety.com.pe\/?product=alicate-de-corte-6pinza-alta-palanca","title":{"rendered":"Alicate de Corte 6&#8243;pinza alta palanca"},"content":{"rendered":"<div class=\"row body_especs_text tamanio_text margen_mobile\">\n<div class=\"col-11 especs_margen\">\n<ul>\n<li class=\"lh-1\">Fabricada en acero al cromo vanadio, 2X m\u00e1s resistente al desgaste que las de acero al carbono<\/li>\n<li class=\"lh-1\">Acabado niquelado gris, 3X m\u00e1s resistente a la corrosi\u00f3n<\/li>\n<li class=\"lh-1\">A\u00edsla hasta 1,000 voltios de corriente alterna<\/li>\n<li class=\"lh-1\">Mango ergon\u00f3mico con topes que evitan el deslizamiento de la mano<\/li>\n<li class=\"lh-1\">Cuchillas afiladas para cortes r\u00e1pidos y precisos<\/li>\n<\/ul>\n<p>Necesitas m\u00e1s productos encu\u00e9ntralos en nuestra <a href=\"https:\/\/valesafety.com.pe\/tienda\">tienda .<\/a><\/p>\n<p>Para m\u00e1s informaci\u00f3n sobre este y otros productos, no dudes en contactarnos por\u00a0<a href=\"http:\/\/wa.me\/977762682\" target=\"_blank\" rel=\"noopener\">WhatsApp<\/a>.<\/p>\n<\/div>\n<\/div>\n","protected":false},"excerpt":{"rendered":"<p>Fabricada en acero al cromo vanadio, 2X m\u00e1s resistente al desgaste que las de acero al carbono Acabado niquelado gris, 3X m\u00e1s resistente a la corrosi\u00f3n A\u00edsla hasta 1,000 voltios de corriente alterna Mango ergon\u00f3mico con topes que evitan el deslizamiento de la mano Cuchillas afiladas para cortes r\u00e1pidos y precisos Necesitas m\u00e1s productos encu\u00e9ntralos [&hellip;]<\/p>\n","protected":false},"featured_media":5228,"comment_status":"closed","ping_status":"closed","template":"","meta":{"_acf_changed":false},"product_brand":[37],"product_cat":[469],"product_tag":[596,597,598,599],"class_list":{"0":"post-5174","1":"product","2":"type-product","3":"status-publish","4":"has-post-thumbnail","6":"product_brand-truper","7":"product_cat-sin-categorizar","8":"product_tag-alicate-truper","9":"product_tag-distribuidor-truper","10":"product_tag-pinza-truper","11":"product_tag-truper","13":"first","14":"instock","15":"shipping-taxable","16":"purchasable","17":"product-type-simple"},"acf":[],"_links":{"self":[{"href":"https:\/\/valesafety.com.pe\/index.php?rest_route=\/wp\/v2\/product\/5174","targetHints":{"allow":["GET"]}}],"collection":[{"href":"https:\/\/valesafety.com.pe\/index.php?rest_route=\/wp\/v2\/product"}],"about":[{"href":"https:\/\/valesafety.com.pe\/index.php?rest_route=\/wp\/v2\/types\/product"}],"replies":[{"embeddable":true,"href":"https:\/\/valesafety.com.pe\/index.php?rest_route=%2Fwp%2Fv2%2Fcomments&post=5174"}],"wp:featuredmedia":[{"embeddable":true,"href":"https:\/\/valesafety.com.pe\/index.php?rest_route=\/wp\/v2\/media\/5228"}],"wp:attachment":[{"href":"https:\/\/valesafety.com.pe\/index.php?rest_route=%2Fwp%2Fv2%2Fmedia&parent=5174"}],"wp:term":[{"taxonomy":"product_brand","embeddable":true,"href":"https:\/\/valesafety.com.pe\/index.php?rest_route=%2Fwp%2Fv2%2Fproduct_brand&post=5174"},{"taxonomy":"product_cat","embeddable":true,"href":"https:\/\/valesafety.com.pe\/index.php?rest_route=%2Fwp%2Fv2%2Fproduct_cat&post=5174"},{"taxonomy":"product_tag","embeddable":true,"href":"https:\/\/valesafety.com.pe\/index.php?rest_route=%2Fwp%2Fv2%2Fproduct_tag&post=5174"}],"curies":[{"name":"wp","href":"https:\/\/api.w.org\/{rel}","templated":true}]}}