{"id":5162,"date":"2026-04-23T22:49:25","date_gmt":"2026-04-23T20:49:25","guid":{"rendered":"http:\/\/localhost\/borrador\/?post_type=product&#038;p=5162"},"modified":"2026-05-06T10:08:30","modified_gmt":"2026-05-06T15:08:30","slug":"adaptador-central-6884-para-mascara-de-cara-completa-3m","status":"publish","type":"product","link":"https:\/\/valesafety.com.pe\/?product=adaptador-central-6884-para-mascara-de-cara-completa-3m","title":{"rendered":"Adaptador Central 6884 para Mascara de Cara Completa 3M"},"content":{"rendered":"<p>Cuenta con una v\u00e1lvula de exhalaci\u00f3n de dise\u00f1o patentado que aumenta la comodidad de quien lo usa. El dise\u00f1o exclusivo de la cubierta de la v\u00e1lvula tambi\u00e9n mejora la protecci\u00f3n de la v\u00e1lvula de exhalaci\u00f3n contra escombros. Dise\u00f1ado para usarse con el respirador de cara completa 6800, incluyendo la v\u00e1lvula de exhalaci\u00f3n 7583.<\/p>\n<p>Necesitas m\u00e1s productos encu\u00e9ntralos en nuestra <a href=\"https:\/\/valesafety.com.pe\/tienda\">tienda .<\/a><\/p>\n<p>Para m\u00e1s informaci\u00f3n sobre este y otros productos, no dudes en contactarnos por\u00a0<a href=\"http:\/\/wa.me\/977762682\" target=\"_blank\" rel=\"noopener\">WhatsApp<\/a>.<\/p>\n","protected":false},"excerpt":{"rendered":"<div class=\"sps2-pdp_details--white_container undefined\">\n<div>\n<p>Incluye v\u00e1lvula de exhalaci\u00f3n y sello para v\u00e1lvula de exhalaci\u00f3n<\/p>\n<\/div>\n<\/div>\n","protected":false},"featured_media":5216,"comment_status":"closed","ping_status":"closed","template":"","meta":{"_acf_changed":false},"product_brand":[38],"product_cat":[101],"product_tag":[591,544,592],"class_list":{"0":"post-5162","1":"product","2":"type-product","3":"status-publish","4":"has-post-thumbnail","6":"product_brand-3m","7":"product_cat-otros","8":"product_tag-adaptador-6884","9":"product_tag-distribuidor-3m","10":"product_tag-respirador-cara-completa","12":"first","13":"instock","14":"shipping-taxable","15":"purchasable","16":"product-type-simple"},"acf":[],"_links":{"self":[{"href":"https:\/\/valesafety.com.pe\/index.php?rest_route=\/wp\/v2\/product\/5162","targetHints":{"allow":["GET"]}}],"collection":[{"href":"https:\/\/valesafety.com.pe\/index.php?rest_route=\/wp\/v2\/product"}],"about":[{"href":"https:\/\/valesafety.com.pe\/index.php?rest_route=\/wp\/v2\/types\/product"}],"replies":[{"embeddable":true,"href":"https:\/\/valesafety.com.pe\/index.php?rest_route=%2Fwp%2Fv2%2Fcomments&post=5162"}],"wp:featuredmedia":[{"embeddable":true,"href":"https:\/\/valesafety.com.pe\/index.php?rest_route=\/wp\/v2\/media\/5216"}],"wp:attachment":[{"href":"https:\/\/valesafety.com.pe\/index.php?rest_route=%2Fwp%2Fv2%2Fmedia&parent=5162"}],"wp:term":[{"taxonomy":"product_brand","embeddable":true,"href":"https:\/\/valesafety.com.pe\/index.php?rest_route=%2Fwp%2Fv2%2Fproduct_brand&post=5162"},{"taxonomy":"product_cat","embeddable":true,"href":"https:\/\/valesafety.com.pe\/index.php?rest_route=%2Fwp%2Fv2%2Fproduct_cat&post=5162"},{"taxonomy":"product_tag","embeddable":true,"href":"https:\/\/valesafety.com.pe\/index.php?rest_route=%2Fwp%2Fv2%2Fproduct_tag&post=5162"}],"curies":[{"name":"wp","href":"https:\/\/api.w.org\/{rel}","templated":true}]}}