{"id":5154,"date":"2026-04-23T22:49:23","date_gmt":"2026-04-23T20:49:23","guid":{"rendered":"http:\/\/localhost\/borrador\/?post_type=product&#038;p=5154"},"modified":"2026-04-29T16:52:07","modified_gmt":"2026-04-29T21:52:07","slug":"cinturon-liniero-de-posicionamiento-de-cuero-sintetico","status":"publish","type":"product","link":"https:\/\/valesafety.com.pe\/?product=cinturon-liniero-de-posicionamiento-de-cuero-sintetico","title":{"rendered":"Cintur\u00f3n Liniero de Posicionamiento de Cuero Sint\u00e9tico"},"content":{"rendered":"<h2>Cintur\u00f3n Liniero de Posicionamiento de Cuero Sint\u00e9tico<\/h2>\n<ul>\n<li data-start=\"557\" data-end=\"698\">Fabricado en cuero sint\u00e9tico de alta resistencia, ideal para trabajos de posicionamiento en altura y maniobras de seguridad industrial.<\/li>\n<li data-start=\"701\" data-end=\"868\">Dise\u00f1ado para linieros, electricistas, t\u00e9cnicos de telecomunicaciones y trabajadores de mantenimiento que requieren estabilidad en postes y estructuras elevadas.<\/li>\n<li data-start=\"871\" data-end=\"983\">Sistema de hebillas y argollas met\u00e1licas reforzadas que garantizan un anclaje seguro al punto de sujeci\u00f3n.<\/li>\n<li data-start=\"986\" data-end=\"1100\">Cintur\u00f3n ergon\u00f3mico que distribuye el peso de manera uniforme, reduciendo la fatiga durante largas jornadas.<\/li>\n<li data-start=\"1103\" data-end=\"1221\">Compatible con eslingas, mosquetones y l\u00edneas de vida, cumpliendo est\u00e1ndares de seguridad en trabajos en altura.<\/li>\n<li data-start=\"1224\" data-end=\"1298\">Resistente a la fricci\u00f3n, la tensi\u00f3n y condiciones de trabajo exigentes.<\/li>\n<li data-start=\"1301\" data-end=\"1390\">Permite ajuste regulable para adaptarse a distintas tallas y brindar mayor confort.<\/li>\n<li data-start=\"1391\" data-end=\"1532\">\n<p data-start=\"1393\" data-end=\"1532\">Especial para labores en postes el\u00e9ctricos, torres de telecomunicaci\u00f3n, trabajos forestales, construcci\u00f3n y mantenimiento industrial.<\/p>\n<\/li>\n<\/ul>\n<p>Necesitas m\u00e1s productos encu\u00e9ntralos en nuestra <a href=\"https:\/\/valesafety.com.pe\/tienda\">tienda .<\/a><\/p>\n<p>Para m\u00e1s informaci\u00f3n sobre este y otros productos, no dudes en contactarnos por\u00a0<a href=\"http:\/\/wa.me\/977762682\" target=\"_blank\" rel=\"noopener\">WhatsApp<\/a>.<\/p>\n","protected":false},"excerpt":{"rendered":"<p data-start=\"355\" data-end=\"780\">El Cintur\u00f3n Liniero de Posicionamiento de Cuero Sint\u00e9tico est\u00e1 dise\u00f1ado para ofrecer seguridad, soporte y comodidad en trabajos en altura. Su construcci\u00f3n en cuero sint\u00e9tico de alta resistencia lo convierte en un equipo confiable para linieros, electricistas y t\u00e9cnicos que requieren un posicionamiento firme y seguro en postes, torres o estructuras elevadas.<\/p>\n","protected":false},"featured_media":5201,"comment_status":"closed","ping_status":"closed","template":"","meta":{"_acf_changed":false},"product_brand":[],"product_cat":[58],"product_tag":[],"class_list":{"0":"post-5154","1":"product","2":"type-product","3":"status-publish","4":"has-post-thumbnail","6":"product_cat-proteccion-de-alturas","8":"first","9":"instock","10":"shipping-taxable","11":"purchasable","12":"product-type-simple"},"acf":[],"_links":{"self":[{"href":"https:\/\/valesafety.com.pe\/index.php?rest_route=\/wp\/v2\/product\/5154","targetHints":{"allow":["GET"]}}],"collection":[{"href":"https:\/\/valesafety.com.pe\/index.php?rest_route=\/wp\/v2\/product"}],"about":[{"href":"https:\/\/valesafety.com.pe\/index.php?rest_route=\/wp\/v2\/types\/product"}],"replies":[{"embeddable":true,"href":"https:\/\/valesafety.com.pe\/index.php?rest_route=%2Fwp%2Fv2%2Fcomments&post=5154"}],"wp:featuredmedia":[{"embeddable":true,"href":"https:\/\/valesafety.com.pe\/index.php?rest_route=\/wp\/v2\/media\/5201"}],"wp:attachment":[{"href":"https:\/\/valesafety.com.pe\/index.php?rest_route=%2Fwp%2Fv2%2Fmedia&parent=5154"}],"wp:term":[{"taxonomy":"product_brand","embeddable":true,"href":"https:\/\/valesafety.com.pe\/index.php?rest_route=%2Fwp%2Fv2%2Fproduct_brand&post=5154"},{"taxonomy":"product_cat","embeddable":true,"href":"https:\/\/valesafety.com.pe\/index.php?rest_route=%2Fwp%2Fv2%2Fproduct_cat&post=5154"},{"taxonomy":"product_tag","embeddable":true,"href":"https:\/\/valesafety.com.pe\/index.php?rest_route=%2Fwp%2Fv2%2Fproduct_tag&post=5154"}],"curies":[{"name":"wp","href":"https:\/\/api.w.org\/{rel}","templated":true}]}}