{"id":5126,"date":"2026-04-23T22:48:26","date_gmt":"2026-04-23T20:48:26","guid":{"rendered":"http:\/\/localhost\/borrador\/?post_type=product&#038;p=5126"},"modified":"2026-05-06T16:00:58","modified_gmt":"2026-05-06T21:00:58","slug":"ducha-lavaojos-haws-avlis-ci-001-h-axion-galvanizado","status":"publish","type":"product","link":"https:\/\/valesafety.com.pe\/?product=ducha-lavaojos-haws-avlis-ci-001-h-axion-galvanizado","title":{"rendered":"Ducha Lavaojos Haws Avlis CI-001-H Axion Galvanizado"},"content":{"rendered":"<h2>Ducha Lavaojos Haws Avlis CI-001-H Axion Galvanizado<\/h2>\n<ul>\n<li data-start=\"1296\" data-end=\"1350\">Fabricaci\u00f3n en acero inoxidable de alta resistencia.<\/li>\n<li data-start=\"1353\" data-end=\"1438\">Ducha de accionamiento manual con manija triangular y lavaojos con placa de empuje.<\/li>\n<li data-start=\"1441\" data-end=\"1491\">Pileta lavaojos \u00d8290 mm y flor de ducha \u00d8270 mm.<\/li>\n<li data-start=\"1494\" data-end=\"1579\">Cumple con la norma <strong data-start=\"1514\" data-end=\"1539\">ANSI\/ISEA Z358.1-2009<\/strong> para duchas y lavaojos de emergencia.<\/li>\n<li data-start=\"1582\" data-end=\"1644\">Certificaci\u00f3n de calidad <strong data-start=\"1607\" data-end=\"1624\">ISO 9001\/2008<\/strong> de Avlis by Haws.<\/li>\n<li data-start=\"1647\" data-end=\"1694\">Conexiones: entrada 1\u201d BSP y salida 3\/4\u201d NPT.<\/li>\n<li data-start=\"1697\" data-end=\"1737\">F\u00e1cil instalaci\u00f3n con manual incluido.<\/li>\n<\/ul>\n<p>Necesitas m\u00e1s productos encu\u00e9ntralos en nuestra <a href=\"https:\/\/valesafety.com.pe\/tienda\">tienda .<\/a><\/p>\n<p>Para m\u00e1s informaci\u00f3n sobre este y otros productos, no dudes en contactarnos por\u00a0<a href=\"http:\/\/wa.me\/977762682\" target=\"_blank\" rel=\"noopener\">WhatsApp<\/a>.<\/p>\n","protected":false},"excerpt":{"rendered":"<p data-start=\"610\" data-end=\"942\">La Ducha Lavaojos Haws Avlis CI-001-H Axion Galvanizado es un equipo de emergencia dise\u00f1ado para ofrecer una respuesta inmediata en casos de exposici\u00f3n a sustancias qu\u00edmicas peligrosas. Su estructura en acero inoxidable garantiza resistencia, durabilidad y confiabilidad en entornos industriales y laborales exigentes.<\/p>\n<p data-start=\"944\" data-end=\"1255\">\n","protected":false},"featured_media":5183,"comment_status":"closed","ping_status":"closed","template":"","meta":{"_acf_changed":false},"product_brand":[634],"product_cat":[48],"product_tag":[572,573],"class_list":{"0":"post-5126","1":"product","2":"type-product","3":"status-publish","4":"has-post-thumbnail","6":"product_brand-haws","7":"product_cat-duchas-y-lavaojos","8":"product_tag-distribuidor-haws","9":"product_tag-haws-avlis-peru","11":"first","12":"instock","13":"shipping-taxable","14":"purchasable","15":"product-type-simple"},"acf":[],"_links":{"self":[{"href":"https:\/\/valesafety.com.pe\/index.php?rest_route=\/wp\/v2\/product\/5126","targetHints":{"allow":["GET"]}}],"collection":[{"href":"https:\/\/valesafety.com.pe\/index.php?rest_route=\/wp\/v2\/product"}],"about":[{"href":"https:\/\/valesafety.com.pe\/index.php?rest_route=\/wp\/v2\/types\/product"}],"replies":[{"embeddable":true,"href":"https:\/\/valesafety.com.pe\/index.php?rest_route=%2Fwp%2Fv2%2Fcomments&post=5126"}],"wp:featuredmedia":[{"embeddable":true,"href":"https:\/\/valesafety.com.pe\/index.php?rest_route=\/wp\/v2\/media\/5183"}],"wp:attachment":[{"href":"https:\/\/valesafety.com.pe\/index.php?rest_route=%2Fwp%2Fv2%2Fmedia&parent=5126"}],"wp:term":[{"taxonomy":"product_brand","embeddable":true,"href":"https:\/\/valesafety.com.pe\/index.php?rest_route=%2Fwp%2Fv2%2Fproduct_brand&post=5126"},{"taxonomy":"product_cat","embeddable":true,"href":"https:\/\/valesafety.com.pe\/index.php?rest_route=%2Fwp%2Fv2%2Fproduct_cat&post=5126"},{"taxonomy":"product_tag","embeddable":true,"href":"https:\/\/valesafety.com.pe\/index.php?rest_route=%2Fwp%2Fv2%2Fproduct_tag&post=5126"}],"curies":[{"name":"wp","href":"https:\/\/api.w.org\/{rel}","templated":true}]}}