{"id":5123,"date":"2026-04-23T22:48:26","date_gmt":"2026-04-23T20:48:26","guid":{"rendered":"http:\/\/localhost\/borrador\/?post_type=product&#038;p=5123"},"modified":"2026-05-07T10:51:24","modified_gmt":"2026-05-07T15:51:24","slug":"tapon-auditivo-en-bolsa-segpro-25db","status":"publish","type":"product","link":"https:\/\/valesafety.com.pe\/?product=tapon-auditivo-en-bolsa-segpro-25db","title":{"rendered":"Tap\u00f3n auditivo en bolsa Segpro 25DB"},"content":{"rendered":"<h2>Tap\u00f3n auditivo en bolsa Segpro 25DB<\/h2>\n<ul>\n<li data-start=\"649\" data-end=\"717\"><strong data-start=\"649\" data-end=\"662\">Material:<\/strong> PVC siliconado hipoalerg\u00e9nico con cordones de nylon.<\/li>\n<li data-start=\"720\" data-end=\"797\"><strong data-start=\"720\" data-end=\"731\">Dise\u00f1o:<\/strong> C\u00f3nico con 3 membranas flexibles para mejor inserci\u00f3n y ajuste.<\/li>\n<li data-start=\"800\" data-end=\"817\"><strong data-start=\"800\" data-end=\"815\">Protecci\u00f3n:<\/strong>\n<ul>\n<li data-start=\"822\" data-end=\"862\">Atenuaci\u00f3n: <strong data-start=\"834\" data-end=\"859\">SNR 30 dB \/ NRR 25 dB<\/strong>.<\/li>\n<li data-start=\"867\" data-end=\"927\">Eficaz en ambientes laborales con niveles de ruido &gt;85 dB.<\/li>\n<\/ul>\n<\/li>\n<li data-start=\"930\" data-end=\"1003\"><strong data-start=\"930\" data-end=\"946\">Resistencia:<\/strong> Soporta rayos UV, agentes atmosf\u00e9ricos y estiramiento.<\/li>\n<li data-start=\"1006\" data-end=\"1043\"><strong data-start=\"1006\" data-end=\"1023\">Presentaci\u00f3n:<\/strong> Bolsa individual.<\/li>\n<li data-start=\"1046\" data-end=\"1063\"><strong data-start=\"1046\" data-end=\"1055\">Peso:<\/strong> 55 g.<\/li>\n<li data-start=\"1066\" data-end=\"1144\"><strong data-start=\"1066\" data-end=\"1084\">Certificaci\u00f3n:<\/strong> Cumple con normas <strong data-start=\"1103\" data-end=\"1141\">ISO 4869, ANSI S3.19\/S12.6, EN 352<\/strong>.<\/li>\n<\/ul>\n<p>Necesitas m\u00e1s productos encu\u00e9ntralos en nuestra <a href=\"https:\/\/valesafety.com.pe\/tienda\">tienda .<\/a><\/p>\n<p>Para m\u00e1s informaci\u00f3n sobre este y otros productos, no dudes en contactarnos por\u00a0<a href=\"http:\/\/wa.me\/977762682\" target=\"_blank\" rel=\"noopener\">WhatsApp<\/a>.<\/p>\n","protected":false},"excerpt":{"rendered":"<p data-start=\"286\" data-end=\"613\">El Tap\u00f3n auditivo en bolsa Segpro 25DB ofrecen una protecci\u00f3n eficaz y confortable frente a niveles de ruido superiores a 85 dB. Est\u00e1n fabricados en PVC siliconado hipoalerg\u00e9nico, un material suave, seguro y reutilizable, con dise\u00f1o c\u00f3nico de triple aleta que sella el canal auditivo de manera c\u00f3moda y segura.<\/p>\n<h3 data-start=\"615\" data-end=\"646\"><\/h3>\n","protected":false},"featured_media":5180,"comment_status":"closed","ping_status":"closed","template":"","meta":{"_acf_changed":false},"product_brand":[35],"product_cat":[56,88],"product_tag":[570,515,338,571],"class_list":{"0":"post-5123","1":"product","2":"type-product","3":"status-publish","4":"has-post-thumbnail","6":"product_brand-segpro","7":"product_cat-proteccion-auditiva","8":"product_cat-tapones-auditivos","9":"product_tag-confort-2000","10":"product_tag-distribuidor-segpro","11":"product_tag-segpro","12":"product_tag-tapon-segpro","14":"first","15":"instock","16":"shipping-taxable","17":"purchasable","18":"product-type-simple"},"acf":[],"_links":{"self":[{"href":"https:\/\/valesafety.com.pe\/index.php?rest_route=\/wp\/v2\/product\/5123","targetHints":{"allow":["GET"]}}],"collection":[{"href":"https:\/\/valesafety.com.pe\/index.php?rest_route=\/wp\/v2\/product"}],"about":[{"href":"https:\/\/valesafety.com.pe\/index.php?rest_route=\/wp\/v2\/types\/product"}],"replies":[{"embeddable":true,"href":"https:\/\/valesafety.com.pe\/index.php?rest_route=%2Fwp%2Fv2%2Fcomments&post=5123"}],"wp:featuredmedia":[{"embeddable":true,"href":"https:\/\/valesafety.com.pe\/index.php?rest_route=\/wp\/v2\/media\/5180"}],"wp:attachment":[{"href":"https:\/\/valesafety.com.pe\/index.php?rest_route=%2Fwp%2Fv2%2Fmedia&parent=5123"}],"wp:term":[{"taxonomy":"product_brand","embeddable":true,"href":"https:\/\/valesafety.com.pe\/index.php?rest_route=%2Fwp%2Fv2%2Fproduct_brand&post=5123"},{"taxonomy":"product_cat","embeddable":true,"href":"https:\/\/valesafety.com.pe\/index.php?rest_route=%2Fwp%2Fv2%2Fproduct_cat&post=5123"},{"taxonomy":"product_tag","embeddable":true,"href":"https:\/\/valesafety.com.pe\/index.php?rest_route=%2Fwp%2Fv2%2Fproduct_tag&post=5123"}],"curies":[{"name":"wp","href":"https:\/\/api.w.org\/{rel}","templated":true}]}}