{"id":5122,"date":"2026-04-23T22:48:26","date_gmt":"2026-04-23T20:48:26","guid":{"rendered":"http:\/\/localhost\/borrador\/?post_type=product&#038;p=5122"},"modified":"2026-05-06T16:46:01","modified_gmt":"2026-05-06T21:46:01","slug":"guante-kevlar-hyflex-70-215-ansell","status":"publish","type":"product","link":"https:\/\/valesafety.com.pe\/?product=guante-kevlar-hyflex-70-215-ansell","title":{"rendered":"Guante Kevlar hyflex 70-215 Ansell"},"content":{"rendered":"<h2>Guante Kevlar hyflex 70-215 Ansell<\/h2>\n<ul>\n<li data-start=\"1951\" data-end=\"2025\"><strong data-start=\"1951\" data-end=\"1985\">Material 100% Kevlar\u00ae DuPont\u2122:<\/strong> Alta resistencia a cortes y abrasi\u00f3n.<\/li>\n<li data-start=\"2028\" data-end=\"2110\"><strong data-start=\"2028\" data-end=\"2076\">Recubrimiento Neptune\u00ae repelente a l\u00edquidos:<\/strong> Mayor protecci\u00f3n y durabilidad.<\/li>\n<li data-start=\"2113\" data-end=\"2202\"><strong data-start=\"2113\" data-end=\"2139\">Refuerzo en el pulgar:<\/strong> Aumenta la vida \u00fatil y reduce el desgaste en zonas cr\u00edticas.<\/li>\n<li data-start=\"2205\" data-end=\"2298\"><strong data-start=\"2205\" data-end=\"2225\">T\u00e9cnica de rizo:<\/strong> Mejor aislamiento t\u00e9rmico y absorci\u00f3n de impactos sin perder destreza.<\/li>\n<li data-start=\"2301\" data-end=\"2392\"><strong data-start=\"2301\" data-end=\"2337\">Dise\u00f1o reversible y ambidiestro:<\/strong> Pueden usarse en ambas manos para mayor practicidad.<\/li>\n<li data-start=\"2395\" data-end=\"2487\"><strong data-start=\"2395\" data-end=\"2424\">Lavables y reutilizables:<\/strong> Reducen costes de sustituci\u00f3n en industrias de alto consumo.<\/li>\n<\/ul>\n<h3 data-start=\"3210\" data-end=\"3244\">Normativas y certificaciones<\/h3>\n<ul>\n<li data-start=\"3248\" data-end=\"3282\"><strong data-start=\"3248\" data-end=\"3274\">EN 388:2016 + A1:2018:<\/strong> 144XB<\/li>\n<li data-start=\"3285\" data-end=\"3355\"><strong data-start=\"3285\" data-end=\"3301\">EN 407:2020:<\/strong> X1XXXX (protecci\u00f3n ligera contra calor de contacto)<\/li>\n<li data-start=\"3358\" data-end=\"3381\"><strong data-start=\"3358\" data-end=\"3379\">EN ISO 21420:2020<\/strong><\/li>\n<li data-start=\"3384\" data-end=\"3427\"><strong data-start=\"3384\" data-end=\"3407\">ANSI\/ISEA 105-2024:<\/strong> Nivel de corte A2<\/li>\n<li data-start=\"3430\" data-end=\"3469\"><strong data-start=\"3430\" data-end=\"3447\">Categor\u00eda III<\/strong> \u2013 Riesgos complejos<\/li>\n<li data-start=\"3472\" data-end=\"3496\"><strong data-start=\"3472\" data-end=\"3494\">Conforme con REACH<\/strong><\/li>\n<li data-start=\"3499\" data-end=\"3526\"><strong data-start=\"3499\" data-end=\"3524\">Certificaci\u00f3n CE 0493<\/strong><\/li>\n<\/ul>\n<p>Necesitas m\u00e1s productos encu\u00e9ntralos en nuestra <a href=\"https:\/\/valesafety.com.pe\/tienda\">tienda .<\/a><\/p>\n<p>Para m\u00e1s informaci\u00f3n sobre este y otros productos, no dudes en contactarnos por\u00a0<a href=\"http:\/\/wa.me\/977762682\" target=\"_blank\" rel=\"noopener\">WhatsApp<\/a>.<\/p>\n","protected":false},"excerpt":{"rendered":"<p data-start=\"1241\" data-end=\"1612\">El guante Kevlar HyFlex 70-215 Ansell, anteriormente denominado Neptune\u00ae Kevlar\u00ae 70-215, est\u00e1 dise\u00f1ado para ofrecer m\u00e1xima resistencia al corte y durabilidad en entornos industriales exigentes. Fabricado con 100% DuPont\u2122 Kevlar\u00ae, combina ligereza, flexibilidad y protecci\u00f3n frente a bordes afilados de metales, vidrio, cer\u00e1mica y otros materiales abrasivos.<\/p>\n<p data-start=\"1614\" data-end=\"1901\">\n","protected":false},"featured_media":5171,"comment_status":"closed","ping_status":"closed","template":"","meta":{"_acf_changed":false},"product_brand":[39],"product_cat":[59],"product_tag":[563,569,197],"class_list":{"0":"post-5122","1":"product","2":"type-product","3":"status-publish","4":"has-post-thumbnail","6":"product_brand-ansell","7":"product_cat-proteccion-de-las-manos","8":"product_tag-distribuidor-ansell","9":"product_tag-guante-resistente-al-corte","10":"product_tag-guantes-ansell","12":"first","13":"instock","14":"shipping-taxable","15":"purchasable","16":"product-type-simple"},"acf":[],"_links":{"self":[{"href":"https:\/\/valesafety.com.pe\/index.php?rest_route=\/wp\/v2\/product\/5122","targetHints":{"allow":["GET"]}}],"collection":[{"href":"https:\/\/valesafety.com.pe\/index.php?rest_route=\/wp\/v2\/product"}],"about":[{"href":"https:\/\/valesafety.com.pe\/index.php?rest_route=\/wp\/v2\/types\/product"}],"replies":[{"embeddable":true,"href":"https:\/\/valesafety.com.pe\/index.php?rest_route=%2Fwp%2Fv2%2Fcomments&post=5122"}],"wp:featuredmedia":[{"embeddable":true,"href":"https:\/\/valesafety.com.pe\/index.php?rest_route=\/wp\/v2\/media\/5171"}],"wp:attachment":[{"href":"https:\/\/valesafety.com.pe\/index.php?rest_route=%2Fwp%2Fv2%2Fmedia&parent=5122"}],"wp:term":[{"taxonomy":"product_brand","embeddable":true,"href":"https:\/\/valesafety.com.pe\/index.php?rest_route=%2Fwp%2Fv2%2Fproduct_brand&post=5122"},{"taxonomy":"product_cat","embeddable":true,"href":"https:\/\/valesafety.com.pe\/index.php?rest_route=%2Fwp%2Fv2%2Fproduct_cat&post=5122"},{"taxonomy":"product_tag","embeddable":true,"href":"https:\/\/valesafety.com.pe\/index.php?rest_route=%2Fwp%2Fv2%2Fproduct_tag&post=5122"}],"curies":[{"name":"wp","href":"https:\/\/api.w.org\/{rel}","templated":true}]}}