{"id":5120,"date":"2026-04-23T22:48:25","date_gmt":"2026-04-23T20:48:25","guid":{"rendered":"http:\/\/localhost\/borrador\/?post_type=product&#038;p=5120"},"modified":"2026-05-06T16:31:01","modified_gmt":"2026-05-06T21:31:01","slug":"guante-edge-14-663-resistente-a-quimicos","status":"publish","type":"product","link":"https:\/\/valesafety.com.pe\/?product=guante-edge-14-663-resistente-a-quimicos","title":{"rendered":"Guante Edge 14-663 resistente a qu\u00edmicos"},"content":{"rendered":"<h2>Guante Edge 14-663 resistente a qu\u00edmicos<\/h2>\n<ul>\n<li data-start=\"1995\" data-end=\"2088\">Recubrimiento completo de PVC: Mayor protecci\u00f3n contra sustancias qu\u00edmicas y mec\u00e1nicas.<\/li>\n<li data-start=\"2091\" data-end=\"2211\">Agarre antideslizante: Superficie rugosa que garantiza seguridad en la manipulaci\u00f3n de piezas h\u00famedas o aceitosas.<\/li>\n<li data-start=\"2214\" data-end=\"2327\">Certificaci\u00f3n CE y normativa europea: Cumple con EN 420, EN 388, EN ISO 374-1, EN ISO 374-5 y EN ISO 21420.<\/li>\n<li data-start=\"2330\" data-end=\"2450\">Alta resistencia y durabilidad: Guantes dise\u00f1ados para trabajos pesados en industrias qu\u00edmicas y de mantenimiento.<\/li>\n<li data-start=\"2453\" data-end=\"2550\">Comodidad y flexibilidad: Construcci\u00f3n con soporte que reduce la fatiga en largas jornadas.<\/li>\n<li data-start=\"2553\" data-end=\"2611\">Sin l\u00e1tex: Reduce el riesgo de reacciones al\u00e9rgicas.<\/li>\n<\/ul>\n<h3 data-start=\"2618\" data-end=\"2652\">Normativas y certificaciones<\/h3>\n<ul>\n<li data-start=\"2656\" data-end=\"2677\">N\u00famero CE: 0493<\/li>\n<li data-start=\"2680\" data-end=\"2718\">Categor\u00eda III \u2013 Alta protecci\u00f3n.<\/li>\n<li data-start=\"2721\" data-end=\"2797\">EN 420:2003 + A1:2009 \u2013 Requisitos generales de guantes de protecci\u00f3n.<\/li>\n<li data-start=\"2800\" data-end=\"2864\">EN 388:2016 + A1:2018 \u2013 Nivel 3121A (protecci\u00f3n mec\u00e1nica).<\/li>\n<li data-start=\"2867\" data-end=\"2961\">EN ISO 374-1:2016 \/ EN ISO 374-5:2016 \u2013 Protecci\u00f3n contra riesgos qu\u00edmicos y biol\u00f3gicos.<\/li>\n<li data-start=\"2964\" data-end=\"3019\">Conforme con REACH \u2013 Seguridad y salud ambiental.<\/li>\n<\/ul>\n<p>Necesitas m\u00e1s productos encu\u00e9ntralos en nuestra <a href=\"https:\/\/valesafety.com.pe\/tienda\">tienda .<\/a><\/p>\n<p>Para m\u00e1s informaci\u00f3n sobre este y otros productos, no dudes en contactarnos por\u00a0<a href=\"http:\/\/wa.me\/977762682\" target=\"_blank\" rel=\"noopener\">WhatsApp<\/a>.<\/p>\n","protected":false},"excerpt":{"rendered":"<p data-start=\"1284\" data-end=\"1709\">El guante Edge 14-663 est\u00e1 dise\u00f1ado para ofrecer una protecci\u00f3n superior frente a riesgos qu\u00edmicos, mec\u00e1nicos y biol\u00f3gicos, gracias a su recubrimiento completo de PVC y su construcci\u00f3n robusta. Con una longitud de 360 mm (14&#8243;), estos guantes de seguridad garantizan una cobertura extendida y son ideales para trabajos en los que los usuarios est\u00e1n expuestos a aceites, grasas, \u00e1cidos, c\u00e1usticos y alcoholes.<\/p>\n<p data-start=\"1711\" data-end=\"1947\">\n","protected":false},"featured_media":5169,"comment_status":"closed","ping_status":"closed","template":"","meta":{"_acf_changed":false},"product_brand":[39],"product_cat":[95,59],"product_tag":[565,563,566],"class_list":{"0":"post-5120","1":"product","2":"type-product","3":"status-publish","4":"has-post-thumbnail","6":"product_brand-ansell","7":"product_cat-guante-de-jeve","8":"product_cat-proteccion-de-las-manos","9":"product_tag-14-663","10":"product_tag-distribuidor-ansell","11":"product_tag-guante-resistente-a-quimicos","13":"first","14":"instock","15":"shipping-taxable","16":"purchasable","17":"product-type-simple"},"acf":[],"_links":{"self":[{"href":"https:\/\/valesafety.com.pe\/index.php?rest_route=\/wp\/v2\/product\/5120","targetHints":{"allow":["GET"]}}],"collection":[{"href":"https:\/\/valesafety.com.pe\/index.php?rest_route=\/wp\/v2\/product"}],"about":[{"href":"https:\/\/valesafety.com.pe\/index.php?rest_route=\/wp\/v2\/types\/product"}],"replies":[{"embeddable":true,"href":"https:\/\/valesafety.com.pe\/index.php?rest_route=%2Fwp%2Fv2%2Fcomments&post=5120"}],"wp:featuredmedia":[{"embeddable":true,"href":"https:\/\/valesafety.com.pe\/index.php?rest_route=\/wp\/v2\/media\/5169"}],"wp:attachment":[{"href":"https:\/\/valesafety.com.pe\/index.php?rest_route=%2Fwp%2Fv2%2Fmedia&parent=5120"}],"wp:term":[{"taxonomy":"product_brand","embeddable":true,"href":"https:\/\/valesafety.com.pe\/index.php?rest_route=%2Fwp%2Fv2%2Fproduct_brand&post=5120"},{"taxonomy":"product_cat","embeddable":true,"href":"https:\/\/valesafety.com.pe\/index.php?rest_route=%2Fwp%2Fv2%2Fproduct_cat&post=5120"},{"taxonomy":"product_tag","embeddable":true,"href":"https:\/\/valesafety.com.pe\/index.php?rest_route=%2Fwp%2Fv2%2Fproduct_tag&post=5120"}],"curies":[{"name":"wp","href":"https:\/\/api.w.org\/{rel}","templated":true}]}}