{"id":5108,"date":"2026-04-23T22:47:57","date_gmt":"2026-04-23T20:47:57","guid":{"rendered":"http:\/\/localhost\/borrador\/?post_type=product&#038;p=5108"},"modified":"2026-05-07T10:36:02","modified_gmt":"2026-05-07T15:36:02","slug":"rollo-absorbente-de-hidrocarburos-3m-hp-100","status":"publish","type":"product","link":"https:\/\/valesafety.com.pe\/?product=rollo-absorbente-de-hidrocarburos-3m-hp-100","title":{"rendered":"Rollo absorbente de hidrocarburos 3M HP-100"},"content":{"rendered":"<h2 data-start=\"229\" data-end=\"274\">Rollo absorbente de hidrocarburos 3M HP-100<\/h2>\n<ul>\n<li data-start=\"2046\" data-end=\"2105\">Absorci\u00f3n de hasta 25 veces su peso en hidrocarburos.<\/li>\n<li data-start=\"2108\" data-end=\"2171\">Repelente al agua, ideal para \u00e1reas h\u00famedas o exteriores.<\/li>\n<li data-start=\"2174\" data-end=\"2274\">Dise\u00f1o tipo almohadilla, que facilita la manipulaci\u00f3n, corte y disposici\u00f3n del material usado.<\/li>\n<li data-start=\"2277\" data-end=\"2385\">Duradero y seguro, no desprende fibras y mantiene el \u00e1rea de trabajo libre de contaminaci\u00f3n adicional.<\/li>\n<li data-start=\"2388\" data-end=\"2492\">Reduce el riesgo de accidentes laborales, al controlar derrames y evitar superficies resbaladizas.<\/li>\n<\/ul>\n<h3 data-start=\"3110\" data-end=\"3150\">Normativa y beneficios adicionales<\/h3>\n<p data-start=\"3152\" data-end=\"3528\">El uso de este absorbente industrial 3M contribuye a la seguridad ocupacional, al reducir riesgos de resbalones y ca\u00eddas en superficies contaminadas, y a la protecci\u00f3n ambiental, al facilitar la recolecci\u00f3n y disposici\u00f3n de hidrocarburos derramados.<\/p>\n<p>Necesitas m\u00e1s productos encu\u00e9ntralos en nuestra <a href=\"https:\/\/valesafety.com.pe\/tienda\">tienda .<\/a><\/p>\n<p>Para m\u00e1s informaci\u00f3n sobre este y otros productos, no dudes en contactarnos por\u00a0<a href=\"http:\/\/wa.me\/977762682\" target=\"_blank\" rel=\"noopener\">WhatsApp<\/a>.<\/p>\n<h2 data-start=\"276\" data-end=\"308\"><\/h2>\n","protected":false},"excerpt":{"rendered":"<p data-start=\"1271\" data-end=\"1639\">El rollo absorbente de hidrocarburos 3M HP-100 est\u00e1 dise\u00f1ado para ofrecer una soluci\u00f3n eficaz y r\u00e1pida en el control de derrames de petr\u00f3leo y l\u00edquidos derivados de hidrocarburos. Con la capacidad de absorber hasta 25 veces su propio peso en l\u00edquidos peligrosos, se convierte en una herramienta indispensable para la seguridad industrial y ambiental.<\/p>\n<p data-start=\"1641\" data-end=\"1971\">\n","protected":false},"featured_media":5167,"comment_status":"closed","ping_status":"closed","template":"","meta":{"_acf_changed":false},"product_brand":[38],"product_cat":[44],"product_tag":[562,544],"class_list":{"0":"post-5108","1":"product","2":"type-product","3":"status-publish","4":"has-post-thumbnail","6":"product_brand-3m","7":"product_cat-antiderrames","8":"product_tag-absorbente-3m","9":"product_tag-distribuidor-3m","11":"first","12":"instock","13":"shipping-taxable","14":"purchasable","15":"product-type-simple"},"acf":[],"_links":{"self":[{"href":"https:\/\/valesafety.com.pe\/index.php?rest_route=\/wp\/v2\/product\/5108","targetHints":{"allow":["GET"]}}],"collection":[{"href":"https:\/\/valesafety.com.pe\/index.php?rest_route=\/wp\/v2\/product"}],"about":[{"href":"https:\/\/valesafety.com.pe\/index.php?rest_route=\/wp\/v2\/types\/product"}],"replies":[{"embeddable":true,"href":"https:\/\/valesafety.com.pe\/index.php?rest_route=%2Fwp%2Fv2%2Fcomments&post=5108"}],"wp:featuredmedia":[{"embeddable":true,"href":"https:\/\/valesafety.com.pe\/index.php?rest_route=\/wp\/v2\/media\/5167"}],"wp:attachment":[{"href":"https:\/\/valesafety.com.pe\/index.php?rest_route=%2Fwp%2Fv2%2Fmedia&parent=5108"}],"wp:term":[{"taxonomy":"product_brand","embeddable":true,"href":"https:\/\/valesafety.com.pe\/index.php?rest_route=%2Fwp%2Fv2%2Fproduct_brand&post=5108"},{"taxonomy":"product_cat","embeddable":true,"href":"https:\/\/valesafety.com.pe\/index.php?rest_route=%2Fwp%2Fv2%2Fproduct_cat&post=5108"},{"taxonomy":"product_tag","embeddable":true,"href":"https:\/\/valesafety.com.pe\/index.php?rest_route=%2Fwp%2Fv2%2Fproduct_tag&post=5108"}],"curies":[{"name":"wp","href":"https:\/\/api.w.org\/{rel}","templated":true}]}}