{"id":5107,"date":"2026-04-23T22:47:57","date_gmt":"2026-04-23T20:47:57","guid":{"rendered":"http:\/\/localhost\/borrador\/?post_type=product&#038;p=5107"},"modified":"2026-05-07T09:33:24","modified_gmt":"2026-05-07T14:33:24","slug":"orejera-3m-peltor-x4p3e-25-db","status":"publish","type":"product","link":"https:\/\/valesafety.com.pe\/?product=orejera-3m-peltor-x4p3e-25-db","title":{"rendered":"Orejera 3M Peltor X4P3E 25 dB"},"content":{"rendered":"<h2>Orejera 3M Peltor X4P3E 25 dB<\/h2>\n<ul>\n<li><b>Materiales:<\/b> Est\u00e1n fabricadas con Acrilonitrilo Butadieno Estireno (ABS) y Poliuretano Termopl\u00e1stico (TPU). Estos materiales son resistentes a impactos, abrasi\u00f3n y temperaturas extremas.<\/li>\n<li><b>Atenuaci\u00f3n de ruido:<\/b> En el interior, las copas contienen espuma de poliuretano que absorbe el ruido para una \u00f3ptima atenuaci\u00f3n ac\u00fastica.<\/li>\n<li><b>Confort:<\/b> Cuentan con anillos espaciadores entre las copas y las almohadillas. Su funci\u00f3n es reducir la resonancia interna y asegurar la comodidad en usos prolongados.<\/li>\n<li><b>Dise\u00f1o:<\/b> Tienen un perfil bajo y son ligeras, lo que evita la presi\u00f3n excesiva y facilita su combinaci\u00f3n con otros equipos de protecci\u00f3n, como cascos y gafas.<\/li>\n<\/ul>\n<p>Necesitas m\u00e1s productos encu\u00e9ntralos en nuestra <a href=\"https:\/\/valesafety.com.pe\/tienda\">tienda .<\/a><\/p>\n<p>Para m\u00e1s informaci\u00f3n sobre este y otros productos, no dudes en contactarnos por\u00a0<a href=\"http:\/\/wa.me\/977762682\" target=\"_blank\" rel=\"noopener\">WhatsApp<\/a>.<\/p>\n","protected":false},"excerpt":{"rendered":"<p data-start=\"962\" data-end=\"1419\">La Orejera 3M Peltor X4P3E 25 dB de PELTOR de 3M est\u00e1n dise\u00f1ados para ofrecer una protecci\u00f3n confiable contra niveles elevados de ruido, manteniendo un equilibrio entre seguridad, comodidad y durabilidad. Con un nivel de reducci\u00f3n de ruido (NRR) de 25 dB, son una soluci\u00f3n eficaz para entornos industriales, de construcci\u00f3n, manufactura o miner\u00eda, donde los trabajadores est\u00e1n expuestos a ruidos que superan los l\u00edmites permitidos.<\/p>\n","protected":false},"featured_media":5166,"comment_status":"closed","ping_status":"closed","template":"","meta":{"_acf_changed":false},"product_brand":[38],"product_cat":[86,56],"product_tag":[544,560,561],"class_list":{"0":"post-5107","1":"product","2":"type-product","3":"status-publish","4":"has-post-thumbnail","6":"product_brand-3m","7":"product_cat-externos-cascos","8":"product_cat-proteccion-auditiva","9":"product_tag-distribuidor-3m","10":"product_tag-orejera-externa-3m","11":"product_tag-orejera-serie-x4","13":"first","14":"instock","15":"shipping-taxable","16":"purchasable","17":"product-type-simple"},"acf":[],"_links":{"self":[{"href":"https:\/\/valesafety.com.pe\/index.php?rest_route=\/wp\/v2\/product\/5107","targetHints":{"allow":["GET"]}}],"collection":[{"href":"https:\/\/valesafety.com.pe\/index.php?rest_route=\/wp\/v2\/product"}],"about":[{"href":"https:\/\/valesafety.com.pe\/index.php?rest_route=\/wp\/v2\/types\/product"}],"replies":[{"embeddable":true,"href":"https:\/\/valesafety.com.pe\/index.php?rest_route=%2Fwp%2Fv2%2Fcomments&post=5107"}],"wp:featuredmedia":[{"embeddable":true,"href":"https:\/\/valesafety.com.pe\/index.php?rest_route=\/wp\/v2\/media\/5166"}],"wp:attachment":[{"href":"https:\/\/valesafety.com.pe\/index.php?rest_route=%2Fwp%2Fv2%2Fmedia&parent=5107"}],"wp:term":[{"taxonomy":"product_brand","embeddable":true,"href":"https:\/\/valesafety.com.pe\/index.php?rest_route=%2Fwp%2Fv2%2Fproduct_brand&post=5107"},{"taxonomy":"product_cat","embeddable":true,"href":"https:\/\/valesafety.com.pe\/index.php?rest_route=%2Fwp%2Fv2%2Fproduct_cat&post=5107"},{"taxonomy":"product_tag","embeddable":true,"href":"https:\/\/valesafety.com.pe\/index.php?rest_route=%2Fwp%2Fv2%2Fproduct_tag&post=5107"}],"curies":[{"name":"wp","href":"https:\/\/api.w.org\/{rel}","templated":true}]}}