{"id":5105,"date":"2026-04-23T22:47:56","date_gmt":"2026-04-23T20:47:56","guid":{"rendered":"http:\/\/localhost\/borrador\/?post_type=product&#038;p=5105"},"modified":"2026-05-07T09:33:07","modified_gmt":"2026-05-07T14:33:07","slug":"orejera-3m-peltor-x4a-27-db","status":"publish","type":"product","link":"https:\/\/valesafety.com.pe\/?product=orejera-3m-peltor-x4a-27-db","title":{"rendered":"Orejera 3M Peltor X4A 27 dB"},"content":{"rendered":"<h3>Orejera 3M Peltor X4A 27 dB<\/h3>\n<ul>\n<li><b>Peso:<\/b> Son ligeras, pesando solo <b>234 gramos<\/b>. Esto ayuda a reducir la fatiga en jornadas de uso prolongadas.<\/li>\n<li><b>Dise\u00f1o de las copas:<\/b> Tienen un <b>dise\u00f1o moderno y de bajo perfil<\/b>. Esto permite usarlas c\u00f3modamente junto con otros equipos de protecci\u00f3n personal (EPP).<\/li>\n<li><b>Tecnolog\u00eda de atenuaci\u00f3n:<\/b> Las copas est\u00e1n dise\u00f1adas para <b>disminuir las frecuencias de resonancia<\/b>, lo que mejora la calidad de la atenuaci\u00f3n y la protecci\u00f3n contra el ruido.<\/li>\n<li><b>Materiales de fabricaci\u00f3n:<\/b> Las carcasas est\u00e1n hechas de <b>ABS<\/b> (acrilonitrilo butadieno estireno) y <b>TPU<\/b> (poliuretano termopl\u00e1stico), lo que las hace resistentes a impactos.<\/li>\n<li><b>Barrera de ruido:<\/b> Los materiales de las carcasas crean una <b>barrera eficiente<\/b> que protege contra ruidos intensos.<\/li>\n<li><b>Nivel de reducci\u00f3n de ruido (NRR):<\/b> Ofrecen una clasificaci\u00f3n de reducci\u00f3n de ruido de <b>27 dB<\/b> (seg\u00fan la norma ANSI S3.19-1974).<\/li>\n<\/ul>\n<h3 data-start=\"3930\" data-end=\"3964\">Normativas y certificaciones<\/h3>\n<p data-start=\"3966\" data-end=\"4096\">La <strong data-start=\"3969\" data-end=\"3991\">orejera Peltor X4A<\/strong> cumple con las regulaciones internacionales m\u00e1s exigentes en cuanto a seguridad y protecci\u00f3n auditiva:<\/p>\n<ul>\n<li data-start=\"4100\" data-end=\"4177\"><strong data-start=\"4100\" data-end=\"4119\">EN 352 (Europa)<\/strong>: est\u00e1ndar que garantiza la fiabilidad de la atenuaci\u00f3n.<\/li>\n<li data-start=\"4180\" data-end=\"4252\"><strong data-start=\"4180\" data-end=\"4203\">NRR 27 dB (EE. UU.)<\/strong>: clasificaci\u00f3n de reducci\u00f3n de ruido efectiva.<\/li>\n<li data-start=\"4255\" data-end=\"4329\"><strong data-start=\"4255\" data-end=\"4268\">SNR 33 dB<\/strong>: relaci\u00f3n se\u00f1al-ruido probada para diferentes frecuencias.<\/li>\n<\/ul>\n<p>Necesitas m\u00e1s productos encu\u00e9ntralos en nuestra <a href=\"https:\/\/valesafety.com.pe\/tienda\">tienda .<\/a><\/p>\n<p>Para m\u00e1s informaci\u00f3n sobre este y otros productos, no dudes en contactarnos por\u00a0<a href=\"http:\/\/wa.me\/977762682\" target=\"_blank\" rel=\"noopener\">WhatsApp<\/a>.<\/p>\n","protected":false},"excerpt":{"rendered":"<p data-start=\"1439\" data-end=\"1768\">La Orejera 3M Peltor X4A 27 dB es un equipo de protecci\u00f3n auditiva dise\u00f1ado para entornos donde el ruido representa un riesgo constante para la salud. Con un Nivel de Reducci\u00f3n de Ruido (NRR) de 27 dB y un SNR de 33 dB, es ideal para trabajadores expuestos a ruidos continuos durante hasta 8 horas consecutivas.<\/p>\n<p data-start=\"1770\" data-end=\"1986\">\n","protected":false},"featured_media":5164,"comment_status":"closed","ping_status":"closed","template":"","meta":{"_acf_changed":false},"product_brand":[38],"product_cat":[56],"product_tag":[544,556,557],"class_list":{"0":"post-5105","1":"product","2":"type-product","3":"status-publish","4":"has-post-thumbnail","6":"product_brand-3m","7":"product_cat-proteccion-auditiva","8":"product_tag-distribuidor-3m","9":"product_tag-orejera-27-db","10":"product_tag-orejera-vincha-3m","12":"first","13":"instock","14":"shipping-taxable","15":"purchasable","16":"product-type-simple"},"acf":[],"_links":{"self":[{"href":"https:\/\/valesafety.com.pe\/index.php?rest_route=\/wp\/v2\/product\/5105","targetHints":{"allow":["GET"]}}],"collection":[{"href":"https:\/\/valesafety.com.pe\/index.php?rest_route=\/wp\/v2\/product"}],"about":[{"href":"https:\/\/valesafety.com.pe\/index.php?rest_route=\/wp\/v2\/types\/product"}],"replies":[{"embeddable":true,"href":"https:\/\/valesafety.com.pe\/index.php?rest_route=%2Fwp%2Fv2%2Fcomments&post=5105"}],"wp:featuredmedia":[{"embeddable":true,"href":"https:\/\/valesafety.com.pe\/index.php?rest_route=\/wp\/v2\/media\/5164"}],"wp:attachment":[{"href":"https:\/\/valesafety.com.pe\/index.php?rest_route=%2Fwp%2Fv2%2Fmedia&parent=5105"}],"wp:term":[{"taxonomy":"product_brand","embeddable":true,"href":"https:\/\/valesafety.com.pe\/index.php?rest_route=%2Fwp%2Fv2%2Fproduct_brand&post=5105"},{"taxonomy":"product_cat","embeddable":true,"href":"https:\/\/valesafety.com.pe\/index.php?rest_route=%2Fwp%2Fv2%2Fproduct_cat&post=5105"},{"taxonomy":"product_tag","embeddable":true,"href":"https:\/\/valesafety.com.pe\/index.php?rest_route=%2Fwp%2Fv2%2Fproduct_tag&post=5105"}],"curies":[{"name":"wp","href":"https:\/\/api.w.org\/{rel}","templated":true}]}}