{"id":5104,"date":"2026-04-23T22:47:56","date_gmt":"2026-04-23T20:47:56","guid":{"rendered":"http:\/\/localhost\/borrador\/?post_type=product&#038;p=5104"},"modified":"2026-05-07T09:32:59","modified_gmt":"2026-05-07T14:32:59","slug":"orejera-3m-peltor-x2p5e-24-db","status":"publish","type":"product","link":"https:\/\/valesafety.com.pe\/?product=orejera-3m-peltor-x2p5e-24-db","title":{"rendered":"Orejera 3M Peltor X2P5E 24 dB"},"content":{"rendered":"<h2>Orejera 3M Peltor X2P5E 24 dB<\/h2>\n<ul>\n<li data-start=\"2291\" data-end=\"2396\"><strong data-start=\"2291\" data-end=\"2335\">Nivel de reducci\u00f3n de ruido (NRR): 24 dB<\/strong>, ideal para exposici\u00f3n a sonidos moderados e industriales.<\/li>\n<li data-start=\"2399\" data-end=\"2504\"><strong data-start=\"2399\" data-end=\"2428\">Puntos de giro inclinados<\/strong>, que mejoran el ajuste y garantizan una presi\u00f3n uniforme en todo momento.<\/li>\n<li data-start=\"2507\" data-end=\"2591\"><strong data-start=\"2507\" data-end=\"2546\">Resistencia a flexi\u00f3n y deformaci\u00f3n<\/strong>, lo que asegura estabilidad y durabilidad.<\/li>\n<li data-start=\"2594\" data-end=\"2683\"><strong data-start=\"2594\" data-end=\"2628\">Cojines ergon\u00f3micos con espuma<\/strong>, que proporcionan comodidad durante largas jornadas.<\/li>\n<li data-start=\"2686\" data-end=\"2775\"><strong data-start=\"2686\" data-end=\"2726\">Resistencia diel\u00e9ctrica hasta 1.2 KV<\/strong>, para mayor seguridad frente a arco el\u00e9ctrico.<\/li>\n<li data-start=\"2778\" data-end=\"2880\"><strong data-start=\"2778\" data-end=\"2834\">Compatibilidad con la mayor\u00eda de cascos de seguridad<\/strong>, gracias a su sistema de montaje universal.<\/li>\n<li data-start=\"2883\" data-end=\"3001\"><strong data-start=\"2883\" data-end=\"2917\">Kit de higiene HYX2 disponible<\/strong>, que permite el reemplazo r\u00e1pido de cojines y prolonga la vida \u00fatil del producto.<\/li>\n<\/ul>\n<h3 data-start=\"4254\" data-end=\"4288\">Normativas y certificaciones<\/h3>\n<p data-start=\"4290\" data-end=\"4390\">La <strong data-start=\"4293\" data-end=\"4320\">Orejera 3M Peltor X2P5E<\/strong> cumple con los est\u00e1ndares internacionales de seguridad, incluyendo:<\/p>\n<ul>\n<li data-start=\"4394\" data-end=\"4451\"><strong data-start=\"4394\" data-end=\"4423\">ANSI S3.19-1974 (EE. UU.)<\/strong> para protecci\u00f3n auditiva.<\/li>\n<li data-start=\"4454\" data-end=\"4513\"><strong data-start=\"4454\" data-end=\"4479\">CSA Clase AL (Canad\u00e1)<\/strong> para aplicaciones industriales.<\/li>\n<li data-start=\"4516\" data-end=\"4582\"><strong data-start=\"4516\" data-end=\"4545\">Certificaci\u00f3n CE (Europa)<\/strong> en equipos de protecci\u00f3n personal.<\/li>\n<li data-start=\"4585\" data-end=\"4669\"><strong data-start=\"4585\" data-end=\"4633\">AS\/NZS 1270:2002 (Australia y Nueva Zelanda)<\/strong>, para entornos de alta exigencia.<\/li>\n<\/ul>\n<p>Necesitas m\u00e1s productos encu\u00e9ntralos en nuestra <a href=\"https:\/\/valesafety.com.pe\/tienda\">tienda .<\/a><\/p>\n<p>Para m\u00e1s informaci\u00f3n sobre este y otros productos, no dudes en contactarnos por\u00a0<a href=\"http:\/\/wa.me\/977762682\" target=\"_blank\" rel=\"noopener\">WhatsApp<\/a>.<\/p>\n","protected":false},"excerpt":{"rendered":"<p data-start=\"1656\" data-end=\"2043\">La Orejera 3M Peltor X2P5E 24 dB adaptable a casco est\u00e1 dise\u00f1ada para ofrecer una protecci\u00f3n auditiva confiable en entornos industriales, especialmente donde existen riesgos de ruidos bajos a moderados, como en operaciones de maquinaria, soldadura y construcci\u00f3n. Con un Nivel de Reducci\u00f3n de Ruido (NRR) de 24 dB, brinda seguridad sin comprometer la comodidad del usuario.<\/p>\n<p data-start=\"2045\" data-end=\"2229\">\n","protected":false},"featured_media":5153,"comment_status":"closed","ping_status":"closed","template":"","meta":{"_acf_changed":false},"product_brand":[38],"product_cat":[86,56],"product_tag":[555,544],"class_list":{"0":"post-5104","1":"product","2":"type-product","3":"status-publish","4":"has-post-thumbnail","6":"product_brand-3m","7":"product_cat-externos-cascos","8":"product_cat-proteccion-auditiva","9":"product_tag-adaptable-al-casco","10":"product_tag-distribuidor-3m","12":"first","13":"instock","14":"shipping-taxable","15":"purchasable","16":"product-type-simple"},"acf":[],"_links":{"self":[{"href":"https:\/\/valesafety.com.pe\/index.php?rest_route=\/wp\/v2\/product\/5104","targetHints":{"allow":["GET"]}}],"collection":[{"href":"https:\/\/valesafety.com.pe\/index.php?rest_route=\/wp\/v2\/product"}],"about":[{"href":"https:\/\/valesafety.com.pe\/index.php?rest_route=\/wp\/v2\/types\/product"}],"replies":[{"embeddable":true,"href":"https:\/\/valesafety.com.pe\/index.php?rest_route=%2Fwp%2Fv2%2Fcomments&post=5104"}],"wp:featuredmedia":[{"embeddable":true,"href":"https:\/\/valesafety.com.pe\/index.php?rest_route=\/wp\/v2\/media\/5153"}],"wp:attachment":[{"href":"https:\/\/valesafety.com.pe\/index.php?rest_route=%2Fwp%2Fv2%2Fmedia&parent=5104"}],"wp:term":[{"taxonomy":"product_brand","embeddable":true,"href":"https:\/\/valesafety.com.pe\/index.php?rest_route=%2Fwp%2Fv2%2Fproduct_brand&post=5104"},{"taxonomy":"product_cat","embeddable":true,"href":"https:\/\/valesafety.com.pe\/index.php?rest_route=%2Fwp%2Fv2%2Fproduct_cat&post=5104"},{"taxonomy":"product_tag","embeddable":true,"href":"https:\/\/valesafety.com.pe\/index.php?rest_route=%2Fwp%2Fv2%2Fproduct_tag&post=5104"}],"curies":[{"name":"wp","href":"https:\/\/api.w.org\/{rel}","templated":true}]}}