{"id":5103,"date":"2026-04-23T22:47:56","date_gmt":"2026-04-23T20:47:56","guid":{"rendered":"http:\/\/localhost\/borrador\/?post_type=product&#038;p=5103"},"modified":"2026-05-07T09:32:00","modified_gmt":"2026-05-07T14:32:00","slug":"orejera-3m-peltor-x2p3e-24-db","status":"publish","type":"product","link":"https:\/\/valesafety.com.pe\/?product=orejera-3m-peltor-x2p3e-24-db","title":{"rendered":"Orejera 3M Peltor X2P3E 24 dB"},"content":{"rendered":"<h2>Orejera 3M Peltor X2P3E 24 dB<\/h2>\n<ul>\n<li data-start=\"2528\" data-end=\"2633\"><strong data-start=\"2528\" data-end=\"2572\">Nivel de reducci\u00f3n de ruido (NRR): 24 dB<\/strong>, protecci\u00f3n confiable para entornos industriales ruidosos.<\/li>\n<li data-start=\"2636\" data-end=\"2723\"><strong data-start=\"2636\" data-end=\"2664\">Dise\u00f1o de doble casquete<\/strong>, que disminuye la resonancia y reverberaci\u00f3n del sonido.<\/li>\n<li data-start=\"2726\" data-end=\"2816\"><strong data-start=\"2726\" data-end=\"2754\">Montaje directo en casco<\/strong>, compatible con diferentes modelos de seguridad industrial.<\/li>\n<li data-start=\"2819\" data-end=\"2925\"><strong data-start=\"2819\" data-end=\"2866\">Almohadillas acolchadas y diadema ajustable<\/strong>, que garantizan confort incluso en jornadas prolongadas.<\/li>\n<li data-start=\"2928\" data-end=\"3013\"><strong data-start=\"2928\" data-end=\"2981\">Construcci\u00f3n en materiales resistentes y livianos<\/strong>, pensados para uso intensivo.<\/li>\n<\/ul>\n<h4 data-start=\"4469\" data-end=\"4533\">Normativas y certificaciones de la Orejera 3M Peltor X2P3E<\/h4>\n<p data-start=\"4535\" data-end=\"4606\">La seguridad est\u00e1 respaldada por diversas normativas internacionales:<\/p>\n<ul>\n<li data-start=\"4610\" data-end=\"4680\"><strong data-start=\"4610\" data-end=\"4639\">ANSI S3.19-1974 (EE. UU.)<\/strong>: certificaci\u00f3n en protecci\u00f3n auditiva.<\/li>\n<li data-start=\"4683\" data-end=\"4750\"><strong data-start=\"4683\" data-end=\"4708\">CSA Clase AL (Canad\u00e1)<\/strong>: clasificaci\u00f3n para uso laboral seguro.<\/li>\n<li data-start=\"4753\" data-end=\"4818\"><strong data-start=\"4753\" data-end=\"4768\">CE (Europa)<\/strong>: garantiza cumplimiento de est\u00e1ndares europeos.<\/li>\n<li data-start=\"4821\" data-end=\"4927\"><strong data-start=\"4821\" data-end=\"4869\">AS\/NZS 1270:2002 (Australia y Nueva Zelanda)<\/strong>: asegura eficacia y protecci\u00f3n en condiciones extremas.<\/li>\n<\/ul>\n<p>Necesitas m\u00e1s productos encu\u00e9ntralos en nuestra <a href=\"https:\/\/valesafety.com.pe\/tienda\">tienda .<\/a><\/p>\n<p>Para m\u00e1s informaci\u00f3n sobre este y otros productos, no dudes en contactarnos por\u00a0<a href=\"http:\/\/wa.me\/977762682\" target=\"_blank\" rel=\"noopener\">WhatsApp<\/a>.<\/p>\n","protected":false},"excerpt":{"rendered":"<p>La Orejera 3M Peltor X2P3E 24 dB adaptable a casco es una de las soluciones m\u00e1s completas en el mercado para la protecci\u00f3n auditiva en entornos laborales exigentes. Dise\u00f1ada con la reconocida calidad de 3M, esta orejera ofrece un Nivel de Reducci\u00f3n de Ruido (NRR) de 24 dB, garantizando seguridad y comodidad en jornadas de hasta 8 horas continuas de exposici\u00f3n al ruido.<\/p>\n","protected":false},"featured_media":5152,"comment_status":"closed","ping_status":"closed","template":"","meta":{"_acf_changed":false},"product_brand":[38],"product_cat":[86,56],"product_tag":[544,553,554],"class_list":{"0":"post-5103","1":"product","2":"type-product","3":"status-publish","4":"has-post-thumbnail","6":"product_brand-3m","7":"product_cat-externos-cascos","8":"product_cat-proteccion-auditiva","9":"product_tag-distribuidor-3m","10":"product_tag-orejera-24db","11":"product_tag-orejeras-adaptables-3m","13":"first","14":"instock","15":"shipping-taxable","16":"purchasable","17":"product-type-simple"},"acf":[],"_links":{"self":[{"href":"https:\/\/valesafety.com.pe\/index.php?rest_route=\/wp\/v2\/product\/5103","targetHints":{"allow":["GET"]}}],"collection":[{"href":"https:\/\/valesafety.com.pe\/index.php?rest_route=\/wp\/v2\/product"}],"about":[{"href":"https:\/\/valesafety.com.pe\/index.php?rest_route=\/wp\/v2\/types\/product"}],"replies":[{"embeddable":true,"href":"https:\/\/valesafety.com.pe\/index.php?rest_route=%2Fwp%2Fv2%2Fcomments&post=5103"}],"wp:featuredmedia":[{"embeddable":true,"href":"https:\/\/valesafety.com.pe\/index.php?rest_route=\/wp\/v2\/media\/5152"}],"wp:attachment":[{"href":"https:\/\/valesafety.com.pe\/index.php?rest_route=%2Fwp%2Fv2%2Fmedia&parent=5103"}],"wp:term":[{"taxonomy":"product_brand","embeddable":true,"href":"https:\/\/valesafety.com.pe\/index.php?rest_route=%2Fwp%2Fv2%2Fproduct_brand&post=5103"},{"taxonomy":"product_cat","embeddable":true,"href":"https:\/\/valesafety.com.pe\/index.php?rest_route=%2Fwp%2Fv2%2Fproduct_cat&post=5103"},{"taxonomy":"product_tag","embeddable":true,"href":"https:\/\/valesafety.com.pe\/index.php?rest_route=%2Fwp%2Fv2%2Fproduct_tag&post=5103"}],"curies":[{"name":"wp","href":"https:\/\/api.w.org\/{rel}","templated":true}]}}