{"id":5101,"date":"2026-04-23T22:47:55","date_gmt":"2026-04-23T20:47:55","guid":{"rendered":"http:\/\/localhost\/borrador\/?post_type=product&#038;p=5101"},"modified":"2026-05-07T09:42:57","modified_gmt":"2026-05-07T14:42:57","slug":"orejera-peltor-optime-98-h9a-3m","status":"publish","type":"product","link":"https:\/\/valesafety.com.pe\/?product=orejera-peltor-optime-98-h9a-3m","title":{"rendered":"Orejera Peltor Optime 98 H9A 3M"},"content":{"rendered":"<h2>Orejera Peltor Optime 98 H9A 3M<\/h2>\n<ul>\n<li data-start=\"1220\" data-end=\"1311\"><strong data-start=\"1220\" data-end=\"1255\">Reducci\u00f3n de ruido (NRR): 25 dB<\/strong>, ideal para tareas en entornos con maquinaria pesada.<\/li>\n<li><strong data-start=\"1314\" data-end=\"1356\">Dise\u00f1o ergon\u00f3mico con copas pivotantes<\/strong>, que se ajustan a diferentes tama\u00f1os y formas de cabeza.<\/li>\n<li data-start=\"1418\" data-end=\"1545\"><strong data-start=\"1418\" data-end=\"1467\">Arco superior de acero inoxidable acolchonado<\/strong>, que brinda mayor comodidad y evita deformaciones frente al uso prolongado.<\/li>\n<li data-start=\"1548\" data-end=\"1646\"><strong data-start=\"1548\" data-end=\"1587\">Almohadillas de PVC hipoalerg\u00e9nicas<\/strong>, suaves al contacto con la piel y f\u00e1ciles de reemplazar.<\/li>\n<li data-start=\"1649\" data-end=\"1743\"><strong data-start=\"1649\" data-end=\"1686\">Materiales resistentes y livianos<\/strong>, que permiten un uso continuo sin generar incomodidad.<\/li>\n<\/ul>\n<p data-start=\"1363\" data-end=\"1426\"><strong data-start=\"1363\" data-end=\"1424\">Beneficios de usar la Orejera Peltor Optime 98 H9A 3M<\/strong><\/p>\n<ul>\n<li data-start=\"1974\" data-end=\"2125\"><strong data-start=\"1974\" data-end=\"2008\">Protecci\u00f3n auditiva comprobada<\/strong>: gracias a su certificaci\u00f3n bajo la norma <strong data-start=\"2051\" data-end=\"2070\">ANSI S3.19-1974<\/strong>, garantizan una protecci\u00f3n efectiva contra el ruido.<\/li>\n<li data-start=\"2129\" data-end=\"2254\"><strong data-start=\"2129\" data-end=\"2166\">Comodidad durante largas jornadas<\/strong>: su dise\u00f1o ligero evita la fatiga y permite concentrarse en las tareas sin molestias.<\/li>\n<li data-start=\"2258\" data-end=\"2379\"><strong data-start=\"2258\" data-end=\"2283\">Durabilidad asegurada<\/strong>: el arco de acero inoxidable resiste torceduras, garantizando un producto de larga vida \u00fatil.<\/li>\n<li data-start=\"2383\" data-end=\"2490\"><strong data-start=\"2383\" data-end=\"2399\">Versatilidad<\/strong>: recomendada para m\u00faltiples sectores, desde la industria pesada hasta talleres peque\u00f1os.<\/li>\n<li data-start=\"2494\" data-end=\"2640\"><strong data-start=\"2494\" data-end=\"2520\">Mantenimiento sencillo<\/strong>: las almohadillas y copas pueden limpiarse o reemplazarse f\u00e1cilmente, manteniendo siempre un nivel \u00f3ptimo de higiene.<\/li>\n<\/ul>\n<p><strong data-start=\"1577\" data-end=\"1648\">Industrias recomendadas para la Orejera Peltor Optime 98 H9A 3M<\/strong><br data-start=\"1648\" data-end=\"1651\" \/>Construcci\u00f3n, metalurgia, talleres mec\u00e1nicos, f\u00e1bricas y todo entorno con maquinaria ruidosa.<\/p>\n<p>Necesitas m\u00e1s productos encu\u00e9ntralos en nuestra <a href=\"https:\/\/valesafety.com.pe\/tienda\">tienda .<\/a><\/p>\n<p>Para m\u00e1s informaci\u00f3n sobre este y otros productos, no dudes en contactarnos por\u00a0<a href=\"http:\/\/wa.me\/977762682\" target=\"_blank\" rel=\"noopener\">WhatsApp<\/a>.<\/p>\n","protected":false},"excerpt":{"rendered":"<p data-start=\"432\" data-end=\"583\">La orejera Peltor Optime 98 H9A 3M ofrecen reducci\u00f3n de ruido de 25 dB, dise\u00f1o c\u00f3modo y materiales hipoalerg\u00e9nicos. Ideales para entornos ruidosos.<\/p>\n","protected":false},"featured_media":5150,"comment_status":"closed","ping_status":"closed","template":"","meta":{"_acf_changed":false},"product_brand":[38],"product_cat":[87,56],"product_tag":[544,552],"class_list":{"0":"post-5101","1":"product","2":"type-product","3":"status-publish","4":"has-post-thumbnail","6":"product_brand-3m","7":"product_cat-externos-vinchas","8":"product_cat-proteccion-auditiva","9":"product_tag-distribuidor-3m","10":"product_tag-orejeras-3m","12":"first","13":"instock","14":"shipping-taxable","15":"purchasable","16":"product-type-simple"},"acf":[],"_links":{"self":[{"href":"https:\/\/valesafety.com.pe\/index.php?rest_route=\/wp\/v2\/product\/5101","targetHints":{"allow":["GET"]}}],"collection":[{"href":"https:\/\/valesafety.com.pe\/index.php?rest_route=\/wp\/v2\/product"}],"about":[{"href":"https:\/\/valesafety.com.pe\/index.php?rest_route=\/wp\/v2\/types\/product"}],"replies":[{"embeddable":true,"href":"https:\/\/valesafety.com.pe\/index.php?rest_route=%2Fwp%2Fv2%2Fcomments&post=5101"}],"wp:featuredmedia":[{"embeddable":true,"href":"https:\/\/valesafety.com.pe\/index.php?rest_route=\/wp\/v2\/media\/5150"}],"wp:attachment":[{"href":"https:\/\/valesafety.com.pe\/index.php?rest_route=%2Fwp%2Fv2%2Fmedia&parent=5101"}],"wp:term":[{"taxonomy":"product_brand","embeddable":true,"href":"https:\/\/valesafety.com.pe\/index.php?rest_route=%2Fwp%2Fv2%2Fproduct_brand&post=5101"},{"taxonomy":"product_cat","embeddable":true,"href":"https:\/\/valesafety.com.pe\/index.php?rest_route=%2Fwp%2Fv2%2Fproduct_cat&post=5101"},{"taxonomy":"product_tag","embeddable":true,"href":"https:\/\/valesafety.com.pe\/index.php?rest_route=%2Fwp%2Fv2%2Fproduct_tag&post=5101"}],"curies":[{"name":"wp","href":"https:\/\/api.w.org\/{rel}","templated":true}]}}