{"id":5100,"date":"2026-04-23T22:47:55","date_gmt":"2026-04-23T20:47:55","guid":{"rendered":"http:\/\/localhost\/borrador\/?post_type=product&#038;p=5100"},"modified":"2026-05-06T16:04:02","modified_gmt":"2026-05-06T21:04:02","slug":"filtro-7093c-p100-3m","status":"publish","type":"product","link":"https:\/\/valesafety.com.pe\/?product=filtro-7093c-p100-3m","title":{"rendered":"Filtro 7093C p100 3M"},"content":{"rendered":"<h3>Filtro 7093C p100 3M<\/h3>\n<ul>\n<li data-start=\"751\" data-end=\"785\">Aumenta la vida \u00fatil del filtro.<\/li>\n<li>Mejora la eficiencia de filtraci\u00f3n de part\u00edculas peque\u00f1as.<\/li>\n<li>Reduce en un 25% la resistencia respiratoria, brindando mayor comodidad en jornadas prolongadas.<\/li>\n<li>Incorpora medio filtrante para reducir olores molestos.<\/li>\n<li data-start=\"1052\" data-end=\"1169\">Fabricado con copol\u00edmeros de policarbonato de alto rendimiento y resinas ABS, resistentes a altas temperaturas.<\/li>\n<li data-start=\"1172\" data-end=\"1265\">Dise\u00f1o cubierto con superficie de filtraci\u00f3n 50% m\u00e1s eficiente que la versi\u00f3n anterior.<\/li>\n<li data-start=\"1268\" data-end=\"1350\">Sistema de conexi\u00f3n tipo bayoneta, compatible con las series 3M 6000 y 7500.<\/li>\n<li data-start=\"1353\" data-end=\"1409\">Mayor durabilidad y resistencia en entornos exigentes.<\/li>\n<\/ul>\n<p>Necesitas m\u00e1s productos encu\u00e9ntralos en nuestra <a href=\"https:\/\/valesafety.com.pe\/tienda\">tienda .<\/a><\/p>\n<p>Para m\u00e1s informaci\u00f3n sobre este y otros productos, no dudes en contactarnos por\u00a0<a href=\"http:\/\/wa.me\/977762682\" target=\"_blank\" rel=\"noopener\">WhatsApp<\/a>.<\/p>\n","protected":false},"excerpt":{"rendered":"<p data-start=\"291\" data-end=\"613\">El Filtro 7093C P100 3M est\u00e1 dise\u00f1ado para brindar una protecci\u00f3n eficaz contra polvo, humo y neblina, con o sin presencia de aceite. Adem\u00e1s, ofrece una defensa adicional frente a niveles molestos de gases \u00e1cidos y vapores org\u00e1nicos, garantizando seguridad y comodidad en m\u00faltiples aplicaciones industriales.<\/p>\n<h2 data-start=\"615\" data-end=\"661\"><\/h2>\n","protected":false},"featured_media":5149,"comment_status":"closed","ping_status":"closed","template":"","meta":{"_acf_changed":false},"product_brand":[38],"product_cat":[98,62],"product_tag":[],"class_list":{"0":"post-5100","1":"product","2":"type-product","3":"status-publish","4":"has-post-thumbnail","6":"product_brand-3m","7":"product_cat-filtros","8":"product_cat-proteccion-respiratoria","10":"first","11":"instock","12":"shipping-taxable","13":"purchasable","14":"product-type-simple"},"acf":[],"_links":{"self":[{"href":"https:\/\/valesafety.com.pe\/index.php?rest_route=\/wp\/v2\/product\/5100","targetHints":{"allow":["GET"]}}],"collection":[{"href":"https:\/\/valesafety.com.pe\/index.php?rest_route=\/wp\/v2\/product"}],"about":[{"href":"https:\/\/valesafety.com.pe\/index.php?rest_route=\/wp\/v2\/types\/product"}],"replies":[{"embeddable":true,"href":"https:\/\/valesafety.com.pe\/index.php?rest_route=%2Fwp%2Fv2%2Fcomments&post=5100"}],"wp:featuredmedia":[{"embeddable":true,"href":"https:\/\/valesafety.com.pe\/index.php?rest_route=\/wp\/v2\/media\/5149"}],"wp:attachment":[{"href":"https:\/\/valesafety.com.pe\/index.php?rest_route=%2Fwp%2Fv2%2Fmedia&parent=5100"}],"wp:term":[{"taxonomy":"product_brand","embeddable":true,"href":"https:\/\/valesafety.com.pe\/index.php?rest_route=%2Fwp%2Fv2%2Fproduct_brand&post=5100"},{"taxonomy":"product_cat","embeddable":true,"href":"https:\/\/valesafety.com.pe\/index.php?rest_route=%2Fwp%2Fv2%2Fproduct_cat&post=5100"},{"taxonomy":"product_tag","embeddable":true,"href":"https:\/\/valesafety.com.pe\/index.php?rest_route=%2Fwp%2Fv2%2Fproduct_tag&post=5100"}],"curies":[{"name":"wp","href":"https:\/\/api.w.org\/{rel}","templated":true}]}}