{"id":5088,"date":"2026-04-23T22:47:27","date_gmt":"2026-04-23T20:47:27","guid":{"rendered":"http:\/\/localhost\/borrador\/?post_type=product&#038;p=5088"},"modified":"2026-05-06T14:36:24","modified_gmt":"2026-05-06T19:36:24","slug":"cartucho-3m-6001-vapores-organicos","status":"publish","type":"product","link":"https:\/\/valesafety.com.pe\/?product=cartucho-3m-6001-vapores-organicos","title":{"rendered":"Cartucho 3M 6001 Vapores Org\u00e1nicos"},"content":{"rendered":"<h2>Cartucho 3M 6001 Vapores Org\u00e1nicos<\/h2>\n<ul>\n<li data-start=\"1156\" data-end=\"1177\"><strong data-start=\"1156\" data-end=\"1167\">Modelo:<\/strong> 3M 6001<\/li>\n<li data-start=\"1180\" data-end=\"1215\"><strong data-start=\"1180\" data-end=\"1195\">Protecci\u00f3n:<\/strong> Vapores org\u00e1nicos<\/li>\n<li data-start=\"1218\" data-end=\"1284\"><strong data-start=\"1218\" data-end=\"1233\">Tecnolog\u00eda:<\/strong> Indicador de vida \u00fatil para control de reemplazo<\/li>\n<li data-start=\"1287\" data-end=\"1304\"><strong data-start=\"1287\" data-end=\"1302\">Beneficios:<\/strong>\n<ul>\n<li data-start=\"1309\" data-end=\"1350\">Comodidad y mejor distribuci\u00f3n del peso<\/li>\n<li data-start=\"1355\" data-end=\"1404\">Mayor duraci\u00f3n del cartucho gracias a su dise\u00f1o<\/li>\n<li data-start=\"1409\" data-end=\"1457\">Indicador visual sencillo para cambio oportuno<\/li>\n<\/ul>\n<\/li>\n<li data-start=\"1460\" data-end=\"1587\"><strong data-start=\"1460\" data-end=\"1477\">Aplicaciones:<\/strong> Industria qu\u00edmica, manufactura, pintura, mantenimiento y otros entornos con exposici\u00f3n a vapores org\u00e1nicos.<\/li>\n<\/ul>\n<p>Necesitas m\u00e1s productos encu\u00e9ntralos en nuestra <a href=\"https:\/\/valesafety.com.pe\/tienda\">tienda .<\/a><\/p>\n<p>Para m\u00e1s informaci\u00f3n sobre este y otros productos, no dudes en contactarnos por\u00a0<a href=\"http:\/\/wa.me\/977762682\" target=\"_blank\" rel=\"noopener\">WhatsApp<\/a>.<\/p>\n","protected":false},"excerpt":{"rendered":"<p data-start=\"284\" data-end=\"568\">El Cartucho 3M 6001 para Vapores Org\u00e1nicos est\u00e1 dise\u00f1ado para ofrecer protecci\u00f3n confiable y eficiente en ambientes industriales. Incorpora un indicador de vida \u00fatil, que permite identificar f\u00e1cilmente el momento de reemplazo, asegurando la continuidad de la protecci\u00f3n.<\/p>\n<p data-start=\"570\" data-end=\"842\">\n","protected":false},"featured_media":5146,"comment_status":"closed","ping_status":"closed","template":"","meta":{"_acf_changed":false},"product_brand":[38],"product_cat":[99,62],"product_tag":[544,551],"class_list":{"0":"post-5088","1":"product","2":"type-product","3":"status-publish","4":"has-post-thumbnail","6":"product_brand-3m","7":"product_cat-mascarillas","8":"product_cat-proteccion-respiratoria","9":"product_tag-distribuidor-3m","10":"product_tag-filtros-y-cartuchos-3m","12":"first","13":"instock","14":"shipping-taxable","15":"purchasable","16":"product-type-simple"},"acf":[],"_links":{"self":[{"href":"https:\/\/valesafety.com.pe\/index.php?rest_route=\/wp\/v2\/product\/5088","targetHints":{"allow":["GET"]}}],"collection":[{"href":"https:\/\/valesafety.com.pe\/index.php?rest_route=\/wp\/v2\/product"}],"about":[{"href":"https:\/\/valesafety.com.pe\/index.php?rest_route=\/wp\/v2\/types\/product"}],"replies":[{"embeddable":true,"href":"https:\/\/valesafety.com.pe\/index.php?rest_route=%2Fwp%2Fv2%2Fcomments&post=5088"}],"wp:featuredmedia":[{"embeddable":true,"href":"https:\/\/valesafety.com.pe\/index.php?rest_route=\/wp\/v2\/media\/5146"}],"wp:attachment":[{"href":"https:\/\/valesafety.com.pe\/index.php?rest_route=%2Fwp%2Fv2%2Fmedia&parent=5088"}],"wp:term":[{"taxonomy":"product_brand","embeddable":true,"href":"https:\/\/valesafety.com.pe\/index.php?rest_route=%2Fwp%2Fv2%2Fproduct_brand&post=5088"},{"taxonomy":"product_cat","embeddable":true,"href":"https:\/\/valesafety.com.pe\/index.php?rest_route=%2Fwp%2Fv2%2Fproduct_cat&post=5088"},{"taxonomy":"product_tag","embeddable":true,"href":"https:\/\/valesafety.com.pe\/index.php?rest_route=%2Fwp%2Fv2%2Fproduct_tag&post=5088"}],"curies":[{"name":"wp","href":"https:\/\/api.w.org\/{rel}","templated":true}]}}