{"id":5087,"date":"2026-04-23T22:47:26","date_gmt":"2026-04-23T20:47:26","guid":{"rendered":"http:\/\/localhost\/borrador\/?post_type=product&#038;p=5087"},"modified":"2026-05-06T14:36:40","modified_gmt":"2026-05-06T19:36:40","slug":"cartucho-3m-6002-gases-acidos","status":"publish","type":"product","link":"https:\/\/valesafety.com.pe\/?product=cartucho-3m-6002-gases-acidos","title":{"rendered":"Cartucho 3M 6002 Gases \u00c1cidos"},"content":{"rendered":"<h2>Cartucho 3M 6002 Gases \u00c1cidos<\/h2>\n<ul>\n<li data-start=\"559\" data-end=\"681\">Protecci\u00f3n contra gases \u00e1cidos: cloro, cloruro de hidr\u00f3geno, di\u00f3xido de azufre, di\u00f3xido de cloro y sulfuro de hidr\u00f3geno.<\/li>\n<li data-start=\"684\" data-end=\"750\">Aprobado por NIOSH para una protecci\u00f3n segura y certificada.<\/li>\n<li data-start=\"753\" data-end=\"839\">Compatible con respiradores reutilizables 3M\u2122 de las series 6000, 7000 y FF-400.<\/li>\n<li data-start=\"842\" data-end=\"925\">Dise\u00f1o swept-back que optimiza el equilibrio, la comodidad y el campo visual.<\/li>\n<li data-start=\"928\" data-end=\"1035\">Protecci\u00f3n de hasta 10 veces el PEL con m\u00e1scaras medias y 50 veces el PEL con m\u00e1scaras completas<\/li>\n<\/ul>\n<p>Necesitas m\u00e1s productos encu\u00e9ntralos en nuestra <a href=\"https:\/\/valesafety.com.pe\/tienda\">tienda .<\/a><\/p>\n<p>Para m\u00e1s informaci\u00f3n sobre este y otros productos, no dudes en contactarnos por\u00a0<a href=\"http:\/\/wa.me\/977762682\" target=\"_blank\" rel=\"noopener\">WhatsApp<\/a>.<\/p>\n","protected":false},"excerpt":{"rendered":"<p data-start=\"247\" data-end=\"504\">El cartucho 3M 6002 para gases \u00e1cidos est\u00e1 dise\u00f1ado para brindar una protecci\u00f3n respiratoria eficaz en diferentes aplicaciones industriales. Su dise\u00f1o swept-back mejora la comodidad y el campo de visi\u00f3n, garantizando un rendimiento seguro y confiable.<\/p>\n","protected":false},"featured_media":5145,"comment_status":"closed","ping_status":"closed","template":"","meta":{"_acf_changed":false},"product_brand":[38],"product_cat":[98,62],"product_tag":[549,550,544],"class_list":{"0":"post-5087","1":"product","2":"type-product","3":"status-publish","4":"has-post-thumbnail","6":"product_brand-3m","7":"product_cat-filtros","8":"product_cat-proteccion-respiratoria","9":"product_tag-cartucho-3m-proteccion-respiratoria","10":"product_tag-cartucho-para-respirador-3m","11":"product_tag-distribuidor-3m","13":"first","14":"instock","15":"shipping-taxable","16":"purchasable","17":"product-type-simple"},"acf":[],"_links":{"self":[{"href":"https:\/\/valesafety.com.pe\/index.php?rest_route=\/wp\/v2\/product\/5087","targetHints":{"allow":["GET"]}}],"collection":[{"href":"https:\/\/valesafety.com.pe\/index.php?rest_route=\/wp\/v2\/product"}],"about":[{"href":"https:\/\/valesafety.com.pe\/index.php?rest_route=\/wp\/v2\/types\/product"}],"replies":[{"embeddable":true,"href":"https:\/\/valesafety.com.pe\/index.php?rest_route=%2Fwp%2Fv2%2Fcomments&post=5087"}],"wp:featuredmedia":[{"embeddable":true,"href":"https:\/\/valesafety.com.pe\/index.php?rest_route=\/wp\/v2\/media\/5145"}],"wp:attachment":[{"href":"https:\/\/valesafety.com.pe\/index.php?rest_route=%2Fwp%2Fv2%2Fmedia&parent=5087"}],"wp:term":[{"taxonomy":"product_brand","embeddable":true,"href":"https:\/\/valesafety.com.pe\/index.php?rest_route=%2Fwp%2Fv2%2Fproduct_brand&post=5087"},{"taxonomy":"product_cat","embeddable":true,"href":"https:\/\/valesafety.com.pe\/index.php?rest_route=%2Fwp%2Fv2%2Fproduct_cat&post=5087"},{"taxonomy":"product_tag","embeddable":true,"href":"https:\/\/valesafety.com.pe\/index.php?rest_route=%2Fwp%2Fv2%2Fproduct_tag&post=5087"}],"curies":[{"name":"wp","href":"https:\/\/api.w.org\/{rel}","templated":true}]}}