{"id":5086,"date":"2026-04-23T22:47:26","date_gmt":"2026-04-23T20:47:26","guid":{"rendered":"http:\/\/localhost\/borrador\/?post_type=product&#038;p=5086"},"modified":"2026-05-06T16:04:02","modified_gmt":"2026-05-06T21:04:02","slug":"filtro-de-particulas-3m-secure-click-d9093-p100","status":"publish","type":"product","link":"https:\/\/valesafety.com.pe\/?product=filtro-de-particulas-3m-secure-click-d9093-p100","title":{"rendered":"Filtro de part\u00edculas 3M Secure Click D9093 P100"},"content":{"rendered":"<h2>Filtro de part\u00edculas 3M Secure Click D9093 P100<\/h2>\n<ul>\n<li data-start=\"750\" data-end=\"797\">Filtraci\u00f3n P100 con eficiencia del 99.7%.<\/li>\n<li data-start=\"800\" data-end=\"848\">Carcasa dura resistente a chispas y calor.<\/li>\n<li data-start=\"851\" data-end=\"910\">Conexi\u00f3n innovadora 3M Secure Click, r\u00e1pida y segura.<\/li>\n<li data-start=\"913\" data-end=\"985\">Dise\u00f1o ligero e inclinado hacia atr\u00e1s para un campo visual amplio.<\/li>\n<li data-start=\"988\" data-end=\"1055\">Compatible con cartuchos y respiradores de la serie Secure Click.<\/li>\n<li data-start=\"1058\" data-end=\"1095\">Presentaci\u00f3n: 1 par de filtros.<\/li>\n<\/ul>\n<h3 data-start=\"1097\" data-end=\"1157\"><strong data-start=\"1101\" data-end=\"1155\">Aplicaciones del Filtro 3M Secure Click D9093 P100<\/strong><\/h3>\n<p data-start=\"1158\" data-end=\"1254\">Este filtro es ideal para ambientes con exposici\u00f3n a part\u00edculas peligrosas en industrias como:<\/p>\n<ul>\n<li data-start=\"1257\" data-end=\"1292\">Soldadura y corte con soplete<\/li>\n<li data-start=\"1295\" data-end=\"1350\">Vertido de metales y procesos de alta temperatura<\/li>\n<li data-start=\"1353\" data-end=\"1385\">Construcci\u00f3n y manufactura<\/li>\n<li data-start=\"1388\" data-end=\"1431\">Agricultura y productos farmac\u00e9uticos<\/li>\n<li data-start=\"1434\" data-end=\"1498\">Procesamiento de metales primarios y remediaci\u00f3n ambiental<\/li>\n<\/ul>\n<p>Necesitas m\u00e1s productos encu\u00e9ntralos en nuestra <a href=\"https:\/\/valesafety.com.pe\/tienda\">tienda .<\/a><\/p>\n<p>Para m\u00e1s informaci\u00f3n sobre este y otros productos, no dudes en contactarnos por\u00a0<a href=\"http:\/\/wa.me\/977762682\" target=\"_blank\" rel=\"noopener\">WhatsApp<\/a>.<\/p>\n","protected":false},"excerpt":{"rendered":"<p>El Filtro de part\u00edculas 3M Secure Click D9093 P100 est\u00e1 dise\u00f1ado para brindar una filtraci\u00f3n del 99.7% contra part\u00edculas s\u00f3lidas y l\u00edquidas de base acuosa o aceitosa, incluyendo polvo, humos y neblinas.<\/p>\n","protected":false},"featured_media":5144,"comment_status":"closed","ping_status":"closed","template":"","meta":{"_acf_changed":false},"product_brand":[38],"product_cat":[98,62],"product_tag":[],"class_list":{"0":"post-5086","1":"product","2":"type-product","3":"status-publish","4":"has-post-thumbnail","6":"product_brand-3m","7":"product_cat-filtros","8":"product_cat-proteccion-respiratoria","10":"first","11":"instock","12":"shipping-taxable","13":"purchasable","14":"product-type-simple"},"acf":[],"_links":{"self":[{"href":"https:\/\/valesafety.com.pe\/index.php?rest_route=\/wp\/v2\/product\/5086","targetHints":{"allow":["GET"]}}],"collection":[{"href":"https:\/\/valesafety.com.pe\/index.php?rest_route=\/wp\/v2\/product"}],"about":[{"href":"https:\/\/valesafety.com.pe\/index.php?rest_route=\/wp\/v2\/types\/product"}],"replies":[{"embeddable":true,"href":"https:\/\/valesafety.com.pe\/index.php?rest_route=%2Fwp%2Fv2%2Fcomments&post=5086"}],"wp:featuredmedia":[{"embeddable":true,"href":"https:\/\/valesafety.com.pe\/index.php?rest_route=\/wp\/v2\/media\/5144"}],"wp:attachment":[{"href":"https:\/\/valesafety.com.pe\/index.php?rest_route=%2Fwp%2Fv2%2Fmedia&parent=5086"}],"wp:term":[{"taxonomy":"product_brand","embeddable":true,"href":"https:\/\/valesafety.com.pe\/index.php?rest_route=%2Fwp%2Fv2%2Fproduct_brand&post=5086"},{"taxonomy":"product_cat","embeddable":true,"href":"https:\/\/valesafety.com.pe\/index.php?rest_route=%2Fwp%2Fv2%2Fproduct_cat&post=5086"},{"taxonomy":"product_tag","embeddable":true,"href":"https:\/\/valesafety.com.pe\/index.php?rest_route=%2Fwp%2Fv2%2Fproduct_tag&post=5086"}],"curies":[{"name":"wp","href":"https:\/\/api.w.org\/{rel}","templated":true}]}}