{"id":5084,"date":"2026-04-23T22:47:26","date_gmt":"2026-04-23T20:47:26","guid":{"rendered":"http:\/\/localhost\/borrador\/?post_type=product&#038;p=5084"},"modified":"2026-05-06T17:14:57","modified_gmt":"2026-05-06T22:14:57","slug":"lente-de-seguridad-3m-securefit-400x","status":"publish","type":"product","link":"https:\/\/valesafety.com.pe\/?product=lente-de-seguridad-3m-securefit-400x","title":{"rendered":"Lente de Seguridad 3M Securefit 400x"},"content":{"rendered":"<h2>Lente de Seguridad 3M Securefit 400x<\/h2>\n<ul>\n<li data-start=\"649\" data-end=\"755\">Tecnolog\u00eda 3M\u2122 SecureFit\u2122 de difusi\u00f3n de presi\u00f3n en las patillas para un ajuste autom\u00e1tico y c\u00f3modo.<\/li>\n<li data-start=\"758\" data-end=\"838\">Absorci\u00f3n del 99.9% de rayos UVA y UVB, protecci\u00f3n contra radiaci\u00f3n solar.<\/li>\n<li data-start=\"841\" data-end=\"931\">Revestimiento Anti-Empa\u00f1o Scotchgard\u2122 (N) y antirayaduras (K) seg\u00fan norma EN166.<\/li>\n<li data-start=\"934\" data-end=\"1004\">Peso ligero (19 g) para mayor confort durante el uso prolongado.<\/li>\n<li data-start=\"1007\" data-end=\"1090\">Materiales de inyecci\u00f3n dual que aumentan la comodidad en puntos de contacto.<\/li>\n<li data-start=\"1093\" data-end=\"1175\">Almohadillas nasales ajustables y patillas de tacto suave para mejor ajuste.<\/li>\n<li data-start=\"1178\" data-end=\"1229\">Protecci\u00f3n superior contra part\u00edculas e impactos.<\/li>\n<\/ul>\n<p>Necesitas m\u00e1s productos encu\u00e9ntralos en nuestra <a href=\"https:\/\/valesafety.com.pe\/tienda\">tienda .<\/a><\/p>\n<p>Para m\u00e1s informaci\u00f3n sobre este y otros productos, no dudes en contactarnos por\u00a0<a href=\"http:\/\/wa.me\/977762682\" target=\"_blank\" rel=\"noopener\">WhatsApp<\/a>.<\/p>\n","protected":false},"excerpt":{"rendered":"<p>El Lente de Seguridad 3M SecureFit 400X ofrece un equilibrio perfecto entre protecci\u00f3n ocular, comodidad y rendimiento en entornos laborales exigentes. Gracias a su recubrimiento anti-empa\u00f1ante Scotchgard.<\/p>\n","protected":false},"featured_media":5134,"comment_status":"closed","ping_status":"closed","template":"","meta":{"_acf_changed":false},"product_brand":[38],"product_cat":[103,65],"product_tag":[],"class_list":{"0":"post-5084","1":"product","2":"type-product","3":"status-publish","4":"has-post-thumbnail","6":"product_brand-3m","7":"product_cat-anteojos-de-seguridad","8":"product_cat-proteccion-visual","10":"first","11":"instock","12":"shipping-taxable","13":"purchasable","14":"product-type-simple"},"acf":[],"_links":{"self":[{"href":"https:\/\/valesafety.com.pe\/index.php?rest_route=\/wp\/v2\/product\/5084","targetHints":{"allow":["GET"]}}],"collection":[{"href":"https:\/\/valesafety.com.pe\/index.php?rest_route=\/wp\/v2\/product"}],"about":[{"href":"https:\/\/valesafety.com.pe\/index.php?rest_route=\/wp\/v2\/types\/product"}],"replies":[{"embeddable":true,"href":"https:\/\/valesafety.com.pe\/index.php?rest_route=%2Fwp%2Fv2%2Fcomments&post=5084"}],"wp:featuredmedia":[{"embeddable":true,"href":"https:\/\/valesafety.com.pe\/index.php?rest_route=\/wp\/v2\/media\/5134"}],"wp:attachment":[{"href":"https:\/\/valesafety.com.pe\/index.php?rest_route=%2Fwp%2Fv2%2Fmedia&parent=5084"}],"wp:term":[{"taxonomy":"product_brand","embeddable":true,"href":"https:\/\/valesafety.com.pe\/index.php?rest_route=%2Fwp%2Fv2%2Fproduct_brand&post=5084"},{"taxonomy":"product_cat","embeddable":true,"href":"https:\/\/valesafety.com.pe\/index.php?rest_route=%2Fwp%2Fv2%2Fproduct_cat&post=5084"},{"taxonomy":"product_tag","embeddable":true,"href":"https:\/\/valesafety.com.pe\/index.php?rest_route=%2Fwp%2Fv2%2Fproduct_tag&post=5084"}],"curies":[{"name":"wp","href":"https:\/\/api.w.org\/{rel}","templated":true}]}}