{"id":5081,"date":"2026-04-23T22:47:25","date_gmt":"2026-04-23T20:47:25","guid":{"rendered":"http:\/\/localhost\/borrador\/?post_type=product&#038;p=5081"},"modified":"2026-05-06T17:23:05","modified_gmt":"2026-05-06T22:23:05","slug":"lente-de-seguridad-securefit-200-3m","status":"publish","type":"product","link":"https:\/\/valesafety.com.pe\/?product=lente-de-seguridad-securefit-200-3m","title":{"rendered":"Lente de Seguridad Securefit 200 3M"},"content":{"rendered":"<h2>Lente de Seguridad Securefit 200 3M<\/h2>\n<ul>\n<li data-start=\"660\" data-end=\"780\">Tecnolog\u00eda de difusi\u00f3n de presi\u00f3n en las sienes con ranuras acanaladas, que permite un ajuste autom\u00e1tico y c\u00f3modo.<\/li>\n<li data-start=\"783\" data-end=\"846\">Puente nasal moldeado para mayor ergonom\u00eda y estabilidad.<\/li>\n<li data-start=\"849\" data-end=\"905\">Protecci\u00f3n contra el 99.9% de los rayos UVA y UVB.<\/li>\n<li data-start=\"908\" data-end=\"1011\">Revestimiento antirayaduras y antiempa\u00f1ante para mayor durabilidad y visibilidad en todo momento.<\/li>\n<li data-start=\"1014\" data-end=\"1095\">Ajuste flexible y seguro que se mantiene firme incluso en movimientos intensos.<\/li>\n<\/ul>\n<p>Necesitas m\u00e1s productos encu\u00e9ntralos en nuestra <a href=\"https:\/\/valesafety.com.pe\/tienda\">tienda .<\/a><\/p>\n<p>Para m\u00e1s informaci\u00f3n sobre este y otros productos, no dudes en contactarnos por\u00a0<a href=\"http:\/\/wa.me\/977762682\" target=\"_blank\" rel=\"noopener\">WhatsApp<\/a>.<\/p>\n","protected":false},"excerpt":{"rendered":"<p>El Lente de Seguridad SecureFit 200 3M est\u00e1 dise\u00f1ado para brindar protecci\u00f3n ocular efectiva, con un ajuste personalizado y comodidad superior a un precio accesible.<\/p>\n","protected":false},"featured_media":5130,"comment_status":"closed","ping_status":"closed","template":"","meta":{"_acf_changed":false},"product_brand":[38],"product_cat":[103,65],"product_tag":[544],"class_list":{"0":"post-5081","1":"product","2":"type-product","3":"status-publish","4":"has-post-thumbnail","6":"product_brand-3m","7":"product_cat-anteojos-de-seguridad","8":"product_cat-proteccion-visual","9":"product_tag-distribuidor-3m","11":"first","12":"instock","13":"shipping-taxable","14":"purchasable","15":"product-type-simple"},"acf":[],"_links":{"self":[{"href":"https:\/\/valesafety.com.pe\/index.php?rest_route=\/wp\/v2\/product\/5081","targetHints":{"allow":["GET"]}}],"collection":[{"href":"https:\/\/valesafety.com.pe\/index.php?rest_route=\/wp\/v2\/product"}],"about":[{"href":"https:\/\/valesafety.com.pe\/index.php?rest_route=\/wp\/v2\/types\/product"}],"replies":[{"embeddable":true,"href":"https:\/\/valesafety.com.pe\/index.php?rest_route=%2Fwp%2Fv2%2Fcomments&post=5081"}],"wp:featuredmedia":[{"embeddable":true,"href":"https:\/\/valesafety.com.pe\/index.php?rest_route=\/wp\/v2\/media\/5130"}],"wp:attachment":[{"href":"https:\/\/valesafety.com.pe\/index.php?rest_route=%2Fwp%2Fv2%2Fmedia&parent=5081"}],"wp:term":[{"taxonomy":"product_brand","embeddable":true,"href":"https:\/\/valesafety.com.pe\/index.php?rest_route=%2Fwp%2Fv2%2Fproduct_brand&post=5081"},{"taxonomy":"product_cat","embeddable":true,"href":"https:\/\/valesafety.com.pe\/index.php?rest_route=%2Fwp%2Fv2%2Fproduct_cat&post=5081"},{"taxonomy":"product_tag","embeddable":true,"href":"https:\/\/valesafety.com.pe\/index.php?rest_route=%2Fwp%2Fv2%2Fproduct_tag&post=5081"}],"curies":[{"name":"wp","href":"https:\/\/api.w.org\/{rel}","templated":true}]}}