{"id":5069,"date":"2026-04-23T22:46:55","date_gmt":"2026-04-23T20:46:55","guid":{"rendered":"http:\/\/localhost\/borrador\/?post_type=product&#038;p=5069"},"modified":"2026-05-07T10:51:17","modified_gmt":"2026-05-07T15:51:17","slug":"tapon-auditivo-1291-de-espuma-3m","status":"publish","type":"product","link":"https:\/\/valesafety.com.pe\/?product=tapon-auditivo-1291-de-espuma-3m","title":{"rendered":"Tap\u00f3n auditivo 1291 de espuma 3M"},"content":{"rendered":"<h2>Tap\u00f3n auditivo 1291 de espuma 3M<\/h2>\n<p>Fabricados en material el\u00e1stico libre de silicona, son seguros para ambientes delicados como talleres de pintura automotriz. Adem\u00e1s, cuentan con un pr\u00e1ctico v\u00e1stago con agarre manual que facilita su inserci\u00f3n y evita la contaminaci\u00f3n por contacto, lo que los convierte en una soluci\u00f3n ideal para el uso diario en el trabajo.<\/p>\n<ul>\n<li data-start=\"1521\" data-end=\"1562\">Procesamiento de metales y construcci\u00f3n<\/li>\n<li data-start=\"1565\" data-end=\"1599\">Industria qu\u00edmica y farmac\u00e9utica<\/li>\n<li data-start=\"1602\" data-end=\"1644\">Ingenier\u00eda liviana y manufactura general<\/li>\n<li data-start=\"1647\" data-end=\"1696\">Talleres de pintura y reparaci\u00f3n automotriz<\/li>\n<li data-start=\"1699\" data-end=\"1744\">F\u00e1bricas textiles, imprentas y carpinter\u00edas<\/li>\n<li data-start=\"1747\" data-end=\"1795\">Aserraderos y entornos con alto nivel de ruido<\/li>\n<\/ul>\n<p>Necesitas m\u00e1s productos encu\u00e9ntralos en nuestra <a href=\"https:\/\/valesafety.com.pe\/tienda\">tienda .<\/a><\/p>\n<p>Para m\u00e1s informaci\u00f3n sobre este y otros productos, no dudes en contactarnos por\u00a0<a href=\"http:\/\/wa.me\/977762682\" target=\"_blank\" rel=\"noopener\">WhatsApp<\/a>.<\/p>\n","protected":false},"excerpt":{"rendered":"<ul>\n<li>Nivel de reducci\u00f3n de ruido: 25dB<\/li>\n<li>Material tap\u00f3n: Elast\u00f3mero sint\u00e9tico<\/li>\n<li>Material cord\u00f3n: Poli\u00e9ster<\/li>\n<li>Material estuche: Polipropileno<\/li>\n<\/ul>\n","protected":false},"featured_media":5128,"comment_status":"closed","ping_status":"closed","template":"","meta":{"_acf_changed":false},"product_brand":[38],"product_cat":[56,88],"product_tag":[544,545],"class_list":{"0":"post-5069","1":"product","2":"type-product","3":"status-publish","4":"has-post-thumbnail","6":"product_brand-3m","7":"product_cat-proteccion-auditiva","8":"product_cat-tapones-auditivos","9":"product_tag-distribuidor-3m","10":"product_tag-tapon-auditivo-3m","12":"first","13":"instock","14":"shipping-taxable","15":"purchasable","16":"product-type-simple"},"acf":[],"_links":{"self":[{"href":"https:\/\/valesafety.com.pe\/index.php?rest_route=\/wp\/v2\/product\/5069","targetHints":{"allow":["GET"]}}],"collection":[{"href":"https:\/\/valesafety.com.pe\/index.php?rest_route=\/wp\/v2\/product"}],"about":[{"href":"https:\/\/valesafety.com.pe\/index.php?rest_route=\/wp\/v2\/types\/product"}],"replies":[{"embeddable":true,"href":"https:\/\/valesafety.com.pe\/index.php?rest_route=%2Fwp%2Fv2%2Fcomments&post=5069"}],"wp:featuredmedia":[{"embeddable":true,"href":"https:\/\/valesafety.com.pe\/index.php?rest_route=\/wp\/v2\/media\/5128"}],"wp:attachment":[{"href":"https:\/\/valesafety.com.pe\/index.php?rest_route=%2Fwp%2Fv2%2Fmedia&parent=5069"}],"wp:term":[{"taxonomy":"product_brand","embeddable":true,"href":"https:\/\/valesafety.com.pe\/index.php?rest_route=%2Fwp%2Fv2%2Fproduct_brand&post=5069"},{"taxonomy":"product_cat","embeddable":true,"href":"https:\/\/valesafety.com.pe\/index.php?rest_route=%2Fwp%2Fv2%2Fproduct_cat&post=5069"},{"taxonomy":"product_tag","embeddable":true,"href":"https:\/\/valesafety.com.pe\/index.php?rest_route=%2Fwp%2Fv2%2Fproduct_tag&post=5069"}],"curies":[{"name":"wp","href":"https:\/\/api.w.org\/{rel}","templated":true}]}}