{"id":5066,"date":"2026-04-23T22:46:55","date_gmt":"2026-04-23T20:46:55","guid":{"rendered":"http:\/\/localhost\/borrador\/?post_type=product&#038;p=5066"},"modified":"2026-05-06T15:42:09","modified_gmt":"2026-05-06T20:42:09","slug":"cinta-aislante-3m-temflex-165","status":"publish","type":"product","link":"https:\/\/valesafety.com.pe\/?product=cinta-aislante-3m-temflex-165","title":{"rendered":"Cinta Aislante 3m Temflex 165"},"content":{"rendered":"<h2>Cinta Aislante 3m Temflex 165 Negro<\/h2>\n<ul>\n<li>Resistente a la abrasi\u00f3n, al agua, al ozono y a los rayos UV<\/li>\n<li>Buena adhesi\u00f3n a una variedad de superficies<\/li>\n<li>F\u00e1cil de aplicar y se puede cortar con las manos<\/li>\n<li>Adecuada para aplicaciones de baja tensi\u00f3n<\/li>\n<\/ul>\n<p>Certificaciones y normas<\/p>\n<p>Tiene una clasificaci\u00f3n de resistencia a la llama UL50 y es compatible con la mayor\u00eda de los materiales de aislamiento y cables comunes.<\/p>\n<p>Necesitas m\u00e1s productos encu\u00e9ntralos en nuestra <a href=\"https:\/\/valesafety.com.pe\/tienda\">tienda .<\/a><\/p>\n<p>Para m\u00e1s informaci\u00f3n sobre este y otros productos, no dudes en contactarnos por\u00a0<a href=\"http:\/\/wa.me\/977762682\" target=\"_blank\" rel=\"noopener\">WhatsApp<\/a>.<\/p>\n","protected":false},"excerpt":{"rendered":"<p>Est\u00e1 dise\u00f1ada para resistir la abrasi\u00f3n, lo que la hace adecuada para su uso en aplicaciones en las que la cinta\u00a0est\u00e9\u00a0expuesta a la fricci\u00f3n y al desgaste. Adem\u00e1s, es resistente al agua, es ideal en aplicaciones en las que la cinta\u00a0est\u00e9\u00a0expuesta a la humedad.<\/p>\n","protected":false},"featured_media":5115,"comment_status":"closed","ping_status":"closed","template":"","meta":{"_acf_changed":false},"product_brand":[38],"product_cat":[271],"product_tag":[544],"class_list":{"0":"post-5066","1":"product","2":"type-product","3":"status-publish","4":"has-post-thumbnail","6":"product_brand-3m","7":"product_cat-ferreteria-2","8":"product_tag-distribuidor-3m","10":"first","11":"instock","12":"shipping-taxable","13":"purchasable","14":"product-type-simple"},"acf":[],"_links":{"self":[{"href":"https:\/\/valesafety.com.pe\/index.php?rest_route=\/wp\/v2\/product\/5066","targetHints":{"allow":["GET"]}}],"collection":[{"href":"https:\/\/valesafety.com.pe\/index.php?rest_route=\/wp\/v2\/product"}],"about":[{"href":"https:\/\/valesafety.com.pe\/index.php?rest_route=\/wp\/v2\/types\/product"}],"replies":[{"embeddable":true,"href":"https:\/\/valesafety.com.pe\/index.php?rest_route=%2Fwp%2Fv2%2Fcomments&post=5066"}],"wp:featuredmedia":[{"embeddable":true,"href":"https:\/\/valesafety.com.pe\/index.php?rest_route=\/wp\/v2\/media\/5115"}],"wp:attachment":[{"href":"https:\/\/valesafety.com.pe\/index.php?rest_route=%2Fwp%2Fv2%2Fmedia&parent=5066"}],"wp:term":[{"taxonomy":"product_brand","embeddable":true,"href":"https:\/\/valesafety.com.pe\/index.php?rest_route=%2Fwp%2Fv2%2Fproduct_brand&post=5066"},{"taxonomy":"product_cat","embeddable":true,"href":"https:\/\/valesafety.com.pe\/index.php?rest_route=%2Fwp%2Fv2%2Fproduct_cat&post=5066"},{"taxonomy":"product_tag","embeddable":true,"href":"https:\/\/valesafety.com.pe\/index.php?rest_route=%2Fwp%2Fv2%2Fproduct_tag&post=5066"}],"curies":[{"name":"wp","href":"https:\/\/api.w.org\/{rel}","templated":true}]}}