{"id":5063,"date":"2026-04-23T22:46:54","date_gmt":"2026-04-23T20:46:54","guid":{"rendered":"http:\/\/localhost\/borrador\/?post_type=product&#038;p=5063"},"modified":"2026-05-06T12:32:15","modified_gmt":"2026-05-06T17:32:15","slug":"bloqueo-para-interruptor-grande-loto-master","status":"publish","type":"product","link":"https:\/\/valesafety.com.pe\/?product=bloqueo-para-interruptor-grande-loto-master","title":{"rendered":"Bloqueo para Interruptor Grande Loto Master"},"content":{"rendered":"<h2>Bloqueo para Interruptor Grande MCB00001 Loto Master<\/h2>\n<ul>\n<li data-start=\"805\" data-end=\"866\">Evita activaciones accidentales de interruptores grandes.<\/li>\n<li data-start=\"869\" data-end=\"936\">Cumple con normativas de seguridad para ambientes industriales.<\/li>\n<li data-start=\"939\" data-end=\"992\">Fabricado con materiales resistentes y duraderos.<\/li>\n<li data-start=\"995\" data-end=\"1023\">F\u00e1cil instalaci\u00f3n y uso.<\/li>\n<\/ul>\n<p data-start=\"1025\" data-end=\"1191\"><strong data-start=\"1025\" data-end=\"1109\">Protege a tu equipo y asegura la continuidad de tus operaciones con LOTO Master.<\/strong><br data-start=\"1109\" data-end=\"1112\" \/>No arriesgues la integridad de tu personal: elige la seguridad m\u00e1s confiabl<\/p>\n<p>Necesitas m\u00e1s productos encu\u00e9ntralos en nuestra <a href=\"https:\/\/valesafety.com.pe\/tienda\">tienda .<\/a><\/p>\n<p>Para m\u00e1s informaci\u00f3n sobre este y otros productos, no dudes en contactarnos por\u00a0<a href=\"http:\/\/wa.me\/977762682\" target=\"_blank\" rel=\"noopener\">WhatsApp<\/a>.<\/p>\n","protected":false},"excerpt":{"rendered":"<p>En entornos laborales de alto riesgo, la seguridad no puede dejarse al azar. El Bloqueo para Interruptor Grande MCB00001 de LOTO Master est\u00e1 dise\u00f1ado para brindar m\u00e1xima protecci\u00f3n en la gesti\u00f3n de riesgos laborales.<\/p>\n","protected":false},"featured_media":5112,"comment_status":"closed","ping_status":"closed","template":"","meta":{"_acf_changed":false},"product_brand":[32],"product_cat":[45],"product_tag":[538,539,540,541],"class_list":{"0":"post-5063","1":"product","2":"type-product","3":"status-publish","4":"has-post-thumbnail","6":"product_brand-loto-master","7":"product_cat-bloqueo-y-etiquetado","8":"product_tag-bloqueo-de-seguridad-electrica","9":"product_tag-distribuidor-loto-master","10":"product_tag-gestion-de-riesgos-laborales","11":"product_tag-mcb00001","13":"first","14":"instock","15":"shipping-taxable","16":"purchasable","17":"product-type-simple"},"acf":[],"_links":{"self":[{"href":"https:\/\/valesafety.com.pe\/index.php?rest_route=\/wp\/v2\/product\/5063","targetHints":{"allow":["GET"]}}],"collection":[{"href":"https:\/\/valesafety.com.pe\/index.php?rest_route=\/wp\/v2\/product"}],"about":[{"href":"https:\/\/valesafety.com.pe\/index.php?rest_route=\/wp\/v2\/types\/product"}],"replies":[{"embeddable":true,"href":"https:\/\/valesafety.com.pe\/index.php?rest_route=%2Fwp%2Fv2%2Fcomments&post=5063"}],"wp:featuredmedia":[{"embeddable":true,"href":"https:\/\/valesafety.com.pe\/index.php?rest_route=\/wp\/v2\/media\/5112"}],"wp:attachment":[{"href":"https:\/\/valesafety.com.pe\/index.php?rest_route=%2Fwp%2Fv2%2Fmedia&parent=5063"}],"wp:term":[{"taxonomy":"product_brand","embeddable":true,"href":"https:\/\/valesafety.com.pe\/index.php?rest_route=%2Fwp%2Fv2%2Fproduct_brand&post=5063"},{"taxonomy":"product_cat","embeddable":true,"href":"https:\/\/valesafety.com.pe\/index.php?rest_route=%2Fwp%2Fv2%2Fproduct_cat&post=5063"},{"taxonomy":"product_tag","embeddable":true,"href":"https:\/\/valesafety.com.pe\/index.php?rest_route=%2Fwp%2Fv2%2Fproduct_tag&post=5063"}],"curies":[{"name":"wp","href":"https:\/\/api.w.org\/{rel}","templated":true}]}}