{"id":5045,"date":"2026-04-23T22:46:26","date_gmt":"2026-04-23T20:46:26","guid":{"rendered":"http:\/\/localhost\/borrador\/?post_type=product&#038;p=5045"},"modified":"2026-04-29T18:19:24","modified_gmt":"2026-04-29T23:19:24","slug":"faja-lumbar-buldan","status":"publish","type":"product","link":"https:\/\/valesafety.com.pe\/?product=faja-lumbar-buldan","title":{"rendered":"Faja Lumbar Buldan"},"content":{"rendered":"<h2>Faja Lumbar Buldan<\/h2>\n<ul>\n<li>Cuerpo el\u00e1stico y telar de 20 cm<\/li>\n<li>Soporte lumbar con 3 varillas r\u00edgidas anat\u00f3micas en pvc de 1&#8243; x 7 1\/4&#8243;<\/li>\n<li>Tirantes el\u00e1sticos ajustables de 30 mm<\/li>\n<li>Amplia banda de ajuste con cierre delantero en velcro de 20 cm<\/li>\n<li>Ajustable extra con segundo cintur\u00f3n el\u00e1stico con velcro de 10 cm<\/li>\n<li>Tallas disponibles: S &#8211; M &#8211; L -XL &#8211; XXL &#8211; XXXL<\/li>\n<\/ul>\n<p>Necesitas m\u00e1s productos encu\u00e9ntralos en nuestra <a href=\"https:\/\/valesafety.com.pe\/tienda\">tienda .<\/a><\/p>\n<p>Para m\u00e1s informaci\u00f3n sobre este y otros productos, no dudes en contactarnos por\u00a0<a href=\"http:\/\/wa.me\/977762682\" target=\"_blank\" rel=\"noopener\">WhatsApp<\/a>.<\/p>\n","protected":false},"excerpt":{"rendered":"<p>Faja Lumbar Buldan Cuerpo el\u00e1stico y telar de 20 cm Soporte lumbar con 3 varillas r\u00edgidas anat\u00f3micas en pvc de 1&#8243; x 7 1\/4&#8243; Tirantes el\u00e1sticos ajustables de 30 mm Amplia banda de ajuste con cierre delantero en velcro de 20 cm Ajustable extra con segundo cintur\u00f3n el\u00e1stico con velcro de 10 cm Tallas disponibles: [&hellip;]<\/p>\n","protected":false},"featured_media":5094,"comment_status":"closed","ping_status":"closed","template":"","meta":{"_acf_changed":false},"product_brand":[],"product_cat":[66,67,114],"product_tag":[],"class_list":{"0":"post-5045","1":"product","2":"type-product","3":"status-publish","4":"has-post-thumbnail","6":"product_cat-ropa-de-seguridad","7":"product_cat-ropa-de-trabajo","8":"product_cat-vestuario-tecnico","10":"first","11":"instock","12":"shipping-taxable","13":"purchasable","14":"product-type-simple"},"acf":[],"_links":{"self":[{"href":"https:\/\/valesafety.com.pe\/index.php?rest_route=\/wp\/v2\/product\/5045","targetHints":{"allow":["GET"]}}],"collection":[{"href":"https:\/\/valesafety.com.pe\/index.php?rest_route=\/wp\/v2\/product"}],"about":[{"href":"https:\/\/valesafety.com.pe\/index.php?rest_route=\/wp\/v2\/types\/product"}],"replies":[{"embeddable":true,"href":"https:\/\/valesafety.com.pe\/index.php?rest_route=%2Fwp%2Fv2%2Fcomments&post=5045"}],"wp:featuredmedia":[{"embeddable":true,"href":"https:\/\/valesafety.com.pe\/index.php?rest_route=\/wp\/v2\/media\/5094"}],"wp:attachment":[{"href":"https:\/\/valesafety.com.pe\/index.php?rest_route=%2Fwp%2Fv2%2Fmedia&parent=5045"}],"wp:term":[{"taxonomy":"product_brand","embeddable":true,"href":"https:\/\/valesafety.com.pe\/index.php?rest_route=%2Fwp%2Fv2%2Fproduct_brand&post=5045"},{"taxonomy":"product_cat","embeddable":true,"href":"https:\/\/valesafety.com.pe\/index.php?rest_route=%2Fwp%2Fv2%2Fproduct_cat&post=5045"},{"taxonomy":"product_tag","embeddable":true,"href":"https:\/\/valesafety.com.pe\/index.php?rest_route=%2Fwp%2Fv2%2Fproduct_tag&post=5045"}],"curies":[{"name":"wp","href":"https:\/\/api.w.org\/{rel}","templated":true}]}}