{"id":5044,"date":"2026-04-23T22:46:25","date_gmt":"2026-04-23T20:46:25","guid":{"rendered":"http:\/\/localhost\/borrador\/?post_type=product&#038;p=5044"},"modified":"2026-05-06T12:15:30","modified_gmt":"2026-05-06T17:15:30","slug":"arnes-de-4-argollas-economico-steelpro","status":"publish","type":"product","link":"https:\/\/valesafety.com.pe\/?product=arnes-de-4-argollas-economico-steelpro","title":{"rendered":"Arn\u00e9s de 4 Argollas Econ\u00f3mico Steelpro"},"content":{"rendered":"<h2>Arn\u00e9s de 4 Argollas Econ\u00f3mico Steelpro<\/h2>\n<ul>\n<li data-start=\"812\" data-end=\"876\">Arn\u00e9s multiprop\u00f3sito de cuerpo completo con dise\u00f1o en <strong data-start=\"866\" data-end=\"873\">\u201cH\u201d<\/strong>.<\/li>\n<li data-start=\"879\" data-end=\"956\"><strong data-start=\"879\" data-end=\"912\">4 argollas met\u00e1licas en acero<\/strong> con resistencia de <strong data-start=\"932\" data-end=\"954\">22.2 kN (5000 lb):<\/strong><\/li>\n<li data-start=\"961\" data-end=\"997\">1 dorsal para detenci\u00f3n de ca\u00eddas.<\/li>\n<li data-start=\"1002\" data-end=\"1038\">1 frontal para ascenso y descenso.<\/li>\n<li data-start=\"1043\" data-end=\"1078\">2 laterales para posicionamiento.<\/li>\n<li data-start=\"1081\" data-end=\"1183\">Reatas en cinta plana bicolor (amarillo\/negro) en poli\u00e9ster de alta resistencia (<strong data-start=\"1162\" data-end=\"1179\">2720\/3105 kgf<\/strong>).<\/li>\n<li data-start=\"1186\" data-end=\"1238\">Hebillas de dos piezas resistentes (<strong data-start=\"1222\" data-end=\"1234\">2100 kgf<\/strong>).<\/li>\n<li data-start=\"1241\" data-end=\"1287\"><strong data-start=\"1241\" data-end=\"1265\">Indicador de impacto<\/strong> y correa subgl\u00fatea.<\/li>\n<li data-start=\"1290\" data-end=\"1333\">Sujetador de ganchos para l\u00edneas de vida.<\/li>\n<li data-start=\"1336\" data-end=\"1396\"><strong data-start=\"1336\" data-end=\"1355\">Peso soportado:<\/strong> de 59 kg a 140 kg (incluyendo equipo).<\/li>\n<li data-start=\"1399\" data-end=\"1440\"><strong data-start=\"1399\" data-end=\"1422\">Tallas disponibles:<\/strong> S-M-L \/ XL-XXL.<\/li>\n<li data-start=\"1443\" data-end=\"1478\">Incluye <strong data-start=\"1451\" data-end=\"1475\">cobertor de etiqueta<\/strong>.<\/li>\n<\/ul>\n<h3 data-start=\"1480\" data-end=\"1510\">Normas y Certificaciones<\/h3>\n<ul>\n<li data-start=\"1513\" data-end=\"1555\"><strong data-start=\"1513\" data-end=\"1537\">OSHA 1926 Subparte M<\/strong> (Construcci\u00f3n).<\/li>\n<li data-start=\"1558\" data-end=\"1601\"><strong data-start=\"1558\" data-end=\"1575\">OSHA 1910.140<\/strong> (Industria en general).<\/li>\n<li data-start=\"1604\" data-end=\"1633\"><strong data-start=\"1604\" data-end=\"1630\">ANSI\/ASSE Z359.11-2014<\/strong>.<\/li>\n<li data-start=\"1636\" data-end=\"1664\"><strong data-start=\"1636\" data-end=\"1661\">ANSI\/ASSE A10.32-2012<\/strong>.<\/li>\n<\/ul>\n<p>Necesitas m\u00e1s productos encu\u00e9ntralos en nuestra <a href=\"https:\/\/valesafety.com.pe\/tienda\">tienda .<\/a><\/p>\n<p>Para m\u00e1s informaci\u00f3n sobre este y otros productos, no dudes en contactarnos por\u00a0<a href=\"http:\/\/wa.me\/977762682\" target=\"_blank\" rel=\"noopener\">WhatsApp<\/a>.<\/p>\n","protected":false},"excerpt":{"rendered":"<p>El arn\u00e9s de 4 argollas Steelpro (APA4E) es un equipo de protecci\u00f3n personal dise\u00f1ado para trabajos en altura, brindando seguridad, comodidad y resistencia bajo est\u00e1ndares internacionales como ANSI, OSHA, IRAM y CE.<\/p>\n","protected":false},"featured_media":5093,"comment_status":"closed","ping_status":"closed","template":"","meta":{"_acf_changed":false},"product_brand":[622],"product_cat":[89,58],"product_tag":[532,533,534,535],"class_list":{"0":"post-5044","1":"product","2":"type-product","3":"status-publish","4":"has-post-thumbnail","6":"product_brand-steelpro","7":"product_cat-arnes","8":"product_cat-proteccion-de-alturas","9":"product_tag-arnes-steelpro","10":"product_tag-distribuidor-steelpro","11":"product_tag-importador-steelpro","12":"product_tag-steelpro-peru","14":"first","15":"instock","16":"shipping-taxable","17":"purchasable","18":"product-type-simple"},"acf":[],"_links":{"self":[{"href":"https:\/\/valesafety.com.pe\/index.php?rest_route=\/wp\/v2\/product\/5044","targetHints":{"allow":["GET"]}}],"collection":[{"href":"https:\/\/valesafety.com.pe\/index.php?rest_route=\/wp\/v2\/product"}],"about":[{"href":"https:\/\/valesafety.com.pe\/index.php?rest_route=\/wp\/v2\/types\/product"}],"replies":[{"embeddable":true,"href":"https:\/\/valesafety.com.pe\/index.php?rest_route=%2Fwp%2Fv2%2Fcomments&post=5044"}],"wp:featuredmedia":[{"embeddable":true,"href":"https:\/\/valesafety.com.pe\/index.php?rest_route=\/wp\/v2\/media\/5093"}],"wp:attachment":[{"href":"https:\/\/valesafety.com.pe\/index.php?rest_route=%2Fwp%2Fv2%2Fmedia&parent=5044"}],"wp:term":[{"taxonomy":"product_brand","embeddable":true,"href":"https:\/\/valesafety.com.pe\/index.php?rest_route=%2Fwp%2Fv2%2Fproduct_brand&post=5044"},{"taxonomy":"product_cat","embeddable":true,"href":"https:\/\/valesafety.com.pe\/index.php?rest_route=%2Fwp%2Fv2%2Fproduct_cat&post=5044"},{"taxonomy":"product_tag","embeddable":true,"href":"https:\/\/valesafety.com.pe\/index.php?rest_route=%2Fwp%2Fv2%2Fproduct_tag&post=5044"}],"curies":[{"name":"wp","href":"https:\/\/api.w.org\/{rel}","templated":true}]}}