{"id":5034,"date":"2026-04-23T22:45:54","date_gmt":"2026-04-23T20:45:54","guid":{"rendered":"http:\/\/localhost\/borrador\/?post_type=product&#038;p=5034"},"modified":"2026-05-06T17:44:27","modified_gmt":"2026-05-06T22:44:27","slug":"mameluco-dt-119-deltaplus","status":"publish","type":"product","link":"https:\/\/valesafety.com.pe\/?product=mameluco-dt-119-deltaplus","title":{"rendered":"Mameluco DT 119 Deltaplus"},"content":{"rendered":"<h2>Mameluco DT 119 Deltaplus<\/h2>\n<ul>\n<li data-start=\"1486\" data-end=\"1506\"><strong data-start=\"1486\" data-end=\"1497\">G\u00e9nero:<\/strong> Unisex<\/li>\n<li data-start=\"1509\" data-end=\"1542\"><strong data-start=\"1509\" data-end=\"1532\">Tallas disponibles:<\/strong> M a 2XL<\/li>\n<li data-start=\"1545\" data-end=\"1581\"><strong data-start=\"1545\" data-end=\"1557\">Colores:<\/strong> Blanco y Verde oscuro<\/li>\n<li data-start=\"1584\" data-end=\"1616\"><strong data-start=\"1584\" data-end=\"1606\">Peso del material:<\/strong> 63 g\/m\u00b2<\/li>\n<li data-start=\"1619\" data-end=\"1668\"><strong data-start=\"1619\" data-end=\"1641\">Capucha integrada:<\/strong> fija, con cierre estanco<\/li>\n<li data-start=\"1671\" data-end=\"1708\"><strong data-start=\"1671\" data-end=\"1692\">Mu\u00f1eca ajustable:<\/strong> con acanalado<\/li>\n<li data-start=\"1711\" data-end=\"1763\"><strong data-start=\"1711\" data-end=\"1725\">El\u00e1sticos:<\/strong> en tobillos, mu\u00f1eca, cintura y cara<\/li>\n<\/ul>\n<h3 data-start=\"593\" data-end=\"623\">Certificaciones y Normas<\/h3>\n<ul>\n<li data-start=\"626\" data-end=\"645\"><strong data-start=\"626\" data-end=\"643\">Categor\u00eda III<\/strong><\/li>\n<li data-start=\"648\" data-end=\"693\"><strong data-start=\"648\" data-end=\"661\">EN 1149-5<\/strong> \u2013 Propiedades electrost\u00e1ticas<\/li>\n<li data-start=\"696\" data-end=\"753\"><strong data-start=\"696\" data-end=\"715\">EN 14605 Tipo 4<\/strong> \u2013 Protecci\u00f3n contra pulverizaciones<\/li>\n<li data-start=\"756\" data-end=\"822\"><strong data-start=\"756\" data-end=\"781\">EN ISO 13982-1 Tipo 5<\/strong> \u2013 Protecci\u00f3n contra part\u00edculas s\u00f3lidas<\/li>\n<li data-start=\"825\" data-end=\"888\"><strong data-start=\"825\" data-end=\"844\">EN 13034 Tipo 6<\/strong> \u2013 Protecci\u00f3n contra salpicaduras qu\u00edmicas<\/li>\n<li data-start=\"891\" data-end=\"944\"><strong data-start=\"891\" data-end=\"903\">EN 14126<\/strong> \u2013 Protecci\u00f3n contra agentes biol\u00f3gicos<\/li>\n<\/ul>\n<p>Necesitas m\u00e1s productos encu\u00e9ntralos en nuestra <a href=\"https:\/\/valesafety.com.pe\/tienda\">tienda .<\/a><\/p>\n<p>Para m\u00e1s informaci\u00f3n sobre este y otros productos, no dudes en contactarnos por\u00a0<a href=\"http:\/\/wa.me\/977762682\" target=\"_blank\" rel=\"noopener\">WhatsApp<\/a>.<\/p>\n","protected":false},"excerpt":{"rendered":"<p data-start=\"308\" data-end=\"591\">Mameluco DT119 est\u00e1 dise\u00f1ado para brindar m\u00e1xima seguridad contra riesgos qu\u00edmicos, biol\u00f3gicos y part\u00edculas s\u00f3lidas. Fabricado en material impermeable y antiest\u00e1tico, ofrece un excelente ajuste, resistencia y comodidad en entornos de trabajo exigentes.<\/p>\n<h3 data-start=\"593\" data-end=\"623\"><\/h3>\n","protected":false},"featured_media":5092,"comment_status":"closed","ping_status":"closed","template":"","meta":{"_acf_changed":false},"product_brand":[27],"product_cat":[109,110,66,67],"product_tag":[231,529,530,531],"class_list":{"0":"post-5034","1":"product","2":"type-product","3":"status-publish","4":"has-post-thumbnail","6":"product_brand-deltaplus","7":"product_cat-mameluco","8":"product_cat-overol","9":"product_cat-ropa-de-seguridad","10":"product_cat-ropa-de-trabajo","11":"product_tag-deltaplus","12":"product_tag-distribuidor-deltaplus","13":"product_tag-overol-delta","14":"product_tag-overol-desechable","16":"first","17":"instock","18":"shipping-taxable","19":"purchasable","20":"product-type-simple"},"acf":[],"_links":{"self":[{"href":"https:\/\/valesafety.com.pe\/index.php?rest_route=\/wp\/v2\/product\/5034","targetHints":{"allow":["GET"]}}],"collection":[{"href":"https:\/\/valesafety.com.pe\/index.php?rest_route=\/wp\/v2\/product"}],"about":[{"href":"https:\/\/valesafety.com.pe\/index.php?rest_route=\/wp\/v2\/types\/product"}],"replies":[{"embeddable":true,"href":"https:\/\/valesafety.com.pe\/index.php?rest_route=%2Fwp%2Fv2%2Fcomments&post=5034"}],"wp:featuredmedia":[{"embeddable":true,"href":"https:\/\/valesafety.com.pe\/index.php?rest_route=\/wp\/v2\/media\/5092"}],"wp:attachment":[{"href":"https:\/\/valesafety.com.pe\/index.php?rest_route=%2Fwp%2Fv2%2Fmedia&parent=5034"}],"wp:term":[{"taxonomy":"product_brand","embeddable":true,"href":"https:\/\/valesafety.com.pe\/index.php?rest_route=%2Fwp%2Fv2%2Fproduct_brand&post=5034"},{"taxonomy":"product_cat","embeddable":true,"href":"https:\/\/valesafety.com.pe\/index.php?rest_route=%2Fwp%2Fv2%2Fproduct_cat&post=5034"},{"taxonomy":"product_tag","embeddable":true,"href":"https:\/\/valesafety.com.pe\/index.php?rest_route=%2Fwp%2Fv2%2Fproduct_tag&post=5034"}],"curies":[{"name":"wp","href":"https:\/\/api.w.org\/{rel}","templated":true}]}}