{"id":5033,"date":"2026-04-23T22:45:54","date_gmt":"2026-04-23T20:45:54","guid":{"rendered":"http:\/\/localhost\/borrador\/?post_type=product&#038;p=5033"},"modified":"2026-05-07T09:34:51","modified_gmt":"2026-05-07T14:34:51","slug":"orejera-interlagos-light-he-delta-plus","status":"publish","type":"product","link":"https:\/\/valesafety.com.pe\/?product=orejera-interlagos-light-he-delta-plus","title":{"rendered":"Orejera Interlagos Light HE DELTA PLUS"},"content":{"rendered":"<h2>Orejera Interlagos Light HE DELTA PLUS<\/h2>\n<ul>\n<li data-start=\"1255\" data-end=\"1298\"><strong data-start=\"1255\" data-end=\"1276\">Tipo de producto:<\/strong> orejeras para casco<\/li>\n<li data-start=\"1301\" data-end=\"1385\"><strong data-start=\"1301\" data-end=\"1316\">Materiales:<\/strong> soporte en ABS, almohadillas de PVC con espuma sint\u00e9tica y PU Foam<\/li>\n<li data-start=\"1388\" data-end=\"1405\"><strong data-start=\"1388\" data-end=\"1397\">Peso:<\/strong> 249 g<\/li>\n<li data-start=\"1408\" data-end=\"1441\"><strong data-start=\"1408\" data-end=\"1431\">Tallas disponibles:<\/strong> S, M, L<\/li>\n<li data-start=\"1444\" data-end=\"1501\"><strong data-start=\"1444\" data-end=\"1461\">Presentaci\u00f3n:<\/strong> 1 par por pack \/ 20 unidades por caja<\/li>\n<li data-start=\"1504\" data-end=\"1541\"><strong data-start=\"1504\" data-end=\"1526\">Ventaja adicional:<\/strong> libre de PVC<\/li>\n<\/ul>\n<h3 data-start=\"565\" data-end=\"595\">Certificaciones y Normas<\/h3>\n<ul>\n<li data-start=\"598\" data-end=\"612\"><strong data-start=\"598\" data-end=\"610\">EN 352-3<\/strong><\/li>\n<li data-start=\"615\" data-end=\"631\"><strong data-start=\"615\" data-end=\"629\">ANSI S3.19<\/strong><\/li>\n<li data-start=\"634\" data-end=\"674\"><strong data-start=\"634\" data-end=\"648\">SNR: 26 dB<\/strong> (H: 28 \u2013 M: 24 \u2013 L: 16)<\/li>\n<li data-start=\"677\" data-end=\"693\"><strong data-start=\"677\" data-end=\"691\">NRR: 24 dB<\/strong><\/li>\n<\/ul>\n<p>Necesitas m\u00e1s productos encu\u00e9ntralos en nuestra <a href=\"https:\/\/valesafety.com.pe\/tienda\">tienda .<\/a><\/p>\n<p>Para m\u00e1s informaci\u00f3n sobre este y otros productos, no dudes en contactarnos por\u00a0<a href=\"http:\/\/wa.me\/977762682\" target=\"_blank\" rel=\"noopener\">WhatsApp<\/a>.<\/p>\n","protected":false},"excerpt":{"rendered":"<p>Orejeras INTERLAGOS LIGHT HE son una soluci\u00f3n eficaz de protecci\u00f3n auditiva dise\u00f1adas para acoplarse f\u00e1cilmente a cascos de obra. Ofrecen un alto nivel de reducci\u00f3n de ruido, comodidad prolongada y compatibilidad con diferentes sectores industriales.<\/p>\n","protected":false},"featured_media":5091,"comment_status":"closed","ping_status":"closed","template":"","meta":{"_acf_changed":false},"product_brand":[27],"product_cat":[87,56],"product_tag":[340,188,527,528],"class_list":{"0":"post-5033","1":"product","2":"type-product","3":"status-publish","4":"has-post-thumbnail","6":"product_brand-deltaplus","7":"product_cat-externos-vinchas","8":"product_cat-proteccion-auditiva","9":"product_tag-delta-plus","10":"product_tag-distribuidor-delta-plus","11":"product_tag-orejera-adaptable","12":"product_tag-orejera-para-casco","14":"first","15":"instock","16":"shipping-taxable","17":"purchasable","18":"product-type-simple"},"acf":[],"_links":{"self":[{"href":"https:\/\/valesafety.com.pe\/index.php?rest_route=\/wp\/v2\/product\/5033","targetHints":{"allow":["GET"]}}],"collection":[{"href":"https:\/\/valesafety.com.pe\/index.php?rest_route=\/wp\/v2\/product"}],"about":[{"href":"https:\/\/valesafety.com.pe\/index.php?rest_route=\/wp\/v2\/types\/product"}],"replies":[{"embeddable":true,"href":"https:\/\/valesafety.com.pe\/index.php?rest_route=%2Fwp%2Fv2%2Fcomments&post=5033"}],"wp:featuredmedia":[{"embeddable":true,"href":"https:\/\/valesafety.com.pe\/index.php?rest_route=\/wp\/v2\/media\/5091"}],"wp:attachment":[{"href":"https:\/\/valesafety.com.pe\/index.php?rest_route=%2Fwp%2Fv2%2Fmedia&parent=5033"}],"wp:term":[{"taxonomy":"product_brand","embeddable":true,"href":"https:\/\/valesafety.com.pe\/index.php?rest_route=%2Fwp%2Fv2%2Fproduct_brand&post=5033"},{"taxonomy":"product_cat","embeddable":true,"href":"https:\/\/valesafety.com.pe\/index.php?rest_route=%2Fwp%2Fv2%2Fproduct_cat&post=5033"},{"taxonomy":"product_tag","embeddable":true,"href":"https:\/\/valesafety.com.pe\/index.php?rest_route=%2Fwp%2Fv2%2Fproduct_tag&post=5033"}],"curies":[{"name":"wp","href":"https:\/\/api.w.org\/{rel}","templated":true}]}}