{"id":5031,"date":"2026-04-23T22:45:53","date_gmt":"2026-04-23T20:45:53","guid":{"rendered":"http:\/\/localhost\/borrador\/?post_type=product&#038;p=5031"},"modified":"2026-05-06T16:59:23","modified_gmt":"2026-05-06T21:59:23","slug":"guante-ve713-delta-plus","status":"publish","type":"product","link":"https:\/\/valesafety.com.pe\/?product=guante-ve713-delta-plus","title":{"rendered":"Guante VE713 DELTA PLUS"},"content":{"rendered":"<h2>Guante VE713 DELTA PLUS<\/h2>\n<div class=\"view__zone\">\n<ul>\n<li class=\"view__zone_title\">Tipo de producto<\/li>\n<li class=\"view__zone_property\">Familia de guantes : Guantes de punto forrados<\/li>\n<li class=\"view__zone_property\">Concepci\u00f3n<\/li>\n<li class=\"view__zone_property\">Galga : 13<\/li>\n<li class=\"view__zone_property\">Material:<\/li>\n<\/ul>\n<\/div>\n<div class=\"view__zone\">\n<ul style=\"list-style-type: circle;\">\n<li>Material del revestimiento : Nitrilo<\/li>\n<li>Material del revestimiento : double-layer<\/li>\n<li>Fibra : Poliamida<\/li>\n<li>Nivel de recubrimiento : El pu\u00f1o est\u00e1 recubierto<\/li>\n<li>N\u00famero de revestimientos : Doble revestimiento<\/li>\n<\/ul>\n<ul>\n<li>Tama\u00f1os y colores<\/li>\n<li>Color : Negro<\/li>\n<li>Tallas : 7 &#8211; 8 &#8211; 9 &#8211; 10<\/li>\n<li>Embalaje: Disponible en bolsa individual<\/li>\n<\/ul>\n<p>Necesitas m\u00e1s productos encu\u00e9ntralos en nuestra <a href=\"https:\/\/valesafety.com.pe\/tienda\">tienda .<\/a><\/p>\n<p>Para m\u00e1s informaci\u00f3n sobre este y otros productos, no dudes en contactarnos por\u00a0<a href=\"http:\/\/wa.me\/977762682\" target=\"_blank\" rel=\"noopener\">WhatsApp<\/a>.<\/p>\n<\/div>\n","protected":false},"excerpt":{"rendered":"<p>Soporte : De punto &#8211; Poliamida | Impregnaci\u00f3n : Nitrilo de doble capa &#8211; El pu\u00f1o est\u00e1 recubierto | Galga : 13<\/p>\n","protected":false},"featured_media":5079,"comment_status":"closed","ping_status":"closed","template":"","meta":{"_acf_changed":false},"product_brand":[27],"product_cat":[92,59],"product_tag":[],"class_list":{"0":"post-5031","1":"product","2":"type-product","3":"status-publish","4":"has-post-thumbnail","6":"product_brand-deltaplus","7":"product_cat-guante-antideslizante","8":"product_cat-proteccion-de-las-manos","10":"first","11":"instock","12":"shipping-taxable","13":"purchasable","14":"product-type-simple"},"acf":[],"_links":{"self":[{"href":"https:\/\/valesafety.com.pe\/index.php?rest_route=\/wp\/v2\/product\/5031","targetHints":{"allow":["GET"]}}],"collection":[{"href":"https:\/\/valesafety.com.pe\/index.php?rest_route=\/wp\/v2\/product"}],"about":[{"href":"https:\/\/valesafety.com.pe\/index.php?rest_route=\/wp\/v2\/types\/product"}],"replies":[{"embeddable":true,"href":"https:\/\/valesafety.com.pe\/index.php?rest_route=%2Fwp%2Fv2%2Fcomments&post=5031"}],"wp:featuredmedia":[{"embeddable":true,"href":"https:\/\/valesafety.com.pe\/index.php?rest_route=\/wp\/v2\/media\/5079"}],"wp:attachment":[{"href":"https:\/\/valesafety.com.pe\/index.php?rest_route=%2Fwp%2Fv2%2Fmedia&parent=5031"}],"wp:term":[{"taxonomy":"product_brand","embeddable":true,"href":"https:\/\/valesafety.com.pe\/index.php?rest_route=%2Fwp%2Fv2%2Fproduct_brand&post=5031"},{"taxonomy":"product_cat","embeddable":true,"href":"https:\/\/valesafety.com.pe\/index.php?rest_route=%2Fwp%2Fv2%2Fproduct_cat&post=5031"},{"taxonomy":"product_tag","embeddable":true,"href":"https:\/\/valesafety.com.pe\/index.php?rest_route=%2Fwp%2Fv2%2Fproduct_tag&post=5031"}],"curies":[{"name":"wp","href":"https:\/\/api.w.org\/{rel}","templated":true}]}}